{"id":1207,"date":"2016-02-12T12:42:59","date_gmt":"2016-02-12T12:42:59","guid":{"rendered":"http:\/\/demos.famethemes.com\/onepress-plus\/?page_id=1207"},"modified":"2019-08-15T10:50:52","modified_gmt":"2019-08-15T08:50:52","slug":"bitbucket","status":"publish","type":"page","link":"https:\/\/www.coreit.cz\/atlassian\/bitbucket\/","title":{"rendered":"Bitbucket"},"content":{"rendered":"\n<div class=\"wp-block-image\"><figure class=\"aligncenter is-resized\"><img loading=\"lazy\" decoding=\"async\" src=\"https:\/\/www.coreit.cz\/atlassian\/wp-content\/uploads\/2019\/06\/Bitbucket-1024x147.png\" alt=\"Bitbucket\" class=\"wp-image-1751\" width=\"512\" height=\"74\" srcset=\"https:\/\/www.coreit.cz\/atlassian\/wp-content\/uploads\/2019\/06\/Bitbucket-1024x147.png 1024w, https:\/\/www.coreit.cz\/atlassian\/wp-content\/uploads\/2019\/06\/Bitbucket-300x43.png 300w, https:\/\/www.coreit.cz\/atlassian\/wp-content\/uploads\/2019\/06\/Bitbucket-768x110.png 768w, https:\/\/www.coreit.cz\/atlassian\/wp-content\/uploads\/2019\/06\/Bitbucket.png 1322w\" sizes=\"auto, (max-width: 512px) 100vw, 512px\" \/><\/figure><\/div>\n\n\n\n<div style=\"height:50px\" aria-hidden=\"true\" class=\"wp-block-spacer\"><\/div>\n\n\n\n<p style=\"text-align:center\"><strong>Bitbucket (d\u0159\u00edve tak\u00e9 zn\u00e1m\u00fd jako Stash) p\u0159in\u00e1\u0161\u00ed v\u00fdvoj\u00e1\u0159sk\u00fdm t\u00fdm\u016fm s\u00edlu Gitu, a nav\u00edc p\u0159id\u00e1v\u00e1 vlastnosti pro kontrolu a spr\u00e1vu.<\/strong><\/p>\n\n\n\n<p>Jde o \u0159e\u0161en\u00ed s vestav\u011bn\u00fdm firewallem, kter\u00e9 je bezpe\u010dn\u00e9, rychl\u00e9 a samoz\u0159ejm\u011b integrovateln\u00e9 s Jira [prolinkovat na str\u00e1nku s Jira]. Bitbucket tak\u00e9 vyu\u017eijete v p\u0159\u00edpad\u011b pot\u0159eby \u0161k\u00e1lov\u00e1n\u00ed a dostupnosti Git repozit\u00e1\u0159\u016f. S pomoc\u00ed Data Center varianty produktu lze nav\u00edc p\u0159id\u00e1vat dal\u0161\u00ed uzly (nodes) bez p\u0159eru\u0161en\u00ed provozu aplikace, tedy bez naru\u0161en\u00ed produktivity v\u00fdvoje. Dal\u0161\u00ed vychyt\u00e1vkou je mo\u017enost automaticky m\u011bnit stavy po\u017eadavk\u016f v Jira pomoc\u00ed \u201echytr\u00fdch\u201c commit\u016f.<\/p>\n\n\n\n<p><strong>KL\u00cd\u010cOV\u00c9 VLASTNOSTI<\/strong><\/p>\n\n\n\n<ul class=\"wp-block-list\"><li><strong>P\u0159\u00edm\u00e1 spr\u00e1va u\u017eivatel\u016f.<\/strong> Admini mohou spravovat u\u017eivatele a skupiny pou\u017eit\u00edm LDAPu (nap\u0159. Active Directory nebo OpenLDAP) nebo napojen\u00edm na spr\u00e1vu u\u017eivatel\u016f v Jira [prolinkovat na str\u00e1nku s Jira].<\/li><li><strong>Sledov\u00e1n\u00ed zm\u011bn k\u00f3du.<\/strong> V p\u0159\u00edpad\u011b, \u017ee je Bitbucket integrov\u00e1n s Jira, nab\u00edz\u00ed podrobn\u00e9 sledov\u00e1n\u00ed \u00fakol\u016f vzta\u017een\u00fdch ke zdrojov\u00e9mu k\u00f3du.<\/li><li><strong>Integrace code reviews do va\u0161eho v\u00fdvojov\u00e9ho procesu.<\/strong> V\u00fdvoj\u00e1\u0159sk\u00e9 t\u00fdmy mohou pomoc\u00ed pull request\u016f u\u010dinit revizi k\u00f3du, okomentovat ji a ud\u011blat zm\u011bny p\u0159ed t\u00edm, ne\u017e je jak\u00fdkoli k\u00f3d zmergeov\u00e1n.<\/li><li><strong>Enterprise \u0159e\u0161en\u00ed.<\/strong> Bitbucket byl navr\u017een tak, aby enterprise u\u017eivatel\u016fm poskytl kontrolu nad pot\u0159ebou vysok\u00e9ho v\u00fdkonu a spolehlivosti, a tonejen s pomoc\u00ed Data Center edice.<\/li><\/ul>\n\n\n\n<p>V\u00edce o Bitbucketu se tak\u00e9 dozv\u00edte na ofici\u00e1ln\u00edm webu spole\u010dnosti <a href=\"https:\/\/www.atlassian.com\/software\/bitbucket\" target=\"_blank\" rel=\"noreferrer noopener\" aria-label=\"Atlassian (otev\u0159e se na nov\u00e9 z\u00e1lo\u017ece)\">Atlassian<\/a>.<\/p>\n\n\n\n<hr class=\"wp-block-separator is-style-wide\"\/>\n\n\n\n<p style=\"text-align:center\"><em>Pokud p\u0159em\u00fd\u0161l\u00edte nad t\u00edm, \u017ee Bitbucket je to prav\u00e9 o\u0159echov\u00e9 pro V\u00e1s a Va\u0161i spole\u010dnost, ale cht\u011bli byste toho v\u011bd\u011bt je\u0161t\u011b v\u00edc, <\/em><a href=\"https:\/\/www.coreit.cz\/atlassian\/#kontakt\"><em>napi\u0161te n\u00e1m<\/em><\/a><em> a my V\u00e1s zahrneme v\u0161emi dostupn\u00fdmi informacemi.<\/em><\/p>\n","protected":false},"excerpt":{"rendered":"<p>P\u0159in\u00e1\u0161\u00ed v\u00fdvoj\u00e1\u0159sk\u00fdm t\u00fdm\u016fm s\u00edlu Gitu a nav\u00edc p\u0159id\u00e1v\u00e1 vlastnosti pro kontrolu a spr\u00e1vu.<\/p>\n","protected":false},"author":1,"featured_media":0,"parent":0,"menu_order":0,"comment_status":"closed","ping_status":"closed","template":"","meta":{"footnotes":""},"class_list":["post-1207","page","type-page","status-publish","hentry"],"yoast_head":"<!-- This site is optimized with the Yoast SEO plugin v27.1.1 - https:\/\/yoast.com\/product\/yoast-seo-wordpress\/ -->\n<title>Bitbucket - CoreIT- Atlassian Partner<\/title>\n<meta name=\"description\" content=\"Bitbucket (d\u0159\u00edve tak\u00e9 zn\u00e1m\u00fd jako Stash) p\u0159in\u00e1\u0161\u00ed v\u00fdvoj\u00e1\u0159sk\u00fdm t\u00fdm\u016fm s\u00edlu Gitu a nav\u00edc p\u0159id\u00e1v\u00e1 vlastnosti pro kontrolu a spr\u00e1vu.\" \/>\n<meta name=\"robots\" content=\"index, follow, max-snippet:-1, max-image-preview:large, max-video-preview:-1\" \/>\n<link rel=\"canonical\" href=\"https:\/\/www.coreit.cz\/atlassian\/bitbucket\/\" \/>\n<meta property=\"og:locale\" content=\"en_US\" \/>\n<meta property=\"og:type\" content=\"article\" \/>\n<meta property=\"og:title\" content=\"Bitbucket - CoreIT- Atlassian Partner\" \/>\n<meta property=\"og:description\" content=\"Bitbucket (d\u0159\u00edve tak\u00e9 zn\u00e1m\u00fd jako Stash) p\u0159in\u00e1\u0161\u00ed v\u00fdvoj\u00e1\u0159sk\u00fdm t\u00fdm\u016fm s\u00edlu Gitu a nav\u00edc p\u0159id\u00e1v\u00e1 vlastnosti pro kontrolu a spr\u00e1vu.\" \/>\n<meta property=\"og:url\" content=\"https:\/\/www.coreit.cz\/atlassian\/bitbucket\/\" \/>\n<meta property=\"og:site_name\" content=\"CoreIT- Atlassian Partner\" \/>\n<meta property=\"article:publisher\" content=\"https:\/\/www.facebook.com\/coreitcz\" \/>\n<meta property=\"article:modified_time\" content=\"2019-08-15T08:50:52+00:00\" \/>\n<meta property=\"og:image\" content=\"https:\/\/www.coreit.cz\/atlassian\/wp-content\/uploads\/2019\/06\/Bitbucket-1024x147.png\" \/>\n<meta name=\"twitter:card\" content=\"summary_large_image\" \/>\n<meta name=\"twitter:site\" content=\"@CoreITcz\" \/>\n<meta name=\"twitter:label1\" content=\"Est. reading time\" \/>\n\t<meta name=\"twitter:data1\" content=\"2 minutes\" \/>\n<script type=\"application\/ld+json\" class=\"yoast-schema-graph\">{\"@context\":\"https:\/\/schema.org\",\"@graph\":[{\"@type\":\"WebPage\",\"@id\":\"https:\/\/www.coreit.cz\/atlassian\/bitbucket\/\",\"url\":\"https:\/\/www.coreit.cz\/atlassian\/bitbucket\/\",\"name\":\"Bitbucket - CoreIT- Atlassian Partner\",\"isPartOf\":{\"@id\":\"https:\/\/www.coreit.cz\/atlassian\/#website\"},\"primaryImageOfPage\":{\"@id\":\"https:\/\/www.coreit.cz\/atlassian\/bitbucket\/#primaryimage\"},\"image\":{\"@id\":\"https:\/\/www.coreit.cz\/atlassian\/bitbucket\/#primaryimage\"},\"thumbnailUrl\":\"https:\/\/www.coreit.cz\/atlassian\/wp-content\/uploads\/2019\/06\/Bitbucket-1024x147.png\",\"datePublished\":\"2016-02-12T12:42:59+00:00\",\"dateModified\":\"2019-08-15T08:50:52+00:00\",\"description\":\"Bitbucket (d\u0159\u00edve tak\u00e9 zn\u00e1m\u00fd jako Stash) p\u0159in\u00e1\u0161\u00ed v\u00fdvoj\u00e1\u0159sk\u00fdm t\u00fdm\u016fm s\u00edlu Gitu a nav\u00edc p\u0159id\u00e1v\u00e1 vlastnosti pro kontrolu a spr\u00e1vu.\",\"breadcrumb\":{\"@id\":\"https:\/\/www.coreit.cz\/atlassian\/bitbucket\/#breadcrumb\"},\"inLanguage\":\"en-US\",\"potentialAction\":[{\"@type\":\"ReadAction\",\"target\":[\"https:\/\/www.coreit.cz\/atlassian\/bitbucket\/\"]}]},{\"@type\":\"ImageObject\",\"inLanguage\":\"en-US\",\"@id\":\"https:\/\/www.coreit.cz\/atlassian\/bitbucket\/#primaryimage\",\"url\":\"https:\/\/www.coreit.cz\/atlassian\/wp-content\/uploads\/2019\/06\/Bitbucket.png\",\"contentUrl\":\"https:\/\/www.coreit.cz\/atlassian\/wp-content\/uploads\/2019\/06\/Bitbucket.png\",\"width\":1322,\"height\":190},{\"@type\":\"BreadcrumbList\",\"@id\":\"https:\/\/www.coreit.cz\/atlassian\/bitbucket\/#breadcrumb\",\"itemListElement\":[{\"@type\":\"ListItem\",\"position\":1,\"name\":\"Dom\u016f\",\"item\":\"https:\/\/www.coreit.cz\/atlassian\/\"},{\"@type\":\"ListItem\",\"position\":2,\"name\":\"Bitbucket\"}]},{\"@type\":\"WebSite\",\"@id\":\"https:\/\/www.coreit.cz\/atlassian\/#website\",\"url\":\"https:\/\/www.coreit.cz\/atlassian\/\",\"name\":\"CoreIT Atlassian\",\"description\":\"\",\"publisher\":{\"@id\":\"https:\/\/www.coreit.cz\/atlassian\/#organization\"},\"potentialAction\":[{\"@type\":\"SearchAction\",\"target\":{\"@type\":\"EntryPoint\",\"urlTemplate\":\"https:\/\/www.coreit.cz\/atlassian\/?s={search_term_string}\"},\"query-input\":{\"@type\":\"PropertyValueSpecification\",\"valueRequired\":true,\"valueName\":\"search_term_string\"}}],\"inLanguage\":\"en-US\"},{\"@type\":\"Organization\",\"@id\":\"https:\/\/www.coreit.cz\/atlassian\/#organization\",\"name\":\"CoreIT s.r.o.\",\"url\":\"https:\/\/www.coreit.cz\/atlassian\/\",\"logo\":{\"@type\":\"ImageObject\",\"inLanguage\":\"en-US\",\"@id\":\"https:\/\/www.coreit.cz\/atlassian\/#\/schema\/logo\/image\/\",\"url\":\"https:\/\/www.coreit.cz\/atlassian\/wp-content\/uploads\/2019\/06\/CoreIT_core.png\",\"contentUrl\":\"https:\/\/www.coreit.cz\/atlassian\/wp-content\/uploads\/2019\/06\/CoreIT_core.png\",\"width\":1500,\"height\":1500,\"caption\":\"CoreIT s.r.o.\"},\"image\":{\"@id\":\"https:\/\/www.coreit.cz\/atlassian\/#\/schema\/logo\/image\/\"},\"sameAs\":[\"https:\/\/www.facebook.com\/coreitcz\",\"https:\/\/x.com\/CoreITcz\",\"https:\/\/www.instagram.com\/coreit.cz\/\",\"https:\/\/www.linkedin.com\/company\/coreitcz\/\"]}]}<\/script>\n<!-- \/ Yoast SEO plugin. -->","yoast_head_json":{"title":"Bitbucket - CoreIT- Atlassian Partner","description":"Bitbucket (d\u0159\u00edve tak\u00e9 zn\u00e1m\u00fd jako Stash) p\u0159in\u00e1\u0161\u00ed v\u00fdvoj\u00e1\u0159sk\u00fdm t\u00fdm\u016fm s\u00edlu Gitu a nav\u00edc p\u0159id\u00e1v\u00e1 vlastnosti pro kontrolu a spr\u00e1vu.","robots":{"index":"index","follow":"follow","max-snippet":"max-snippet:-1","max-image-preview":"max-image-preview:large","max-video-preview":"max-video-preview:-1"},"canonical":"https:\/\/www.coreit.cz\/atlassian\/bitbucket\/","og_locale":"en_US","og_type":"article","og_title":"Bitbucket - CoreIT- Atlassian Partner","og_description":"Bitbucket (d\u0159\u00edve tak\u00e9 zn\u00e1m\u00fd jako Stash) p\u0159in\u00e1\u0161\u00ed v\u00fdvoj\u00e1\u0159sk\u00fdm t\u00fdm\u016fm s\u00edlu Gitu a nav\u00edc p\u0159id\u00e1v\u00e1 vlastnosti pro kontrolu a spr\u00e1vu.","og_url":"https:\/\/www.coreit.cz\/atlassian\/bitbucket\/","og_site_name":"CoreIT- Atlassian Partner","article_publisher":"https:\/\/www.facebook.com\/coreitcz","article_modified_time":"2019-08-15T08:50:52+00:00","og_image":[{"url":"https:\/\/www.coreit.cz\/atlassian\/wp-content\/uploads\/2019\/06\/Bitbucket-1024x147.png","type":"","width":"","height":""}],"twitter_card":"summary_large_image","twitter_site":"@CoreITcz","twitter_misc":{"Est. reading time":"2 minutes"},"schema":{"@context":"https:\/\/schema.org","@graph":[{"@type":"WebPage","@id":"https:\/\/www.coreit.cz\/atlassian\/bitbucket\/","url":"https:\/\/www.coreit.cz\/atlassian\/bitbucket\/","name":"Bitbucket - CoreIT- Atlassian Partner","isPartOf":{"@id":"https:\/\/www.coreit.cz\/atlassian\/#website"},"primaryImageOfPage":{"@id":"https:\/\/www.coreit.cz\/atlassian\/bitbucket\/#primaryimage"},"image":{"@id":"https:\/\/www.coreit.cz\/atlassian\/bitbucket\/#primaryimage"},"thumbnailUrl":"https:\/\/www.coreit.cz\/atlassian\/wp-content\/uploads\/2019\/06\/Bitbucket-1024x147.png","datePublished":"2016-02-12T12:42:59+00:00","dateModified":"2019-08-15T08:50:52+00:00","description":"Bitbucket (d\u0159\u00edve tak\u00e9 zn\u00e1m\u00fd jako Stash) p\u0159in\u00e1\u0161\u00ed v\u00fdvoj\u00e1\u0159sk\u00fdm t\u00fdm\u016fm s\u00edlu Gitu a nav\u00edc p\u0159id\u00e1v\u00e1 vlastnosti pro kontrolu a spr\u00e1vu.","breadcrumb":{"@id":"https:\/\/www.coreit.cz\/atlassian\/bitbucket\/#breadcrumb"},"inLanguage":"en-US","potentialAction":[{"@type":"ReadAction","target":["https:\/\/www.coreit.cz\/atlassian\/bitbucket\/"]}]},{"@type":"ImageObject","inLanguage":"en-US","@id":"https:\/\/www.coreit.cz\/atlassian\/bitbucket\/#primaryimage","url":"https:\/\/www.coreit.cz\/atlassian\/wp-content\/uploads\/2019\/06\/Bitbucket.png","contentUrl":"https:\/\/www.coreit.cz\/atlassian\/wp-content\/uploads\/2019\/06\/Bitbucket.png","width":1322,"height":190},{"@type":"BreadcrumbList","@id":"https:\/\/www.coreit.cz\/atlassian\/bitbucket\/#breadcrumb","itemListElement":[{"@type":"ListItem","position":1,"name":"Dom\u016f","item":"https:\/\/www.coreit.cz\/atlassian\/"},{"@type":"ListItem","position":2,"name":"Bitbucket"}]},{"@type":"WebSite","@id":"https:\/\/www.coreit.cz\/atlassian\/#website","url":"https:\/\/www.coreit.cz\/atlassian\/","name":"CoreIT Atlassian","description":"","publisher":{"@id":"https:\/\/www.coreit.cz\/atlassian\/#organization"},"potentialAction":[{"@type":"SearchAction","target":{"@type":"EntryPoint","urlTemplate":"https:\/\/www.coreit.cz\/atlassian\/?s={search_term_string}"},"query-input":{"@type":"PropertyValueSpecification","valueRequired":true,"valueName":"search_term_string"}}],"inLanguage":"en-US"},{"@type":"Organization","@id":"https:\/\/www.coreit.cz\/atlassian\/#organization","name":"CoreIT s.r.o.","url":"https:\/\/www.coreit.cz\/atlassian\/","logo":{"@type":"ImageObject","inLanguage":"en-US","@id":"https:\/\/www.coreit.cz\/atlassian\/#\/schema\/logo\/image\/","url":"https:\/\/www.coreit.cz\/atlassian\/wp-content\/uploads\/2019\/06\/CoreIT_core.png","contentUrl":"https:\/\/www.coreit.cz\/atlassian\/wp-content\/uploads\/2019\/06\/CoreIT_core.png","width":1500,"height":1500,"caption":"CoreIT s.r.o."},"image":{"@id":"https:\/\/www.coreit.cz\/atlassian\/#\/schema\/logo\/image\/"},"sameAs":["https:\/\/www.facebook.com\/coreitcz","https:\/\/x.com\/CoreITcz","https:\/\/www.instagram.com\/coreit.cz\/","https:\/\/www.linkedin.com\/company\/coreitcz\/"]}]}},"_links":{"self":[{"href":"https:\/\/www.coreit.cz\/atlassian\/wp-json\/wp\/v2\/pages\/1207","targetHints":{"allow":["GET"]}}],"collection":[{"href":"https:\/\/www.coreit.cz\/atlassian\/wp-json\/wp\/v2\/pages"}],"about":[{"href":"https:\/\/www.coreit.cz\/atlassian\/wp-json\/wp\/v2\/types\/page"}],"author":[{"embeddable":true,"href":"https:\/\/www.coreit.cz\/atlassian\/wp-json\/wp\/v2\/users\/1"}],"replies":[{"embeddable":true,"href":"https:\/\/www.coreit.cz\/atlassian\/wp-json\/wp\/v2\/comments?post=1207"}],"version-history":[{"count":0,"href":"https:\/\/www.coreit.cz\/atlassian\/wp-json\/wp\/v2\/pages\/1207\/revisions"}],"wp:attachment":[{"href":"https:\/\/www.coreit.cz\/atlassian\/wp-json\/wp\/v2\/media?parent=1207"}],"curies":[{"name":"wp","href":"https:\/\/api.w.org\/{rel}","templated":true}]}}