{"id":1600,"date":"2019-06-18T16:11:23","date_gmt":"2019-06-18T14:11:23","guid":{"rendered":"https:\/\/www.coreit.cz\/atlassian\/?page_id=1600"},"modified":"2020-03-26T11:14:41","modified_gmt":"2020-03-26T10:14:41","slug":"fisheye-a-crucible","status":"publish","type":"page","link":"https:\/\/www.coreit.cz\/atlassian\/fisheye-a-crucible\/","title":{"rendered":"Fisheye &#038; Crucible"},"content":{"rendered":"\n<p class=\"has-text-align-center\"><strong>Pro p\u0159\u00edpad, \u017ee nevyu\u017e\u00edv\u00e1te jen jeden SCM syst\u00e9m, je \u0159e\u0161en\u00edm pr\u00e1v\u011b Fisheye a Crucible.<\/strong><\/p>\n\n\n\n<div style=\"height:50px\" aria-hidden=\"true\" class=\"wp-block-spacer\"><\/div>\n\n\n\n<div class=\"wp-block-image\"><figure class=\"aligncenter is-resized\"><img loading=\"lazy\" decoding=\"async\" src=\"https:\/\/www.coreit.cz\/atlassian\/wp-content\/uploads\/2019\/06\/Fisheye-1024x219.png\" alt=\"Fisheye a Crucible\" class=\"wp-image-1755\" width=\"512\" height=\"110\" srcset=\"https:\/\/www.coreit.cz\/atlassian\/wp-content\/uploads\/2019\/06\/Fisheye-1024x219.png 1024w, https:\/\/www.coreit.cz\/atlassian\/wp-content\/uploads\/2019\/06\/Fisheye-300x64.png 300w, https:\/\/www.coreit.cz\/atlassian\/wp-content\/uploads\/2019\/06\/Fisheye-768x165.png 768w, https:\/\/www.coreit.cz\/atlassian\/wp-content\/uploads\/2019\/06\/Fisheye.png 1120w\" sizes=\"auto, (max-width: 512px) 100vw, 512px\" \/><\/figure><\/div>\n\n\n\n<p class=\"has-text-align-left\">Prvn\u00ed z nich je m\u00edstem pro vizualizaci a hled\u00e1n\u00ed v commitech pro Git, SVN, Mercurial, CSV a Perforce. Umo\u017e\u0148uje rozd\u00edlov\u00e9 porovn\u00e1v\u00e1n\u00ed commit\u016f, grafick\u00e9 vizualizace a sestavy pro audity. A zejm\u00e9na vyhled\u00e1v\u00e1n\u00ed dle mnoha atribut\u016f jako obsah, commit zpr\u00e1vy, autora, textu nebo historick\u00fdch zm\u011bn, ale i n\u00e1zvu dan\u00fdch soubor\u016f. Druh\u00fd n\u00e1stroj slou\u017e\u00ed pro code reviews, diskuze nad k\u00f3dem a reportingem.<\/p>\n\n\n\n<div style=\"height:50px\" aria-hidden=\"true\" class=\"wp-block-spacer\"><\/div>\n\n\n\n<div class=\"wp-block-image\"><figure class=\"aligncenter is-resized\"><img loading=\"lazy\" decoding=\"async\" src=\"https:\/\/www.coreit.cz\/atlassian\/wp-content\/uploads\/2019\/06\/Crucible-1024x172.png\" alt=\"Fisheye a Crucible\" class=\"wp-image-1754\" width=\"512\" height=\"86\" srcset=\"https:\/\/www.coreit.cz\/atlassian\/wp-content\/uploads\/2019\/06\/Crucible-1024x172.png 1024w, https:\/\/www.coreit.cz\/atlassian\/wp-content\/uploads\/2019\/06\/Crucible-300x50.png 300w, https:\/\/www.coreit.cz\/atlassian\/wp-content\/uploads\/2019\/06\/Crucible-768x129.png 768w, https:\/\/www.coreit.cz\/atlassian\/wp-content\/uploads\/2019\/06\/Crucible.png 1156w\" sizes=\"auto, (max-width: 512px) 100vw, 512px\" \/><\/figure><\/div>\n\n\n\n<div style=\"height:50px\" aria-hidden=\"true\" class=\"wp-block-spacer\"><\/div>\n\n\n\n<p>V\u00edce o t\u011bchto n\u00e1stroj\u00edch se tak\u00e9 dozv\u00edte na ofici\u00e1ln\u00edm webu spole\u010dnosti&nbsp;<a href=\"https:\/\/www.atlassian.com\/software\" target=\"_blank\" rel=\"noreferrer noopener\" aria-label=\"Atlassian (otev\u0159e se na nov\u00e9 z\u00e1lo\u017ece)\">Atlassian<\/a>.<\/p>\n\n\n\n<hr class=\"wp-block-separator is-style-wide\"\/>\n\n\n\n<p class=\"has-text-align-center\"><em>Pokud p\u0159em\u00fd\u0161l\u00edte nad t\u00edm, \u017ee Fisheye a Crucible jsou to prav\u00e9 o\u0159echov\u00e9 pro V\u00e1s a Va\u0161i spole\u010dnost, ale cht\u011bli byste toho v\u011bd\u011bt je\u0161t\u011b v\u00edc, <\/em><a href=\"https:\/\/www.coreit.cz\/atlassian\/#kontakt\"><em>napi\u0161te n\u00e1m<\/em><\/a><em> a my V\u00e1s zahrneme v\u0161emi dostupn\u00fdmi informacemi.<\/em><\/p>\n","protected":false},"excerpt":{"rendered":"<p>Pro p\u0159\u00edpad, \u017ee vyu\u017e\u00edv\u00e1te v\u00edce ne\u017e jeden SCM syst\u00e9m, je pro V\u00e1s \u0159e\u0161en\u00edm pr\u00e1v\u011b tato dvojice.<\/p>\n","protected":false},"author":1,"featured_media":0,"parent":0,"menu_order":0,"comment_status":"closed","ping_status":"closed","template":"","meta":{"footnotes":""},"class_list":["post-1600","page","type-page","status-publish","hentry"],"yoast_head":"<!-- This site is optimized with the Yoast SEO plugin v27.1.1 - https:\/\/yoast.com\/product\/yoast-seo-wordpress\/ -->\n<title>Fisheye &amp; Crucible - CoreIT- Atlassian Partner<\/title>\n<meta name=\"description\" content=\"Pro p\u0159\u00edpad, \u017ee nevyu\u017e\u00edv\u00e1te pouze jeden SCM syst\u00e9m, je \u0159e\u0161en\u00edm pr\u00e1v\u011b Fisheye a Crucible. Koukn\u011bte na n\u00e1\u0161 web a dozv\u00edte se v\u00edc informac\u00ed o t\u011bchto n\u00e1stroj\u00edch.\" \/>\n<meta name=\"robots\" content=\"index, follow, max-snippet:-1, max-image-preview:large, max-video-preview:-1\" \/>\n<link rel=\"canonical\" href=\"https:\/\/www.coreit.cz\/atlassian\/fisheye-a-crucible\/\" \/>\n<meta property=\"og:locale\" content=\"en_US\" \/>\n<meta property=\"og:type\" content=\"article\" \/>\n<meta property=\"og:title\" content=\"Fisheye &amp; Crucible - CoreIT- Atlassian Partner\" \/>\n<meta property=\"og:description\" content=\"Pro p\u0159\u00edpad, \u017ee nevyu\u017e\u00edv\u00e1te pouze jeden SCM syst\u00e9m, je \u0159e\u0161en\u00edm pr\u00e1v\u011b Fisheye a Crucible. Koukn\u011bte na n\u00e1\u0161 web a dozv\u00edte se v\u00edc informac\u00ed o t\u011bchto n\u00e1stroj\u00edch.\" \/>\n<meta property=\"og:url\" content=\"https:\/\/www.coreit.cz\/atlassian\/fisheye-a-crucible\/\" \/>\n<meta property=\"og:site_name\" content=\"CoreIT- Atlassian Partner\" \/>\n<meta property=\"article:publisher\" content=\"https:\/\/www.facebook.com\/coreitcz\" \/>\n<meta property=\"article:modified_time\" content=\"2020-03-26T10:14:41+00:00\" \/>\n<meta property=\"og:image\" content=\"https:\/\/www.coreit.cz\/atlassian\/wp-content\/uploads\/2019\/06\/Fisheye-1024x219.png\" \/>\n<meta name=\"twitter:card\" content=\"summary_large_image\" \/>\n<meta name=\"twitter:site\" content=\"@CoreITcz\" \/>\n<meta name=\"twitter:label1\" content=\"Est. reading time\" \/>\n\t<meta name=\"twitter:data1\" content=\"1 minute\" \/>\n<script type=\"application\/ld+json\" class=\"yoast-schema-graph\">{\"@context\":\"https:\/\/schema.org\",\"@graph\":[{\"@type\":\"WebPage\",\"@id\":\"https:\/\/www.coreit.cz\/atlassian\/fisheye-a-crucible\/\",\"url\":\"https:\/\/www.coreit.cz\/atlassian\/fisheye-a-crucible\/\",\"name\":\"Fisheye & Crucible - CoreIT- Atlassian Partner\",\"isPartOf\":{\"@id\":\"https:\/\/www.coreit.cz\/atlassian\/#website\"},\"primaryImageOfPage\":{\"@id\":\"https:\/\/www.coreit.cz\/atlassian\/fisheye-a-crucible\/#primaryimage\"},\"image\":{\"@id\":\"https:\/\/www.coreit.cz\/atlassian\/fisheye-a-crucible\/#primaryimage\"},\"thumbnailUrl\":\"https:\/\/www.coreit.cz\/atlassian\/wp-content\/uploads\/2019\/06\/Fisheye-1024x219.png\",\"datePublished\":\"2019-06-18T14:11:23+00:00\",\"dateModified\":\"2020-03-26T10:14:41+00:00\",\"description\":\"Pro p\u0159\u00edpad, \u017ee nevyu\u017e\u00edv\u00e1te pouze jeden SCM syst\u00e9m, je \u0159e\u0161en\u00edm pr\u00e1v\u011b Fisheye a Crucible. Koukn\u011bte na n\u00e1\u0161 web a dozv\u00edte se v\u00edc informac\u00ed o t\u011bchto n\u00e1stroj\u00edch.\",\"breadcrumb\":{\"@id\":\"https:\/\/www.coreit.cz\/atlassian\/fisheye-a-crucible\/#breadcrumb\"},\"inLanguage\":\"en-US\",\"potentialAction\":[{\"@type\":\"ReadAction\",\"target\":[\"https:\/\/www.coreit.cz\/atlassian\/fisheye-a-crucible\/\"]}]},{\"@type\":\"ImageObject\",\"inLanguage\":\"en-US\",\"@id\":\"https:\/\/www.coreit.cz\/atlassian\/fisheye-a-crucible\/#primaryimage\",\"url\":\"https:\/\/www.coreit.cz\/atlassian\/wp-content\/uploads\/2019\/06\/Fisheye.png\",\"contentUrl\":\"https:\/\/www.coreit.cz\/atlassian\/wp-content\/uploads\/2019\/06\/Fisheye.png\",\"width\":1120,\"height\":240},{\"@type\":\"BreadcrumbList\",\"@id\":\"https:\/\/www.coreit.cz\/atlassian\/fisheye-a-crucible\/#breadcrumb\",\"itemListElement\":[{\"@type\":\"ListItem\",\"position\":1,\"name\":\"Dom\u016f\",\"item\":\"https:\/\/www.coreit.cz\/atlassian\/\"},{\"@type\":\"ListItem\",\"position\":2,\"name\":\"Fisheye &#038; Crucible\"}]},{\"@type\":\"WebSite\",\"@id\":\"https:\/\/www.coreit.cz\/atlassian\/#website\",\"url\":\"https:\/\/www.coreit.cz\/atlassian\/\",\"name\":\"CoreIT Atlassian\",\"description\":\"\",\"publisher\":{\"@id\":\"https:\/\/www.coreit.cz\/atlassian\/#organization\"},\"potentialAction\":[{\"@type\":\"SearchAction\",\"target\":{\"@type\":\"EntryPoint\",\"urlTemplate\":\"https:\/\/www.coreit.cz\/atlassian\/?s={search_term_string}\"},\"query-input\":{\"@type\":\"PropertyValueSpecification\",\"valueRequired\":true,\"valueName\":\"search_term_string\"}}],\"inLanguage\":\"en-US\"},{\"@type\":\"Organization\",\"@id\":\"https:\/\/www.coreit.cz\/atlassian\/#organization\",\"name\":\"CoreIT s.r.o.\",\"url\":\"https:\/\/www.coreit.cz\/atlassian\/\",\"logo\":{\"@type\":\"ImageObject\",\"inLanguage\":\"en-US\",\"@id\":\"https:\/\/www.coreit.cz\/atlassian\/#\/schema\/logo\/image\/\",\"url\":\"https:\/\/www.coreit.cz\/atlassian\/wp-content\/uploads\/2019\/06\/CoreIT_core.png\",\"contentUrl\":\"https:\/\/www.coreit.cz\/atlassian\/wp-content\/uploads\/2019\/06\/CoreIT_core.png\",\"width\":1500,\"height\":1500,\"caption\":\"CoreIT s.r.o.\"},\"image\":{\"@id\":\"https:\/\/www.coreit.cz\/atlassian\/#\/schema\/logo\/image\/\"},\"sameAs\":[\"https:\/\/www.facebook.com\/coreitcz\",\"https:\/\/x.com\/CoreITcz\",\"https:\/\/www.instagram.com\/coreit.cz\/\",\"https:\/\/www.linkedin.com\/company\/coreitcz\/\"]}]}<\/script>\n<!-- \/ Yoast SEO plugin. -->","yoast_head_json":{"title":"Fisheye & Crucible - CoreIT- Atlassian Partner","description":"Pro p\u0159\u00edpad, \u017ee nevyu\u017e\u00edv\u00e1te pouze jeden SCM syst\u00e9m, je \u0159e\u0161en\u00edm pr\u00e1v\u011b Fisheye a Crucible. Koukn\u011bte na n\u00e1\u0161 web a dozv\u00edte se v\u00edc informac\u00ed o t\u011bchto n\u00e1stroj\u00edch.","robots":{"index":"index","follow":"follow","max-snippet":"max-snippet:-1","max-image-preview":"max-image-preview:large","max-video-preview":"max-video-preview:-1"},"canonical":"https:\/\/www.coreit.cz\/atlassian\/fisheye-a-crucible\/","og_locale":"en_US","og_type":"article","og_title":"Fisheye & Crucible - CoreIT- Atlassian Partner","og_description":"Pro p\u0159\u00edpad, \u017ee nevyu\u017e\u00edv\u00e1te pouze jeden SCM syst\u00e9m, je \u0159e\u0161en\u00edm pr\u00e1v\u011b Fisheye a Crucible. Koukn\u011bte na n\u00e1\u0161 web a dozv\u00edte se v\u00edc informac\u00ed o t\u011bchto n\u00e1stroj\u00edch.","og_url":"https:\/\/www.coreit.cz\/atlassian\/fisheye-a-crucible\/","og_site_name":"CoreIT- Atlassian Partner","article_publisher":"https:\/\/www.facebook.com\/coreitcz","article_modified_time":"2020-03-26T10:14:41+00:00","og_image":[{"url":"https:\/\/www.coreit.cz\/atlassian\/wp-content\/uploads\/2019\/06\/Fisheye-1024x219.png","type":"","width":"","height":""}],"twitter_card":"summary_large_image","twitter_site":"@CoreITcz","twitter_misc":{"Est. reading time":"1 minute"},"schema":{"@context":"https:\/\/schema.org","@graph":[{"@type":"WebPage","@id":"https:\/\/www.coreit.cz\/atlassian\/fisheye-a-crucible\/","url":"https:\/\/www.coreit.cz\/atlassian\/fisheye-a-crucible\/","name":"Fisheye & Crucible - CoreIT- Atlassian Partner","isPartOf":{"@id":"https:\/\/www.coreit.cz\/atlassian\/#website"},"primaryImageOfPage":{"@id":"https:\/\/www.coreit.cz\/atlassian\/fisheye-a-crucible\/#primaryimage"},"image":{"@id":"https:\/\/www.coreit.cz\/atlassian\/fisheye-a-crucible\/#primaryimage"},"thumbnailUrl":"https:\/\/www.coreit.cz\/atlassian\/wp-content\/uploads\/2019\/06\/Fisheye-1024x219.png","datePublished":"2019-06-18T14:11:23+00:00","dateModified":"2020-03-26T10:14:41+00:00","description":"Pro p\u0159\u00edpad, \u017ee nevyu\u017e\u00edv\u00e1te pouze jeden SCM syst\u00e9m, je \u0159e\u0161en\u00edm pr\u00e1v\u011b Fisheye a Crucible. Koukn\u011bte na n\u00e1\u0161 web a dozv\u00edte se v\u00edc informac\u00ed o t\u011bchto n\u00e1stroj\u00edch.","breadcrumb":{"@id":"https:\/\/www.coreit.cz\/atlassian\/fisheye-a-crucible\/#breadcrumb"},"inLanguage":"en-US","potentialAction":[{"@type":"ReadAction","target":["https:\/\/www.coreit.cz\/atlassian\/fisheye-a-crucible\/"]}]},{"@type":"ImageObject","inLanguage":"en-US","@id":"https:\/\/www.coreit.cz\/atlassian\/fisheye-a-crucible\/#primaryimage","url":"https:\/\/www.coreit.cz\/atlassian\/wp-content\/uploads\/2019\/06\/Fisheye.png","contentUrl":"https:\/\/www.coreit.cz\/atlassian\/wp-content\/uploads\/2019\/06\/Fisheye.png","width":1120,"height":240},{"@type":"BreadcrumbList","@id":"https:\/\/www.coreit.cz\/atlassian\/fisheye-a-crucible\/#breadcrumb","itemListElement":[{"@type":"ListItem","position":1,"name":"Dom\u016f","item":"https:\/\/www.coreit.cz\/atlassian\/"},{"@type":"ListItem","position":2,"name":"Fisheye &#038; Crucible"}]},{"@type":"WebSite","@id":"https:\/\/www.coreit.cz\/atlassian\/#website","url":"https:\/\/www.coreit.cz\/atlassian\/","name":"CoreIT Atlassian","description":"","publisher":{"@id":"https:\/\/www.coreit.cz\/atlassian\/#organization"},"potentialAction":[{"@type":"SearchAction","target":{"@type":"EntryPoint","urlTemplate":"https:\/\/www.coreit.cz\/atlassian\/?s={search_term_string}"},"query-input":{"@type":"PropertyValueSpecification","valueRequired":true,"valueName":"search_term_string"}}],"inLanguage":"en-US"},{"@type":"Organization","@id":"https:\/\/www.coreit.cz\/atlassian\/#organization","name":"CoreIT s.r.o.","url":"https:\/\/www.coreit.cz\/atlassian\/","logo":{"@type":"ImageObject","inLanguage":"en-US","@id":"https:\/\/www.coreit.cz\/atlassian\/#\/schema\/logo\/image\/","url":"https:\/\/www.coreit.cz\/atlassian\/wp-content\/uploads\/2019\/06\/CoreIT_core.png","contentUrl":"https:\/\/www.coreit.cz\/atlassian\/wp-content\/uploads\/2019\/06\/CoreIT_core.png","width":1500,"height":1500,"caption":"CoreIT s.r.o."},"image":{"@id":"https:\/\/www.coreit.cz\/atlassian\/#\/schema\/logo\/image\/"},"sameAs":["https:\/\/www.facebook.com\/coreitcz","https:\/\/x.com\/CoreITcz","https:\/\/www.instagram.com\/coreit.cz\/","https:\/\/www.linkedin.com\/company\/coreitcz\/"]}]}},"_links":{"self":[{"href":"https:\/\/www.coreit.cz\/atlassian\/wp-json\/wp\/v2\/pages\/1600","targetHints":{"allow":["GET"]}}],"collection":[{"href":"https:\/\/www.coreit.cz\/atlassian\/wp-json\/wp\/v2\/pages"}],"about":[{"href":"https:\/\/www.coreit.cz\/atlassian\/wp-json\/wp\/v2\/types\/page"}],"author":[{"embeddable":true,"href":"https:\/\/www.coreit.cz\/atlassian\/wp-json\/wp\/v2\/users\/1"}],"replies":[{"embeddable":true,"href":"https:\/\/www.coreit.cz\/atlassian\/wp-json\/wp\/v2\/comments?post=1600"}],"version-history":[{"count":0,"href":"https:\/\/www.coreit.cz\/atlassian\/wp-json\/wp\/v2\/pages\/1600\/revisions"}],"wp:attachment":[{"href":"https:\/\/www.coreit.cz\/atlassian\/wp-json\/wp\/v2\/media?parent=1600"}],"curies":[{"name":"wp","href":"https:\/\/api.w.org\/{rel}","templated":true}]}}