{"id":1602,"date":"2019-06-18T16:11:52","date_gmt":"2019-06-18T14:11:52","guid":{"rendered":"https:\/\/www.coreit.cz\/atlassian\/?page_id=1602"},"modified":"2020-03-26T11:38:49","modified_gmt":"2020-03-26T10:38:49","slug":"statuspage","status":"publish","type":"page","link":"https:\/\/www.coreit.cz\/atlassian\/statuspage\/","title":{"rendered":"Statuspage"},"content":{"rendered":"\n<div class=\"wp-block-image\"><figure class=\"aligncenter is-resized\"><img loading=\"lazy\" decoding=\"async\" src=\"https:\/\/www.coreit.cz\/atlassian\/wp-content\/uploads\/2019\/06\/Statuspage.png\" alt=\"Atlassian Statuspage\" class=\"wp-image-1759\" width=\"517\" height=\"75\" srcset=\"https:\/\/www.coreit.cz\/atlassian\/wp-content\/uploads\/2019\/06\/Statuspage.png 1570w, https:\/\/www.coreit.cz\/atlassian\/wp-content\/uploads\/2019\/06\/Statuspage-300x44.png 300w, https:\/\/www.coreit.cz\/atlassian\/wp-content\/uploads\/2019\/06\/Statuspage-768x112.png 768w, https:\/\/www.coreit.cz\/atlassian\/wp-content\/uploads\/2019\/06\/Statuspage-1024x149.png 1024w\" sizes=\"auto, (max-width: 517px) 100vw, 517px\" \/><\/figure><\/div>\n\n\n\n<div style=\"height:50px\" aria-hidden=\"true\" class=\"wp-block-spacer\"><\/div>\n\n\n\n<p class=\"has-text-align-center\"><strong>Statuspage je jednoduch\u00e9 a p\u0159\u00edm\u00e9 \u0159e\u0161en\u00ed, kter\u00e9 v\u00e1s bude informovat o incidentech a pl\u00e1novan\u00fdch omezen\u00edch provozu aplikac\u00ed a slu\u017eeb. <\/strong><\/p>\n\n\n\n<p>Abyste m\u011bli informace v\u017edy po ruce, m\u016f\u017eete si nastavit notifikace skrze emaily nebo SMS. Integrujte ho s chatops n\u00e1stroji, abyste v\u011bd\u011bli, v jak\u00e9m stavu jsou jednotliv\u00e9 incidenty. Vytvo\u0159te widget, kter\u00fd vlo\u017e\u00edte na v\u00e1s web nebo servisn\u00ed port\u00e1l, a kter\u00fd zamez\u00ed z\u00e1kaznick\u00e9 duplicitn\u00ed po\u017eadavky a uvoln\u00ed tak ruce servisn\u00edmu t\u00fdmu.<\/p>\n\n\n\n<p><strong>KL\u00cd\u010cOV\u00c9 VLASTNOSTI<\/strong><\/p>\n\n\n\n<ul class=\"wp-block-list\"><li>V\u00edce\u00farov\u0148ov\u00e1\ngranularita zobrazen\u00fdch komponent.<\/li><li>\u0160ablony\npro incidenty.<\/li><li>Automatick\u00e1\nintegrace s&nbsp;n\u00e1stroji jako nap\u0159. Opsgenie, PagerDuty nebo VictorOps.<\/li><li>Nastaven\u00ed\npravideln\u00fdch notifikac\u00ed do vybran\u00e9ho n\u00e1stroje, kter\u00e9 je vylep\u0161eno o mo\u017enost nastaven\u00ed\nz\u00e1lo\u017en\u00ed slu\u017eby v&nbsp;p\u0159\u00edpad\u011b v\u00fdpadku t\u00e9 prim\u00e1rn\u00ed.<\/li><\/ul>\n\n\n\n<p>V\u00edce o tomto produktu se tak\u00e9 dozv\u00edte na ofici\u00e1ln\u00edm webu spole\u010dnosti&nbsp;<a rel=\"noreferrer noopener\" aria-label=\"Atlassian (otev\u0159e se na nov\u00e9 z\u00e1lo\u017ece)\" href=\"https:\/\/www.atlassian.com\/software\/statuspage\" target=\"_blank\">Atlassian<\/a>.<\/p>\n\n\n\n<hr class=\"wp-block-separator is-style-wide\"\/>\n\n\n\n<p class=\"has-text-align-center\"><em>Pokud p\u0159em\u00fd\u0161l\u00edte nad t\u00edm, \u017ee Statuspage je to prav\u00e9 o\u0159echov\u00e9 pro V\u00e1s a Va\u0161i spole\u010dnost, ale cht\u011bli byste toho v\u011bd\u011bt je\u0161t\u011b v\u00edc, <a href=\"https:\/\/www.coreit.cz\/atlassian\/#kontakt\">napi\u0161te n\u00e1m<\/a> a my V\u00e1s zahrneme v\u0161emi dostupn\u00fdmi informacemi.<\/em><\/p>\n","protected":false},"excerpt":{"rendered":"<p>Aktu\u00e1ln\u00ed informace o incidentech a omezen\u00edch provozu slu\u017eeb v\u017edy po ruce skrz maily a SMS.<\/p>\n","protected":false},"author":1,"featured_media":0,"parent":0,"menu_order":0,"comment_status":"closed","ping_status":"closed","template":"","meta":{"footnotes":""},"class_list":["post-1602","page","type-page","status-publish","hentry"],"yoast_head":"<!-- This site is optimized with the Yoast SEO plugin v27.1.1 - https:\/\/yoast.com\/product\/yoast-seo-wordpress\/ -->\n<title>Statuspage - CoreIT- Atlassian Partner<\/title>\n<meta name=\"description\" content=\"Statuspage je jednoduch\u00e9 a p\u0159\u00edm\u00e9 \u0159e\u0161en\u00ed, kter\u00e9 v\u00e1s bude informovat o incidentech a pl\u00e1novan\u00fdch omezen\u00edch provozu aplikac\u00ed a slu\u017eeb.\" \/>\n<meta name=\"robots\" content=\"index, follow, max-snippet:-1, max-image-preview:large, max-video-preview:-1\" \/>\n<link rel=\"canonical\" href=\"https:\/\/www.coreit.cz\/atlassian\/statuspage\/\" \/>\n<meta property=\"og:locale\" content=\"en_US\" \/>\n<meta property=\"og:type\" content=\"article\" \/>\n<meta property=\"og:title\" content=\"Statuspage - CoreIT- Atlassian Partner\" \/>\n<meta property=\"og:description\" content=\"Statuspage je jednoduch\u00e9 a p\u0159\u00edm\u00e9 \u0159e\u0161en\u00ed, kter\u00e9 v\u00e1s bude informovat o incidentech a pl\u00e1novan\u00fdch omezen\u00edch provozu aplikac\u00ed a slu\u017eeb.\" \/>\n<meta property=\"og:url\" content=\"https:\/\/www.coreit.cz\/atlassian\/statuspage\/\" \/>\n<meta property=\"og:site_name\" content=\"CoreIT- Atlassian Partner\" \/>\n<meta property=\"article:publisher\" content=\"https:\/\/www.facebook.com\/coreitcz\" \/>\n<meta property=\"article:modified_time\" content=\"2020-03-26T10:38:49+00:00\" \/>\n<meta property=\"og:image\" content=\"https:\/\/www.coreit.cz\/atlassian\/wp-content\/uploads\/2019\/06\/Statuspage.png\" \/>\n<meta name=\"twitter:card\" content=\"summary_large_image\" \/>\n<meta name=\"twitter:site\" content=\"@CoreITcz\" \/>\n<meta name=\"twitter:label1\" content=\"Est. reading time\" \/>\n\t<meta name=\"twitter:data1\" content=\"1 minute\" \/>\n<script type=\"application\/ld+json\" class=\"yoast-schema-graph\">{\"@context\":\"https:\/\/schema.org\",\"@graph\":[{\"@type\":\"WebPage\",\"@id\":\"https:\/\/www.coreit.cz\/atlassian\/statuspage\/\",\"url\":\"https:\/\/www.coreit.cz\/atlassian\/statuspage\/\",\"name\":\"Statuspage - CoreIT- Atlassian Partner\",\"isPartOf\":{\"@id\":\"https:\/\/www.coreit.cz\/atlassian\/#website\"},\"primaryImageOfPage\":{\"@id\":\"https:\/\/www.coreit.cz\/atlassian\/statuspage\/#primaryimage\"},\"image\":{\"@id\":\"https:\/\/www.coreit.cz\/atlassian\/statuspage\/#primaryimage\"},\"thumbnailUrl\":\"https:\/\/www.coreit.cz\/atlassian\/wp-content\/uploads\/2019\/06\/Statuspage.png\",\"datePublished\":\"2019-06-18T14:11:52+00:00\",\"dateModified\":\"2020-03-26T10:38:49+00:00\",\"description\":\"Statuspage je jednoduch\u00e9 a p\u0159\u00edm\u00e9 \u0159e\u0161en\u00ed, kter\u00e9 v\u00e1s bude informovat o incidentech a pl\u00e1novan\u00fdch omezen\u00edch provozu aplikac\u00ed a slu\u017eeb.\",\"breadcrumb\":{\"@id\":\"https:\/\/www.coreit.cz\/atlassian\/statuspage\/#breadcrumb\"},\"inLanguage\":\"en-US\",\"potentialAction\":[{\"@type\":\"ReadAction\",\"target\":[\"https:\/\/www.coreit.cz\/atlassian\/statuspage\/\"]}]},{\"@type\":\"ImageObject\",\"inLanguage\":\"en-US\",\"@id\":\"https:\/\/www.coreit.cz\/atlassian\/statuspage\/#primaryimage\",\"url\":\"https:\/\/www.coreit.cz\/atlassian\/wp-content\/uploads\/2019\/06\/Statuspage.png\",\"contentUrl\":\"https:\/\/www.coreit.cz\/atlassian\/wp-content\/uploads\/2019\/06\/Statuspage.png\",\"width\":1570,\"height\":228},{\"@type\":\"BreadcrumbList\",\"@id\":\"https:\/\/www.coreit.cz\/atlassian\/statuspage\/#breadcrumb\",\"itemListElement\":[{\"@type\":\"ListItem\",\"position\":1,\"name\":\"Dom\u016f\",\"item\":\"https:\/\/www.coreit.cz\/atlassian\/\"},{\"@type\":\"ListItem\",\"position\":2,\"name\":\"Statuspage\"}]},{\"@type\":\"WebSite\",\"@id\":\"https:\/\/www.coreit.cz\/atlassian\/#website\",\"url\":\"https:\/\/www.coreit.cz\/atlassian\/\",\"name\":\"CoreIT Atlassian\",\"description\":\"\",\"publisher\":{\"@id\":\"https:\/\/www.coreit.cz\/atlassian\/#organization\"},\"potentialAction\":[{\"@type\":\"SearchAction\",\"target\":{\"@type\":\"EntryPoint\",\"urlTemplate\":\"https:\/\/www.coreit.cz\/atlassian\/?s={search_term_string}\"},\"query-input\":{\"@type\":\"PropertyValueSpecification\",\"valueRequired\":true,\"valueName\":\"search_term_string\"}}],\"inLanguage\":\"en-US\"},{\"@type\":\"Organization\",\"@id\":\"https:\/\/www.coreit.cz\/atlassian\/#organization\",\"name\":\"CoreIT s.r.o.\",\"url\":\"https:\/\/www.coreit.cz\/atlassian\/\",\"logo\":{\"@type\":\"ImageObject\",\"inLanguage\":\"en-US\",\"@id\":\"https:\/\/www.coreit.cz\/atlassian\/#\/schema\/logo\/image\/\",\"url\":\"https:\/\/www.coreit.cz\/atlassian\/wp-content\/uploads\/2019\/06\/CoreIT_core.png\",\"contentUrl\":\"https:\/\/www.coreit.cz\/atlassian\/wp-content\/uploads\/2019\/06\/CoreIT_core.png\",\"width\":1500,\"height\":1500,\"caption\":\"CoreIT s.r.o.\"},\"image\":{\"@id\":\"https:\/\/www.coreit.cz\/atlassian\/#\/schema\/logo\/image\/\"},\"sameAs\":[\"https:\/\/www.facebook.com\/coreitcz\",\"https:\/\/x.com\/CoreITcz\",\"https:\/\/www.instagram.com\/coreit.cz\/\",\"https:\/\/www.linkedin.com\/company\/coreitcz\/\"]}]}<\/script>\n<!-- \/ Yoast SEO plugin. -->","yoast_head_json":{"title":"Statuspage - CoreIT- Atlassian Partner","description":"Statuspage je jednoduch\u00e9 a p\u0159\u00edm\u00e9 \u0159e\u0161en\u00ed, kter\u00e9 v\u00e1s bude informovat o incidentech a pl\u00e1novan\u00fdch omezen\u00edch provozu aplikac\u00ed a slu\u017eeb.","robots":{"index":"index","follow":"follow","max-snippet":"max-snippet:-1","max-image-preview":"max-image-preview:large","max-video-preview":"max-video-preview:-1"},"canonical":"https:\/\/www.coreit.cz\/atlassian\/statuspage\/","og_locale":"en_US","og_type":"article","og_title":"Statuspage - CoreIT- Atlassian Partner","og_description":"Statuspage je jednoduch\u00e9 a p\u0159\u00edm\u00e9 \u0159e\u0161en\u00ed, kter\u00e9 v\u00e1s bude informovat o incidentech a pl\u00e1novan\u00fdch omezen\u00edch provozu aplikac\u00ed a slu\u017eeb.","og_url":"https:\/\/www.coreit.cz\/atlassian\/statuspage\/","og_site_name":"CoreIT- Atlassian Partner","article_publisher":"https:\/\/www.facebook.com\/coreitcz","article_modified_time":"2020-03-26T10:38:49+00:00","og_image":[{"url":"https:\/\/www.coreit.cz\/atlassian\/wp-content\/uploads\/2019\/06\/Statuspage.png","type":"","width":"","height":""}],"twitter_card":"summary_large_image","twitter_site":"@CoreITcz","twitter_misc":{"Est. reading time":"1 minute"},"schema":{"@context":"https:\/\/schema.org","@graph":[{"@type":"WebPage","@id":"https:\/\/www.coreit.cz\/atlassian\/statuspage\/","url":"https:\/\/www.coreit.cz\/atlassian\/statuspage\/","name":"Statuspage - CoreIT- Atlassian Partner","isPartOf":{"@id":"https:\/\/www.coreit.cz\/atlassian\/#website"},"primaryImageOfPage":{"@id":"https:\/\/www.coreit.cz\/atlassian\/statuspage\/#primaryimage"},"image":{"@id":"https:\/\/www.coreit.cz\/atlassian\/statuspage\/#primaryimage"},"thumbnailUrl":"https:\/\/www.coreit.cz\/atlassian\/wp-content\/uploads\/2019\/06\/Statuspage.png","datePublished":"2019-06-18T14:11:52+00:00","dateModified":"2020-03-26T10:38:49+00:00","description":"Statuspage je jednoduch\u00e9 a p\u0159\u00edm\u00e9 \u0159e\u0161en\u00ed, kter\u00e9 v\u00e1s bude informovat o incidentech a pl\u00e1novan\u00fdch omezen\u00edch provozu aplikac\u00ed a slu\u017eeb.","breadcrumb":{"@id":"https:\/\/www.coreit.cz\/atlassian\/statuspage\/#breadcrumb"},"inLanguage":"en-US","potentialAction":[{"@type":"ReadAction","target":["https:\/\/www.coreit.cz\/atlassian\/statuspage\/"]}]},{"@type":"ImageObject","inLanguage":"en-US","@id":"https:\/\/www.coreit.cz\/atlassian\/statuspage\/#primaryimage","url":"https:\/\/www.coreit.cz\/atlassian\/wp-content\/uploads\/2019\/06\/Statuspage.png","contentUrl":"https:\/\/www.coreit.cz\/atlassian\/wp-content\/uploads\/2019\/06\/Statuspage.png","width":1570,"height":228},{"@type":"BreadcrumbList","@id":"https:\/\/www.coreit.cz\/atlassian\/statuspage\/#breadcrumb","itemListElement":[{"@type":"ListItem","position":1,"name":"Dom\u016f","item":"https:\/\/www.coreit.cz\/atlassian\/"},{"@type":"ListItem","position":2,"name":"Statuspage"}]},{"@type":"WebSite","@id":"https:\/\/www.coreit.cz\/atlassian\/#website","url":"https:\/\/www.coreit.cz\/atlassian\/","name":"CoreIT Atlassian","description":"","publisher":{"@id":"https:\/\/www.coreit.cz\/atlassian\/#organization"},"potentialAction":[{"@type":"SearchAction","target":{"@type":"EntryPoint","urlTemplate":"https:\/\/www.coreit.cz\/atlassian\/?s={search_term_string}"},"query-input":{"@type":"PropertyValueSpecification","valueRequired":true,"valueName":"search_term_string"}}],"inLanguage":"en-US"},{"@type":"Organization","@id":"https:\/\/www.coreit.cz\/atlassian\/#organization","name":"CoreIT s.r.o.","url":"https:\/\/www.coreit.cz\/atlassian\/","logo":{"@type":"ImageObject","inLanguage":"en-US","@id":"https:\/\/www.coreit.cz\/atlassian\/#\/schema\/logo\/image\/","url":"https:\/\/www.coreit.cz\/atlassian\/wp-content\/uploads\/2019\/06\/CoreIT_core.png","contentUrl":"https:\/\/www.coreit.cz\/atlassian\/wp-content\/uploads\/2019\/06\/CoreIT_core.png","width":1500,"height":1500,"caption":"CoreIT s.r.o."},"image":{"@id":"https:\/\/www.coreit.cz\/atlassian\/#\/schema\/logo\/image\/"},"sameAs":["https:\/\/www.facebook.com\/coreitcz","https:\/\/x.com\/CoreITcz","https:\/\/www.instagram.com\/coreit.cz\/","https:\/\/www.linkedin.com\/company\/coreitcz\/"]}]}},"_links":{"self":[{"href":"https:\/\/www.coreit.cz\/atlassian\/wp-json\/wp\/v2\/pages\/1602","targetHints":{"allow":["GET"]}}],"collection":[{"href":"https:\/\/www.coreit.cz\/atlassian\/wp-json\/wp\/v2\/pages"}],"about":[{"href":"https:\/\/www.coreit.cz\/atlassian\/wp-json\/wp\/v2\/types\/page"}],"author":[{"embeddable":true,"href":"https:\/\/www.coreit.cz\/atlassian\/wp-json\/wp\/v2\/users\/1"}],"replies":[{"embeddable":true,"href":"https:\/\/www.coreit.cz\/atlassian\/wp-json\/wp\/v2\/comments?post=1602"}],"version-history":[{"count":0,"href":"https:\/\/www.coreit.cz\/atlassian\/wp-json\/wp\/v2\/pages\/1602\/revisions"}],"wp:attachment":[{"href":"https:\/\/www.coreit.cz\/atlassian\/wp-json\/wp\/v2\/media?parent=1602"}],"curies":[{"name":"wp","href":"https:\/\/api.w.org\/{rel}","templated":true}]}}