{"id":1654,"date":"2019-06-19T10:47:35","date_gmt":"2019-06-19T08:47:35","guid":{"rendered":"https:\/\/www.coreit.cz\/atlassian\/?page_id=1654"},"modified":"2022-03-25T13:44:06","modified_gmt":"2022-03-25T12:44:06","slug":"jak-nejlepe-kombinovat-atlassian-licence","status":"publish","type":"page","link":"https:\/\/www.coreit.cz\/atlassian\/jak-nejlepe-kombinovat-atlassian-licence\/","title":{"rendered":"Jak nejl\u00e9pe kombinovat Atlassian licence"},"content":{"rendered":"\n<div class=\"wp-block-cover aligncenter is-light\"><span aria-hidden=\"true\" class=\"has-background-dim-30 wp-block-cover__gradient-background has-background-dim\"><\/span><img loading=\"lazy\" decoding=\"async\" width=\"2560\" height=\"1708\" class=\"wp-block-cover__image-background wp-image-2255\" src=\"https:\/\/www.coreit.cz\/atlassian\/wp-content\/uploads\/2020\/01\/apple-devices-books-business-coffee-572056-scaled.jpg\" style=\"object-position:53% 36%\" data-object-fit=\"cover\" data-object-position=\"53% 36%\" srcset=\"https:\/\/www.coreit.cz\/atlassian\/wp-content\/uploads\/2020\/01\/apple-devices-books-business-coffee-572056-scaled.jpg 2560w, https:\/\/www.coreit.cz\/atlassian\/wp-content\/uploads\/2020\/01\/apple-devices-books-business-coffee-572056-300x200.jpg 300w, https:\/\/www.coreit.cz\/atlassian\/wp-content\/uploads\/2020\/01\/apple-devices-books-business-coffee-572056-1024x683.jpg 1024w, https:\/\/www.coreit.cz\/atlassian\/wp-content\/uploads\/2020\/01\/apple-devices-books-business-coffee-572056-768x512.jpg 768w, https:\/\/www.coreit.cz\/atlassian\/wp-content\/uploads\/2020\/01\/apple-devices-books-business-coffee-572056-1536x1025.jpg 1536w, https:\/\/www.coreit.cz\/atlassian\/wp-content\/uploads\/2020\/01\/apple-devices-books-business-coffee-572056-2048x1366.jpg 2048w\" sizes=\"auto, (max-width: 2560px) 100vw, 2560px\" \/><div class=\"wp-block-cover__inner-container is-layout-flow wp-block-cover-is-layout-flow\">\n<p class=\"has-text-align-center has-white-color has-text-color\" style=\"font-size:66px\"><strong>Jak nejl\u00e9pe kombinovat<\/strong> <strong>Atlassian licence<\/strong><\/p>\n<\/div><\/div>\n\n\n\n<div style=\"height:25px\" aria-hidden=\"true\" class=\"wp-block-spacer\"><\/div>\n\n\n\n<p class=\"has-text-align-center\"><strong>Porad\u00edme V\u00e1m, jak nejl\u00e9pe kombinovat Atlassian licence a pom\u016f\u017eeme s v\u00fdb\u011brem a implementac\u00ed t\u011bch spr\u00e1vn\u00fdch produkt\u016f pro \u0159\u00edzen\u00ed proces\u016f, IT a sd\u00edlen\u00ed znalost\u00ed. <\/strong><\/p>\n\n\n\n<p>D\u00edky na\u0161emu partnersk\u00e9mu statusu a t\u00e9m\u011b\u0159 ka\u017edodenn\u00edmu kontaktu s touto komunitou nav\u00edc z\u00edsk\u00e1te super slevu p\u0159i jejich n\u00e1kupu. Cel\u00fd proces n\u00e1kupu licenci pro v\u00e1s za\u0159\u00edd\u00edme, nemus\u00edte se o nic starat.<\/p>\n\n\n\n<div class=\"wp-block-image\"><figure class=\"aligncenter size-full\"><img loading=\"lazy\" decoding=\"async\" width=\"701\" height=\"233\" src=\"https:\/\/www.coreit.cz\/atlassian\/wp-content\/uploads\/2022\/03\/Gold-Solution-Partner-clear.png\" alt=\"\" class=\"wp-image-2438\" srcset=\"https:\/\/www.coreit.cz\/atlassian\/wp-content\/uploads\/2022\/03\/Gold-Solution-Partner-clear.png 701w, https:\/\/www.coreit.cz\/atlassian\/wp-content\/uploads\/2022\/03\/Gold-Solution-Partner-clear-300x100.png 300w\" sizes=\"auto, (max-width: 701px) 100vw, 701px\" \/><\/figure><\/div>\n\n\n\n<hr class=\"wp-block-separator is-style-wide\"\/>\n\n\n\n<p class=\"has-text-align-center\"><em>Pokud byste se cht\u011bli o dozv\u011bd\u011bt v\u00edc, napi\u0161te n\u00e1m a my V\u00e1s zahrneme v\u0161emi dostupn\u00fdmi informacemi.<\/em><\/p>\n\n\n\n<div style=\"text-align:center\">\n<a class=\"btn btn-theme-primary-outline\" href=\"\/atlassian\/#kontakt\">M\u00e1m z\u00e1jem o licence<\/a>\n<\/div>\n","protected":false},"excerpt":{"rendered":"<p>Porad\u00edme V\u00e1m, jak nejl\u00e9pe kombinovat Atlassian licence a pom\u016f\u017eeme s v\u00fdb\u011brem a implementac\u00ed t\u011bch spr\u00e1vn\u00fdch produkt\u016f pro \u0159\u00edzen\u00ed proces\u016f, IT a sd\u00edlen\u00ed znalost\u00ed. D\u00edky na\u0161emu partnersk\u00e9mu statusu a t\u00e9m\u011b\u0159 ka\u017edodenn\u00edmu &#8230;<\/p>\n","protected":false},"author":3,"featured_media":0,"parent":0,"menu_order":0,"comment_status":"closed","ping_status":"closed","template":"","meta":{"footnotes":""},"class_list":["post-1654","page","type-page","status-publish","hentry"],"yoast_head":"<!-- This site is optimized with the Yoast SEO plugin v27.1.1 - https:\/\/yoast.com\/product\/yoast-seo-wordpress\/ -->\n<title>Jak nejl\u00e9pe kombinovat Atlassian licence - CoreIT- Atlassian Partner<\/title>\n<meta name=\"description\" content=\"Porad\u00edme v\u00e1m, jak nejl\u00e9pe kombinovat Atlassian licence a pom\u016f\u017eeme s v\u00fdb\u011brem a implementac\u00ed spr\u00e1vn\u00fdch produkt\u016f pro \u0159\u00edzen\u00ed proces\u016f, IT a sd\u00edlen\u00ed znalost\u00ed.\" \/>\n<meta name=\"robots\" content=\"index, follow, max-snippet:-1, max-image-preview:large, max-video-preview:-1\" \/>\n<link rel=\"canonical\" href=\"https:\/\/www.coreit.cz\/atlassian\/jak-nejlepe-kombinovat-atlassian-licence\/\" \/>\n<meta property=\"og:locale\" content=\"en_US\" \/>\n<meta property=\"og:type\" content=\"article\" \/>\n<meta property=\"og:title\" content=\"Jak nejl\u00e9pe kombinovat Atlassian licence - CoreIT- Atlassian Partner\" \/>\n<meta property=\"og:description\" content=\"Porad\u00edme v\u00e1m, jak nejl\u00e9pe kombinovat Atlassian licence a pom\u016f\u017eeme s v\u00fdb\u011brem a implementac\u00ed spr\u00e1vn\u00fdch produkt\u016f pro \u0159\u00edzen\u00ed proces\u016f, IT a sd\u00edlen\u00ed znalost\u00ed.\" \/>\n<meta property=\"og:url\" content=\"https:\/\/www.coreit.cz\/atlassian\/jak-nejlepe-kombinovat-atlassian-licence\/\" \/>\n<meta property=\"og:site_name\" content=\"CoreIT- Atlassian Partner\" \/>\n<meta property=\"article:publisher\" content=\"https:\/\/www.facebook.com\/coreitcz\" \/>\n<meta property=\"article:modified_time\" content=\"2022-03-25T12:44:06+00:00\" \/>\n<meta property=\"og:image\" content=\"https:\/\/www.coreit.cz\/atlassian\/wp-content\/uploads\/2020\/01\/apple-devices-books-business-coffee-572056-scaled.jpg\" \/>\n<meta name=\"twitter:card\" content=\"summary_large_image\" \/>\n<meta name=\"twitter:site\" content=\"@CoreITcz\" \/>\n<meta name=\"twitter:label1\" content=\"Est. reading time\" \/>\n\t<meta name=\"twitter:data1\" content=\"1 minute\" \/>\n<script type=\"application\/ld+json\" class=\"yoast-schema-graph\">{\"@context\":\"https:\/\/schema.org\",\"@graph\":[{\"@type\":\"WebPage\",\"@id\":\"https:\/\/www.coreit.cz\/atlassian\/jak-nejlepe-kombinovat-atlassian-licence\/\",\"url\":\"https:\/\/www.coreit.cz\/atlassian\/jak-nejlepe-kombinovat-atlassian-licence\/\",\"name\":\"Jak nejl\u00e9pe kombinovat Atlassian licence - CoreIT- Atlassian Partner\",\"isPartOf\":{\"@id\":\"https:\/\/www.coreit.cz\/atlassian\/#website\"},\"primaryImageOfPage\":{\"@id\":\"https:\/\/www.coreit.cz\/atlassian\/jak-nejlepe-kombinovat-atlassian-licence\/#primaryimage\"},\"image\":{\"@id\":\"https:\/\/www.coreit.cz\/atlassian\/jak-nejlepe-kombinovat-atlassian-licence\/#primaryimage\"},\"thumbnailUrl\":\"https:\/\/www.coreit.cz\/atlassian\/wp-content\/uploads\/2020\/01\/apple-devices-books-business-coffee-572056-scaled.jpg\",\"datePublished\":\"2019-06-19T08:47:35+00:00\",\"dateModified\":\"2022-03-25T12:44:06+00:00\",\"description\":\"Porad\u00edme v\u00e1m, jak nejl\u00e9pe kombinovat Atlassian licence a pom\u016f\u017eeme s v\u00fdb\u011brem a implementac\u00ed spr\u00e1vn\u00fdch produkt\u016f pro \u0159\u00edzen\u00ed proces\u016f, IT a sd\u00edlen\u00ed znalost\u00ed.\",\"breadcrumb\":{\"@id\":\"https:\/\/www.coreit.cz\/atlassian\/jak-nejlepe-kombinovat-atlassian-licence\/#breadcrumb\"},\"inLanguage\":\"en-US\",\"potentialAction\":[{\"@type\":\"ReadAction\",\"target\":[\"https:\/\/www.coreit.cz\/atlassian\/jak-nejlepe-kombinovat-atlassian-licence\/\"]}]},{\"@type\":\"ImageObject\",\"inLanguage\":\"en-US\",\"@id\":\"https:\/\/www.coreit.cz\/atlassian\/jak-nejlepe-kombinovat-atlassian-licence\/#primaryimage\",\"url\":\"https:\/\/www.coreit.cz\/atlassian\/wp-content\/uploads\/2020\/01\/apple-devices-books-business-coffee-572056-scaled.jpg\",\"contentUrl\":\"https:\/\/www.coreit.cz\/atlassian\/wp-content\/uploads\/2020\/01\/apple-devices-books-business-coffee-572056-scaled.jpg\",\"width\":2560,\"height\":1708},{\"@type\":\"BreadcrumbList\",\"@id\":\"https:\/\/www.coreit.cz\/atlassian\/jak-nejlepe-kombinovat-atlassian-licence\/#breadcrumb\",\"itemListElement\":[{\"@type\":\"ListItem\",\"position\":1,\"name\":\"Dom\u016f\",\"item\":\"https:\/\/www.coreit.cz\/atlassian\/\"},{\"@type\":\"ListItem\",\"position\":2,\"name\":\"Jak nejl\u00e9pe kombinovat Atlassian licence\"}]},{\"@type\":\"WebSite\",\"@id\":\"https:\/\/www.coreit.cz\/atlassian\/#website\",\"url\":\"https:\/\/www.coreit.cz\/atlassian\/\",\"name\":\"CoreIT Atlassian\",\"description\":\"\",\"publisher\":{\"@id\":\"https:\/\/www.coreit.cz\/atlassian\/#organization\"},\"potentialAction\":[{\"@type\":\"SearchAction\",\"target\":{\"@type\":\"EntryPoint\",\"urlTemplate\":\"https:\/\/www.coreit.cz\/atlassian\/?s={search_term_string}\"},\"query-input\":{\"@type\":\"PropertyValueSpecification\",\"valueRequired\":true,\"valueName\":\"search_term_string\"}}],\"inLanguage\":\"en-US\"},{\"@type\":\"Organization\",\"@id\":\"https:\/\/www.coreit.cz\/atlassian\/#organization\",\"name\":\"CoreIT s.r.o.\",\"url\":\"https:\/\/www.coreit.cz\/atlassian\/\",\"logo\":{\"@type\":\"ImageObject\",\"inLanguage\":\"en-US\",\"@id\":\"https:\/\/www.coreit.cz\/atlassian\/#\/schema\/logo\/image\/\",\"url\":\"https:\/\/www.coreit.cz\/atlassian\/wp-content\/uploads\/2019\/06\/CoreIT_core.png\",\"contentUrl\":\"https:\/\/www.coreit.cz\/atlassian\/wp-content\/uploads\/2019\/06\/CoreIT_core.png\",\"width\":1500,\"height\":1500,\"caption\":\"CoreIT s.r.o.\"},\"image\":{\"@id\":\"https:\/\/www.coreit.cz\/atlassian\/#\/schema\/logo\/image\/\"},\"sameAs\":[\"https:\/\/www.facebook.com\/coreitcz\",\"https:\/\/x.com\/CoreITcz\",\"https:\/\/www.instagram.com\/coreit.cz\/\",\"https:\/\/www.linkedin.com\/company\/coreitcz\/\"]}]}<\/script>\n<!-- \/ Yoast SEO plugin. -->","yoast_head_json":{"title":"Jak nejl\u00e9pe kombinovat Atlassian licence - CoreIT- Atlassian Partner","description":"Porad\u00edme v\u00e1m, jak nejl\u00e9pe kombinovat Atlassian licence a pom\u016f\u017eeme s v\u00fdb\u011brem a implementac\u00ed spr\u00e1vn\u00fdch produkt\u016f pro \u0159\u00edzen\u00ed proces\u016f, IT a sd\u00edlen\u00ed znalost\u00ed.","robots":{"index":"index","follow":"follow","max-snippet":"max-snippet:-1","max-image-preview":"max-image-preview:large","max-video-preview":"max-video-preview:-1"},"canonical":"https:\/\/www.coreit.cz\/atlassian\/jak-nejlepe-kombinovat-atlassian-licence\/","og_locale":"en_US","og_type":"article","og_title":"Jak nejl\u00e9pe kombinovat Atlassian licence - CoreIT- Atlassian Partner","og_description":"Porad\u00edme v\u00e1m, jak nejl\u00e9pe kombinovat Atlassian licence a pom\u016f\u017eeme s v\u00fdb\u011brem a implementac\u00ed spr\u00e1vn\u00fdch produkt\u016f pro \u0159\u00edzen\u00ed proces\u016f, IT a sd\u00edlen\u00ed znalost\u00ed.","og_url":"https:\/\/www.coreit.cz\/atlassian\/jak-nejlepe-kombinovat-atlassian-licence\/","og_site_name":"CoreIT- Atlassian Partner","article_publisher":"https:\/\/www.facebook.com\/coreitcz","article_modified_time":"2022-03-25T12:44:06+00:00","og_image":[{"url":"https:\/\/www.coreit.cz\/atlassian\/wp-content\/uploads\/2020\/01\/apple-devices-books-business-coffee-572056-scaled.jpg","type":"","width":"","height":""}],"twitter_card":"summary_large_image","twitter_site":"@CoreITcz","twitter_misc":{"Est. reading time":"1 minute"},"schema":{"@context":"https:\/\/schema.org","@graph":[{"@type":"WebPage","@id":"https:\/\/www.coreit.cz\/atlassian\/jak-nejlepe-kombinovat-atlassian-licence\/","url":"https:\/\/www.coreit.cz\/atlassian\/jak-nejlepe-kombinovat-atlassian-licence\/","name":"Jak nejl\u00e9pe kombinovat Atlassian licence - CoreIT- Atlassian Partner","isPartOf":{"@id":"https:\/\/www.coreit.cz\/atlassian\/#website"},"primaryImageOfPage":{"@id":"https:\/\/www.coreit.cz\/atlassian\/jak-nejlepe-kombinovat-atlassian-licence\/#primaryimage"},"image":{"@id":"https:\/\/www.coreit.cz\/atlassian\/jak-nejlepe-kombinovat-atlassian-licence\/#primaryimage"},"thumbnailUrl":"https:\/\/www.coreit.cz\/atlassian\/wp-content\/uploads\/2020\/01\/apple-devices-books-business-coffee-572056-scaled.jpg","datePublished":"2019-06-19T08:47:35+00:00","dateModified":"2022-03-25T12:44:06+00:00","description":"Porad\u00edme v\u00e1m, jak nejl\u00e9pe kombinovat Atlassian licence a pom\u016f\u017eeme s v\u00fdb\u011brem a implementac\u00ed spr\u00e1vn\u00fdch produkt\u016f pro \u0159\u00edzen\u00ed proces\u016f, IT a sd\u00edlen\u00ed znalost\u00ed.","breadcrumb":{"@id":"https:\/\/www.coreit.cz\/atlassian\/jak-nejlepe-kombinovat-atlassian-licence\/#breadcrumb"},"inLanguage":"en-US","potentialAction":[{"@type":"ReadAction","target":["https:\/\/www.coreit.cz\/atlassian\/jak-nejlepe-kombinovat-atlassian-licence\/"]}]},{"@type":"ImageObject","inLanguage":"en-US","@id":"https:\/\/www.coreit.cz\/atlassian\/jak-nejlepe-kombinovat-atlassian-licence\/#primaryimage","url":"https:\/\/www.coreit.cz\/atlassian\/wp-content\/uploads\/2020\/01\/apple-devices-books-business-coffee-572056-scaled.jpg","contentUrl":"https:\/\/www.coreit.cz\/atlassian\/wp-content\/uploads\/2020\/01\/apple-devices-books-business-coffee-572056-scaled.jpg","width":2560,"height":1708},{"@type":"BreadcrumbList","@id":"https:\/\/www.coreit.cz\/atlassian\/jak-nejlepe-kombinovat-atlassian-licence\/#breadcrumb","itemListElement":[{"@type":"ListItem","position":1,"name":"Dom\u016f","item":"https:\/\/www.coreit.cz\/atlassian\/"},{"@type":"ListItem","position":2,"name":"Jak nejl\u00e9pe kombinovat Atlassian licence"}]},{"@type":"WebSite","@id":"https:\/\/www.coreit.cz\/atlassian\/#website","url":"https:\/\/www.coreit.cz\/atlassian\/","name":"CoreIT Atlassian","description":"","publisher":{"@id":"https:\/\/www.coreit.cz\/atlassian\/#organization"},"potentialAction":[{"@type":"SearchAction","target":{"@type":"EntryPoint","urlTemplate":"https:\/\/www.coreit.cz\/atlassian\/?s={search_term_string}"},"query-input":{"@type":"PropertyValueSpecification","valueRequired":true,"valueName":"search_term_string"}}],"inLanguage":"en-US"},{"@type":"Organization","@id":"https:\/\/www.coreit.cz\/atlassian\/#organization","name":"CoreIT s.r.o.","url":"https:\/\/www.coreit.cz\/atlassian\/","logo":{"@type":"ImageObject","inLanguage":"en-US","@id":"https:\/\/www.coreit.cz\/atlassian\/#\/schema\/logo\/image\/","url":"https:\/\/www.coreit.cz\/atlassian\/wp-content\/uploads\/2019\/06\/CoreIT_core.png","contentUrl":"https:\/\/www.coreit.cz\/atlassian\/wp-content\/uploads\/2019\/06\/CoreIT_core.png","width":1500,"height":1500,"caption":"CoreIT s.r.o."},"image":{"@id":"https:\/\/www.coreit.cz\/atlassian\/#\/schema\/logo\/image\/"},"sameAs":["https:\/\/www.facebook.com\/coreitcz","https:\/\/x.com\/CoreITcz","https:\/\/www.instagram.com\/coreit.cz\/","https:\/\/www.linkedin.com\/company\/coreitcz\/"]}]}},"_links":{"self":[{"href":"https:\/\/www.coreit.cz\/atlassian\/wp-json\/wp\/v2\/pages\/1654","targetHints":{"allow":["GET"]}}],"collection":[{"href":"https:\/\/www.coreit.cz\/atlassian\/wp-json\/wp\/v2\/pages"}],"about":[{"href":"https:\/\/www.coreit.cz\/atlassian\/wp-json\/wp\/v2\/types\/page"}],"author":[{"embeddable":true,"href":"https:\/\/www.coreit.cz\/atlassian\/wp-json\/wp\/v2\/users\/3"}],"replies":[{"embeddable":true,"href":"https:\/\/www.coreit.cz\/atlassian\/wp-json\/wp\/v2\/comments?post=1654"}],"version-history":[{"count":3,"href":"https:\/\/www.coreit.cz\/atlassian\/wp-json\/wp\/v2\/pages\/1654\/revisions"}],"predecessor-version":[{"id":2447,"href":"https:\/\/www.coreit.cz\/atlassian\/wp-json\/wp\/v2\/pages\/1654\/revisions\/2447"}],"wp:attachment":[{"href":"https:\/\/www.coreit.cz\/atlassian\/wp-json\/wp\/v2\/media?parent=1654"}],"curies":[{"name":"wp","href":"https:\/\/api.w.org\/{rel}","templated":true}]}}