{"id":25,"date":"2016-02-12T08:13:22","date_gmt":"2016-02-12T08:13:22","guid":{"rendered":"http:\/\/demos.famethemes.com\/onepress\/?page_id=25"},"modified":"2019-07-10T14:52:11","modified_gmt":"2019-07-10T12:52:11","slug":"crowd","status":"publish","type":"page","link":"https:\/\/www.coreit.cz\/atlassian\/crowd\/","title":{"rendered":"Crowd"},"content":{"rendered":"\n<div class=\"wp-block-image\"><figure class=\"aligncenter is-resized\"><img loading=\"lazy\" decoding=\"async\" src=\"https:\/\/www.coreit.cz\/atlassian\/wp-content\/uploads\/2019\/06\/Crowd.png\" alt=\"Crowd\" class=\"wp-image-1753\" width=\"495\" height=\"99\" srcset=\"https:\/\/www.coreit.cz\/atlassian\/wp-content\/uploads\/2019\/06\/Crowd.png 990w, https:\/\/www.coreit.cz\/atlassian\/wp-content\/uploads\/2019\/06\/Crowd-300x60.png 300w, https:\/\/www.coreit.cz\/atlassian\/wp-content\/uploads\/2019\/06\/Crowd-768x154.png 768w\" sizes=\"auto, (max-width: 495px) 100vw, 495px\" \/><\/figure><\/div>\n\n\n\n<div style=\"height:50px\" aria-hidden=\"true\" class=\"wp-block-spacer\"><\/div>\n\n\n\n<p style=\"text-align:center\"><strong>Crowd nab\u00edz\u00ed instantn\u00ed a centralizovan\u00e9 \u0159e\u0161en\u00ed pro Identity Management.<\/strong><\/p>\n\n\n\n<p>Toto \u0159e\u0161en\u00ed z\u00e1rove\u0148 dok\u00e1\u017ee kontrolovat p\u0159\u00edstupov\u00e1 opr\u00e1vn\u011bn\u00ed na jednom m\u00edst\u011b. Toho dos\u00e1hnete napojen\u00edm n\u011bkolika r\u016fzn\u00fdch user directory jako je nap\u0159. Active Directory, LDAP, OpenLDAP, Google Apps nebo Microsoft Azure AD. Pr\u00e1ci v\u00e1m tak\u00e9 usnadn\u00ed d\u00edky SSO, kdy po p\u0159ihl\u00e1\u0161en\u00ed do jedn\u00e9 z aplikac\u00ed budete automaticky p\u0159ihl\u00e1\u0161eni i do ostatn\u00edch.<\/p>\n\n\n\n<p> V\u00edce o tomto n\u00e1stroji se tak\u00e9 dozv\u00edte na ofici\u00e1ln\u00edm webu spole\u010dnosti\u00a0<a rel=\"noreferrer noopener\" aria-label=\"Atlassian (otev\u0159e se na nov\u00e9 z\u00e1lo\u017ece)\" href=\"https:\/\/www.atlassian.com\/software\/crowd\" target=\"_blank\">Atlassian<\/a>.<\/p>\n\n\n\n<hr class=\"wp-block-separator is-style-wide\"\/>\n\n\n\n<p style=\"text-align:center\"><em>Pokud p\u0159em\u00fd\u0161l\u00edte nad t\u00edm, \u017ee Crowd je to prav\u00e9 o\u0159echov\u00e9 pro V\u00e1s a Va\u0161i spole\u010dnost, ale cht\u011bli byste toho v\u011bd\u011bt je\u0161t\u011b v\u00edc, <\/em><a href=\"https:\/\/www.coreit.cz\/atlassian\/#kontakt\"><em>napi\u0161te n\u00e1m<\/em><\/a><em> a my V\u00e1s zahrneme v\u0161emi dostupn\u00fdmi informacemi.<\/em><\/p>\n","protected":false},"excerpt":{"rendered":"<p>Skv\u011bl\u00e9 \u0159e\u0161en\u00ed pro Identity Management. Dok\u00e1\u017ee kontrolovat p\u0159\u00edstupov\u00e1 opr\u00e1vn\u011bn\u00ed.<\/p>\n","protected":false},"author":1,"featured_media":0,"parent":0,"menu_order":0,"comment_status":"closed","ping_status":"closed","template":"","meta":{"footnotes":""},"class_list":["post-25","page","type-page","status-publish","hentry"],"yoast_head":"<!-- This site is optimized with the Yoast SEO plugin v27.1.1 - https:\/\/yoast.com\/product\/yoast-seo-wordpress\/ -->\n<title>Crowd - CoreIT- Atlassian Partner<\/title>\n<meta name=\"description\" content=\"Crowd je skv\u011bl\u00e9 \u0159e\u0161en\u00ed pro Identity Management, kter\u00e9 dok\u00e1\u017ee kontrolovat p\u0159\u00edstupov\u00e1 opr\u00e1vn\u011bn\u00ed na jednom m\u00edst\u011b. Pr\u00e1ci v\u00e1m tak\u00e9 usnadn\u00ed d\u00edky Single sign-on.\" \/>\n<meta name=\"robots\" content=\"index, follow, max-snippet:-1, max-image-preview:large, max-video-preview:-1\" \/>\n<link rel=\"canonical\" href=\"https:\/\/www.coreit.cz\/atlassian\/crowd\/\" \/>\n<meta property=\"og:locale\" content=\"en_US\" \/>\n<meta property=\"og:type\" content=\"article\" \/>\n<meta property=\"og:title\" content=\"Crowd - CoreIT- Atlassian Partner\" \/>\n<meta property=\"og:description\" content=\"Crowd je skv\u011bl\u00e9 \u0159e\u0161en\u00ed pro Identity Management, kter\u00e9 dok\u00e1\u017ee kontrolovat p\u0159\u00edstupov\u00e1 opr\u00e1vn\u011bn\u00ed na jednom m\u00edst\u011b. Pr\u00e1ci v\u00e1m tak\u00e9 usnadn\u00ed d\u00edky Single sign-on.\" \/>\n<meta property=\"og:url\" content=\"https:\/\/www.coreit.cz\/atlassian\/crowd\/\" \/>\n<meta property=\"og:site_name\" content=\"CoreIT- Atlassian Partner\" \/>\n<meta property=\"article:publisher\" content=\"https:\/\/www.facebook.com\/coreitcz\" \/>\n<meta property=\"article:modified_time\" content=\"2019-07-10T12:52:11+00:00\" \/>\n<meta property=\"og:image\" content=\"https:\/\/www.coreit.cz\/atlassian\/wp-content\/uploads\/2019\/06\/Crowd.png\" \/>\n<meta name=\"twitter:card\" content=\"summary_large_image\" \/>\n<meta name=\"twitter:site\" content=\"@CoreITcz\" \/>\n<meta name=\"twitter:label1\" content=\"Est. reading time\" \/>\n\t<meta name=\"twitter:data1\" content=\"1 minute\" \/>\n<script type=\"application\/ld+json\" class=\"yoast-schema-graph\">{\"@context\":\"https:\/\/schema.org\",\"@graph\":[{\"@type\":\"WebPage\",\"@id\":\"https:\/\/www.coreit.cz\/atlassian\/crowd\/\",\"url\":\"https:\/\/www.coreit.cz\/atlassian\/crowd\/\",\"name\":\"Crowd - CoreIT- Atlassian Partner\",\"isPartOf\":{\"@id\":\"https:\/\/www.coreit.cz\/atlassian\/#website\"},\"primaryImageOfPage\":{\"@id\":\"https:\/\/www.coreit.cz\/atlassian\/crowd\/#primaryimage\"},\"image\":{\"@id\":\"https:\/\/www.coreit.cz\/atlassian\/crowd\/#primaryimage\"},\"thumbnailUrl\":\"https:\/\/www.coreit.cz\/atlassian\/wp-content\/uploads\/2019\/06\/Crowd.png\",\"datePublished\":\"2016-02-12T08:13:22+00:00\",\"dateModified\":\"2019-07-10T12:52:11+00:00\",\"description\":\"Crowd je skv\u011bl\u00e9 \u0159e\u0161en\u00ed pro Identity Management, kter\u00e9 dok\u00e1\u017ee kontrolovat p\u0159\u00edstupov\u00e1 opr\u00e1vn\u011bn\u00ed na jednom m\u00edst\u011b. Pr\u00e1ci v\u00e1m tak\u00e9 usnadn\u00ed d\u00edky Single sign-on.\",\"breadcrumb\":{\"@id\":\"https:\/\/www.coreit.cz\/atlassian\/crowd\/#breadcrumb\"},\"inLanguage\":\"en-US\",\"potentialAction\":[{\"@type\":\"ReadAction\",\"target\":[\"https:\/\/www.coreit.cz\/atlassian\/crowd\/\"]}]},{\"@type\":\"ImageObject\",\"inLanguage\":\"en-US\",\"@id\":\"https:\/\/www.coreit.cz\/atlassian\/crowd\/#primaryimage\",\"url\":\"https:\/\/www.coreit.cz\/atlassian\/wp-content\/uploads\/2019\/06\/Crowd.png\",\"contentUrl\":\"https:\/\/www.coreit.cz\/atlassian\/wp-content\/uploads\/2019\/06\/Crowd.png\",\"width\":990,\"height\":198},{\"@type\":\"BreadcrumbList\",\"@id\":\"https:\/\/www.coreit.cz\/atlassian\/crowd\/#breadcrumb\",\"itemListElement\":[{\"@type\":\"ListItem\",\"position\":1,\"name\":\"Dom\u016f\",\"item\":\"https:\/\/www.coreit.cz\/atlassian\/\"},{\"@type\":\"ListItem\",\"position\":2,\"name\":\"Crowd\"}]},{\"@type\":\"WebSite\",\"@id\":\"https:\/\/www.coreit.cz\/atlassian\/#website\",\"url\":\"https:\/\/www.coreit.cz\/atlassian\/\",\"name\":\"CoreIT Atlassian\",\"description\":\"\",\"publisher\":{\"@id\":\"https:\/\/www.coreit.cz\/atlassian\/#organization\"},\"potentialAction\":[{\"@type\":\"SearchAction\",\"target\":{\"@type\":\"EntryPoint\",\"urlTemplate\":\"https:\/\/www.coreit.cz\/atlassian\/?s={search_term_string}\"},\"query-input\":{\"@type\":\"PropertyValueSpecification\",\"valueRequired\":true,\"valueName\":\"search_term_string\"}}],\"inLanguage\":\"en-US\"},{\"@type\":\"Organization\",\"@id\":\"https:\/\/www.coreit.cz\/atlassian\/#organization\",\"name\":\"CoreIT s.r.o.\",\"url\":\"https:\/\/www.coreit.cz\/atlassian\/\",\"logo\":{\"@type\":\"ImageObject\",\"inLanguage\":\"en-US\",\"@id\":\"https:\/\/www.coreit.cz\/atlassian\/#\/schema\/logo\/image\/\",\"url\":\"https:\/\/www.coreit.cz\/atlassian\/wp-content\/uploads\/2019\/06\/CoreIT_core.png\",\"contentUrl\":\"https:\/\/www.coreit.cz\/atlassian\/wp-content\/uploads\/2019\/06\/CoreIT_core.png\",\"width\":1500,\"height\":1500,\"caption\":\"CoreIT s.r.o.\"},\"image\":{\"@id\":\"https:\/\/www.coreit.cz\/atlassian\/#\/schema\/logo\/image\/\"},\"sameAs\":[\"https:\/\/www.facebook.com\/coreitcz\",\"https:\/\/x.com\/CoreITcz\",\"https:\/\/www.instagram.com\/coreit.cz\/\",\"https:\/\/www.linkedin.com\/company\/coreitcz\/\"]}]}<\/script>\n<!-- \/ Yoast SEO plugin. -->","yoast_head_json":{"title":"Crowd - CoreIT- Atlassian Partner","description":"Crowd je skv\u011bl\u00e9 \u0159e\u0161en\u00ed pro Identity Management, kter\u00e9 dok\u00e1\u017ee kontrolovat p\u0159\u00edstupov\u00e1 opr\u00e1vn\u011bn\u00ed na jednom m\u00edst\u011b. Pr\u00e1ci v\u00e1m tak\u00e9 usnadn\u00ed d\u00edky Single sign-on.","robots":{"index":"index","follow":"follow","max-snippet":"max-snippet:-1","max-image-preview":"max-image-preview:large","max-video-preview":"max-video-preview:-1"},"canonical":"https:\/\/www.coreit.cz\/atlassian\/crowd\/","og_locale":"en_US","og_type":"article","og_title":"Crowd - CoreIT- Atlassian Partner","og_description":"Crowd je skv\u011bl\u00e9 \u0159e\u0161en\u00ed pro Identity Management, kter\u00e9 dok\u00e1\u017ee kontrolovat p\u0159\u00edstupov\u00e1 opr\u00e1vn\u011bn\u00ed na jednom m\u00edst\u011b. Pr\u00e1ci v\u00e1m tak\u00e9 usnadn\u00ed d\u00edky Single sign-on.","og_url":"https:\/\/www.coreit.cz\/atlassian\/crowd\/","og_site_name":"CoreIT- Atlassian Partner","article_publisher":"https:\/\/www.facebook.com\/coreitcz","article_modified_time":"2019-07-10T12:52:11+00:00","og_image":[{"url":"https:\/\/www.coreit.cz\/atlassian\/wp-content\/uploads\/2019\/06\/Crowd.png","type":"","width":"","height":""}],"twitter_card":"summary_large_image","twitter_site":"@CoreITcz","twitter_misc":{"Est. reading time":"1 minute"},"schema":{"@context":"https:\/\/schema.org","@graph":[{"@type":"WebPage","@id":"https:\/\/www.coreit.cz\/atlassian\/crowd\/","url":"https:\/\/www.coreit.cz\/atlassian\/crowd\/","name":"Crowd - CoreIT- Atlassian Partner","isPartOf":{"@id":"https:\/\/www.coreit.cz\/atlassian\/#website"},"primaryImageOfPage":{"@id":"https:\/\/www.coreit.cz\/atlassian\/crowd\/#primaryimage"},"image":{"@id":"https:\/\/www.coreit.cz\/atlassian\/crowd\/#primaryimage"},"thumbnailUrl":"https:\/\/www.coreit.cz\/atlassian\/wp-content\/uploads\/2019\/06\/Crowd.png","datePublished":"2016-02-12T08:13:22+00:00","dateModified":"2019-07-10T12:52:11+00:00","description":"Crowd je skv\u011bl\u00e9 \u0159e\u0161en\u00ed pro Identity Management, kter\u00e9 dok\u00e1\u017ee kontrolovat p\u0159\u00edstupov\u00e1 opr\u00e1vn\u011bn\u00ed na jednom m\u00edst\u011b. Pr\u00e1ci v\u00e1m tak\u00e9 usnadn\u00ed d\u00edky Single sign-on.","breadcrumb":{"@id":"https:\/\/www.coreit.cz\/atlassian\/crowd\/#breadcrumb"},"inLanguage":"en-US","potentialAction":[{"@type":"ReadAction","target":["https:\/\/www.coreit.cz\/atlassian\/crowd\/"]}]},{"@type":"ImageObject","inLanguage":"en-US","@id":"https:\/\/www.coreit.cz\/atlassian\/crowd\/#primaryimage","url":"https:\/\/www.coreit.cz\/atlassian\/wp-content\/uploads\/2019\/06\/Crowd.png","contentUrl":"https:\/\/www.coreit.cz\/atlassian\/wp-content\/uploads\/2019\/06\/Crowd.png","width":990,"height":198},{"@type":"BreadcrumbList","@id":"https:\/\/www.coreit.cz\/atlassian\/crowd\/#breadcrumb","itemListElement":[{"@type":"ListItem","position":1,"name":"Dom\u016f","item":"https:\/\/www.coreit.cz\/atlassian\/"},{"@type":"ListItem","position":2,"name":"Crowd"}]},{"@type":"WebSite","@id":"https:\/\/www.coreit.cz\/atlassian\/#website","url":"https:\/\/www.coreit.cz\/atlassian\/","name":"CoreIT Atlassian","description":"","publisher":{"@id":"https:\/\/www.coreit.cz\/atlassian\/#organization"},"potentialAction":[{"@type":"SearchAction","target":{"@type":"EntryPoint","urlTemplate":"https:\/\/www.coreit.cz\/atlassian\/?s={search_term_string}"},"query-input":{"@type":"PropertyValueSpecification","valueRequired":true,"valueName":"search_term_string"}}],"inLanguage":"en-US"},{"@type":"Organization","@id":"https:\/\/www.coreit.cz\/atlassian\/#organization","name":"CoreIT s.r.o.","url":"https:\/\/www.coreit.cz\/atlassian\/","logo":{"@type":"ImageObject","inLanguage":"en-US","@id":"https:\/\/www.coreit.cz\/atlassian\/#\/schema\/logo\/image\/","url":"https:\/\/www.coreit.cz\/atlassian\/wp-content\/uploads\/2019\/06\/CoreIT_core.png","contentUrl":"https:\/\/www.coreit.cz\/atlassian\/wp-content\/uploads\/2019\/06\/CoreIT_core.png","width":1500,"height":1500,"caption":"CoreIT s.r.o."},"image":{"@id":"https:\/\/www.coreit.cz\/atlassian\/#\/schema\/logo\/image\/"},"sameAs":["https:\/\/www.facebook.com\/coreitcz","https:\/\/x.com\/CoreITcz","https:\/\/www.instagram.com\/coreit.cz\/","https:\/\/www.linkedin.com\/company\/coreitcz\/"]}]}},"_links":{"self":[{"href":"https:\/\/www.coreit.cz\/atlassian\/wp-json\/wp\/v2\/pages\/25","targetHints":{"allow":["GET"]}}],"collection":[{"href":"https:\/\/www.coreit.cz\/atlassian\/wp-json\/wp\/v2\/pages"}],"about":[{"href":"https:\/\/www.coreit.cz\/atlassian\/wp-json\/wp\/v2\/types\/page"}],"author":[{"embeddable":true,"href":"https:\/\/www.coreit.cz\/atlassian\/wp-json\/wp\/v2\/users\/1"}],"replies":[{"embeddable":true,"href":"https:\/\/www.coreit.cz\/atlassian\/wp-json\/wp\/v2\/comments?post=25"}],"version-history":[{"count":0,"href":"https:\/\/www.coreit.cz\/atlassian\/wp-json\/wp\/v2\/pages\/25\/revisions"}],"wp:attachment":[{"href":"https:\/\/www.coreit.cz\/atlassian\/wp-json\/wp\/v2\/media?parent=25"}],"curies":[{"name":"wp","href":"https:\/\/api.w.org\/{rel}","templated":true}]}}