{"id":2632,"date":"2026-02-17T13:31:14","date_gmt":"2026-02-17T12:31:14","guid":{"rendered":"https:\/\/www.coreit.cz\/atlassian\/?page_id=2632"},"modified":"2026-02-17T21:37:36","modified_gmt":"2026-02-17T20:37:36","slug":"jira-rizeni-projektu","status":"publish","type":"page","link":"https:\/\/www.coreit.cz\/atlassian\/jira-rizeni-projektu\/","title":{"rendered":"Jira &#8211; \u0159\u00edzen\u00ed projekt\u016f a t\u00fdm\u016f"},"content":{"rendered":"\n<blockquote class=\"wp-block-quote is-layout-flow wp-block-quote-is-layout-flow\">\n<h4 class=\"wp-block-heading\" style=\"font-size:15px\"><strong>Jira <\/strong>je modern\u00ed platforma pro \u0159\u00edzen\u00ed pr\u00e1ce, kter\u00e1 propojuje t\u00fdmy, jejich \u00fakoly a procesy do jednoho p\u0159ehledn\u00e9ho a flexibiln\u00edho syst\u00e9mu. Kouzlo tohoto n\u00e1stroje vysv\u011btluje jednoduch\u00e1 definice \u2013 va\u0161i kolegov\u00e9 budou m\u00edt snaz\u0161\u00ed p\u0159\u00edstup k obsahu, bude se jim l\u00e9pe komunikovat, nebudou ztr\u00e1cet drahocenn\u00fd \u010das psan\u00edm e-mail\u016f a pl\u00e1nov\u00e1n\u00edm neefektivn\u00edch sch\u016fzek = rychleji dokon\u010d\u00ed svou pr\u00e1ci a budou spokojen\u011bj\u0161\u00ed. <\/h4>\n<\/blockquote>\n\n\n\n<div class=\"wp-block-group is-vertical is-content-justification-stretch is-layout-flex wp-container-core-group-is-layout-b16ad781 wp-block-group-is-layout-flex\">\n<div class=\"wp-block-columns is-layout-flex wp-container-core-columns-is-layout-9d6595d7 wp-block-columns-is-layout-flex\">\n<div class=\"wp-block-column is-layout-flow wp-block-column-is-layout-flow\" style=\"flex-basis:33.34%\"><\/div>\n\n\n\n<div class=\"wp-block-column is-layout-flow wp-block-column-is-layout-flow\" style=\"flex-basis:33.34%\">\n<figure class=\"wp-block-image size-full is-resized\"><img loading=\"lazy\" decoding=\"async\" width=\"282\" height=\"328\" src=\"https:\/\/www.coreit.cz\/atlassian\/wp-content\/uploads\/2026\/02\/Jira_attribution_center_light.png\" alt=\"\" class=\"wp-image-2664\" style=\"aspect-ratio:0.8597789771267026;width:181px;height:auto\"\/><\/figure>\n<\/div>\n\n\n\n<div class=\"wp-block-column is-layout-flow wp-block-column-is-layout-flow\" style=\"flex-basis:33.33%\"><\/div>\n<\/div>\n<\/div>\n\n\n\n<div style=\"height:144px\" aria-hidden=\"true\" class=\"wp-block-spacer\"><\/div>\n\n\n\n<h3 class=\"wp-block-heading\">Co je Jira<\/h3>\n\n\n\n<p style=\"font-size:15px\"><strong>Jira <\/strong>umo\u017e\u0148uje pl\u00e1novat, sledovat i vyhodnocovat pr\u00e1ci nap\u0159\u00ed\u010d projekty, podporuje agiln\u00ed \u0159\u00edzen\u00ed a poskytuje jasnou viditelnost nad v\u0161emi aktivitami ve firm\u011b. D\u00edky \u0161irok\u00fdm mo\u017enostem konfigurace, automatizaci a integrac\u00edm dok\u00e1\u017ee Jira p\u0159izp\u016fsobit zp\u016fsob pr\u00e1ce pot\u0159eb\u00e1m mal\u00fdch t\u00fdm\u016f i rozs\u00e1hl\u00fdch organizac\u00ed. St\u00e1v\u00e1 se tak centr\u00e1ln\u00edm m\u00edstem, kde lid\u00e9 koordinuj\u00ed svou \u010dinnost, \u0159e\u0161\u00ed po\u017eadavky, komunikuj\u00ed a posouvaj\u00ed projekty kup\u0159edu. Jira je jednodu\u0161e srdcem firemn\u00edch proces\u016f \u2014 propojuje lidi, informace a pr\u00e1ci do jednoho funk\u010dn\u00edho celku. <\/p>\n\n\n\n<p style=\"font-size:15px\">Vy m\u016f\u017eete sledovat jednotliv\u00e9 \u00fakoly a jejich aktu\u00e1ln\u00ed stav, agiln\u011b pl\u00e1novat v\u00fdvoj, sledovat aktivitu a mnoho dal\u0161\u00edho. Dalo by se \u0159\u00edct, \u017ee Jira je virtu\u00e1ln\u00edm m\u00edstem, kde se setk\u00e1v\u00e1 cel\u00fd t\u00fdm. Je navr\u017eena pro \u0159\u00edzen\u00ed projekt\u016f, ale i firemn\u00edch proces\u016f. V dne\u0161n\u00ed dob\u011b rychle se m\u011bn\u00edc\u00edch business po\u017eadavk\u016f, kdy je pot\u0159eba m\u00edt okam\u017eit\u00fd a nep\u0159etr\u017eit\u00fd p\u0159\u00edstup k aktu\u00e1ln\u00edm dat\u016fm, je Jira nepostradateln\u00fdm n\u00e1strojem.<\/p>\n\n\n\n<p><\/p>\n\n\n\n<p><em>Pokud p\u0159em\u00fd\u0161l\u00edte nad t\u00edm, \u017ee Jira je \u0159e\u0161en\u00ed pro \u0159\u00edzen\u00ed Va\u0161ich projekt\u016f a cht\u011bli byste toho v\u011bd\u011bt je\u0161t\u011b v\u00edc, kontaktujte n\u00e1s.<\/em><\/p>\n\n\n\n<div class=\"wp-block-buttons is-layout-flex wp-block-buttons-is-layout-flex\">\n<div class=\"wp-block-button\"><a class=\"wp-block-button__link wp-element-button\" href=\"https:\/\/www.coreit.cz\/atlassian\/#kontakt\">Kontaktujte n\u00e1s<\/a><\/div>\n<\/div>\n\n\n\n<div style=\"height:96px\" aria-hidden=\"true\" class=\"wp-block-spacer\"><\/div>\n\n\n\n<div style=\"height:18px\" aria-hidden=\"true\" class=\"wp-block-spacer\"><\/div>\n\n\n\n<div class=\"wp-block-group is-layout-grid wp-container-core-group-is-layout-baef362d wp-block-group-is-layout-grid\">\n<div class=\"wp-block-columns is-layout-flex wp-container-core-columns-is-layout-9d6595d7 wp-block-columns-is-layout-flex\">\n<div class=\"wp-block-column is-layout-flow wp-block-column-is-layout-flow\" style=\"flex-basis:50%\">\n<figure class=\"wp-block-image size-full is-resized\"><img loading=\"lazy\" decoding=\"async\" width=\"763\" height=\"236\" src=\"https:\/\/www.coreit.cz\/atlassian\/wp-content\/uploads\/2026\/02\/projects.png\" alt=\"\" class=\"wp-image-2665\" style=\"width:200px\"\/><\/figure>\n<\/div>\n<\/div>\n\n\n\n<div class=\"wp-block-group is-vertical is-content-justification-stretch is-layout-flex wp-container-core-group-is-layout-b16ad781 wp-block-group-is-layout-flex\">\n<p style=\"font-size:15px\"><strong>Jira \u2013 centr\u00e1ln\u00ed m\u00edsto pro \u0159\u00edzen\u00ed pr\u00e1ce, projekt\u016f a proces\u016f<\/strong><\/p>\n\n\n\n<ul class=\"wp-block-list\">\n<li style=\"font-size:15px\">\u0158\u00edzen\u00ed projekt\u016f, \u00fakol\u016f a intern\u00edch firemn\u00edch proces\u016f<\/li>\n\n\n\n<li>Podpora agiln\u00edch metodik (Scrum, Kanban, hybridn\u00ed p\u0159\u00edstupy)<\/li>\n\n\n\n<li>Transparentn\u00ed pl\u00e1nov\u00e1n\u00ed a sledov\u00e1n\u00ed pr\u00e1ce nap\u0159\u00ed\u010d t\u00fdmy<\/li>\n\n\n\n<li>Automatizace proces\u016f bez nutnosti programov\u00e1n\u00ed vestav\u011bnou automatizac\u00ed<\/li>\n\n\n\n<li>Jasn\u00e1 viditelnost nad workloadem, prioritami a stavem pr\u00e1ce<\/li>\n\n\n\n<li style=\"font-size:15px\">Propojen\u00ed s Confluence pro sd\u00edlen\u00ed znalost\u00ed a dokumentace<\/li>\n<\/ul>\n<\/div>\n<\/div>\n\n\n\n<div style=\"height:51px\" aria-hidden=\"true\" class=\"wp-block-spacer\"><\/div>\n\n\n\n<div class=\"wp-block-group is-layout-grid wp-container-core-group-is-layout-baef362d wp-block-group-is-layout-grid\">\n<div class=\"wp-block-columns is-layout-flex wp-container-core-columns-is-layout-9d6595d7 wp-block-columns-is-layout-flex\">\n<div class=\"wp-block-column is-layout-flow wp-block-column-is-layout-flow\" style=\"flex-basis:50%\">\n<figure class=\"wp-block-image size-full is-resized\"><img loading=\"lazy\" decoding=\"async\" width=\"464\" height=\"150\" src=\"https:\/\/www.coreit.cz\/atlassian\/wp-content\/uploads\/2026\/02\/Rovo_attribution_light.png\" alt=\"Rovo UI AI\" class=\"wp-image-2581\" style=\"width:200px\"\/><\/figure>\n<\/div>\n<\/div>\n\n\n\n<div class=\"wp-block-group is-vertical is-content-justification-stretch is-layout-flex wp-container-core-group-is-layout-b16ad781 wp-block-group-is-layout-flex\">\n<p style=\"font-size:15px\"><strong>ROVO \u2013 Integrovan\u00e1 um\u011bl\u00e1 inteligence<\/strong><\/p>\n\n\n\n<ul class=\"wp-block-list\">\n<li style=\"font-size:15px\">AI\u2011podpora rozhodov\u00e1n\u00ed<\/li>\n\n\n\n<li>Prediktivn\u00ed doporu\u010den\u00ed a prevence probl\u00e9m\u016f<\/li>\n\n\n\n<li>Automatick\u00e9 generov\u00e1n\u00ed znalostn\u00ed b\u00e1ze<\/li>\n\n\n\n<li>Chytr\u00e1 anal\u00fdza kontextu nap\u0159\u00ed\u010d n\u00e1stroji<\/li>\n\n\n\n<li>Zrychlen\u00ed pr\u00e1ce t\u00fdm\u016f nap\u0159\u00ed\u010d Dev, IT a z\u00e1kaznickou podporou<\/li>\n\n\n\n<li style=\"font-size:15px\">Podpora MCP pro integraci s jin\u00fdmi AI a v\u00fdvoj\u00e1\u0159sk\u00fdmi n\u00e1stroji s podporou AI<\/li>\n<\/ul>\n<\/div>\n<\/div>\n\n\n\n<div style=\"height:49px\" aria-hidden=\"true\" class=\"wp-block-spacer\"><\/div>\n\n\n\n<div class=\"wp-block-group is-layout-grid wp-container-core-group-is-layout-baef362d wp-block-group-is-layout-grid\">\n<div class=\"wp-block-columns is-layout-flex wp-container-core-columns-is-layout-9d6595d7 wp-block-columns-is-layout-flex\">\n<div class=\"wp-block-column is-layout-flow wp-block-column-is-layout-flow\" style=\"flex-basis:50%\">\n<figure class=\"wp-block-image size-full is-resized\"><img loading=\"lazy\" decoding=\"async\" width=\"360\" height=\"360\" src=\"https:\/\/www.coreit.cz\/atlassian\/wp-content\/uploads\/2026\/02\/AT14JHH.png\" alt=\"\" class=\"wp-image-2643\" style=\"width:200px\"\/><\/figure>\n<\/div>\n<\/div>\n\n\n\n<div class=\"wp-block-group is-vertical is-content-justification-stretch is-layout-flex wp-container-core-group-is-layout-b16ad781 wp-block-group-is-layout-flex\">\n<p style=\"font-size:15px\"><strong><strong>Boardy, sprinty a \u0159\u00edzen\u00ed  t\u00fdm\u016f<\/strong><\/strong><\/p>\n\n\n\n<ul class=\"wp-block-list\">\n<li style=\"font-size:15px\">Kanban a Sprint boardy pro efektivn\u00ed \u0159\u00edzen\u00ed pr\u00e1ce<\/li>\n\n\n\n<li>Roadmapy pro kr\u00e1tkodob\u00e9 i dlouhodob\u00e9 pl\u00e1nov\u00e1n\u00ed<\/li>\n\n\n\n<li>Metriky a reporty pro lep\u0161\u00ed rozhodov\u00e1n\u00ed<\/li>\n\n\n\n<li>Podpora pro agiln\u00ed reporty, kter\u00e9 poskytnou manager\u016fm zp\u011btnou vazbu<\/li>\n<\/ul>\n<\/div>\n<\/div>\n\n\n\n<div style=\"height:51px\" aria-hidden=\"true\" class=\"wp-block-spacer\"><\/div>\n\n\n\n<div class=\"wp-block-group is-layout-grid wp-container-core-group-is-layout-baef362d wp-block-group-is-layout-grid\">\n<div class=\"wp-block-columns is-layout-flex wp-container-core-columns-is-layout-9d6595d7 wp-block-columns-is-layout-flex\">\n<div class=\"wp-block-column is-layout-flow wp-block-column-is-layout-flow\" style=\"flex-basis:50%\">\n<figure class=\"wp-block-image size-full is-resized\"><img loading=\"lazy\" decoding=\"async\" width=\"262\" height=\"198\" src=\"https:\/\/www.coreit.cz\/atlassian\/wp-content\/uploads\/2026\/02\/JSW-Guides-Homepage-.png\" alt=\"\" class=\"wp-image-2644\" style=\"width:200px\"\/><\/figure>\n<\/div>\n<\/div>\n\n\n\n<div class=\"wp-block-group is-vertical is-content-justification-stretch is-layout-flex wp-container-core-group-is-layout-b16ad781 wp-block-group-is-layout-flex\">\n<p style=\"font-size:15px\"><strong><strong>Workflow management<\/strong><\/strong><\/p>\n\n\n\n<ul class=\"wp-block-list\">\n<li style=\"font-size:15px\">Vytv\u00e1\u0159en\u00ed vlastn\u00edch workflow pro jak\u00fdkoliv proces<\/li>\n\n\n\n<li>Automatizovan\u00e9 p\u0159echody, SLA, upozorn\u011bn\u00ed i schvalov\u00e1n\u00ed<\/li>\n\n\n\n<li>P\u0159izp\u016fsoben\u00ed bez v\u00fdvoje (drag &amp; drop editace)<\/li>\n\n\n\n<li style=\"font-size:15px\">P\u0159eveden\u00ed libovoln\u00e9ho firemn\u00edho procesu do digit\u00e1ln\u00ed podoby se schvalov\u00e1n\u00edm<\/li>\n<\/ul>\n<\/div>\n<\/div>\n\n\n\n<div style=\"height:49px\" aria-hidden=\"true\" class=\"wp-block-spacer\"><\/div>\n\n\n\n<div class=\"wp-block-group is-layout-grid wp-container-core-group-is-layout-baef362d wp-block-group-is-layout-grid\">\n<div class=\"wp-block-columns is-layout-flex wp-container-core-columns-is-layout-9d6595d7 wp-block-columns-is-layout-flex\">\n<div class=\"wp-block-column is-layout-flow wp-block-column-is-layout-flow\" style=\"flex-basis:50%\">\n<figure class=\"wp-block-image size-full is-resized\"><img loading=\"lazy\" decoding=\"async\" width=\"494\" height=\"124\" src=\"https:\/\/www.coreit.cz\/atlassian\/wp-content\/uploads\/2026\/02\/Atlassian-Marketplace-attribution-brand-RGB-2x.png\" alt=\"\" class=\"wp-image-2641\" style=\"width:200px\"\/><\/figure>\n<\/div>\n<\/div>\n\n\n\n<div class=\"wp-block-group is-vertical is-content-justification-stretch is-nowrap is-layout-flex wp-container-core-group-is-layout-41f9fede wp-block-group-is-layout-flex\">\n<p style=\"font-size:15px\"><strong><strong><strong><strong>Integrace a roz\u0161i\u0159itelnost<\/strong><\/strong><\/strong><\/strong><\/p>\n\n\n\n<ul class=\"wp-block-list\">\n<li style=\"font-size:15px\">Napojen\u00ed na stovky aplikac\u00ed z Atlassian Marketplace<\/li>\n\n\n\n<li>Integrace s Confluence, Bitbucket, Slack, Teams a dal\u0161\u00edmi n\u00e1stroji<\/li>\n\n\n\n<li>Mo\u017enost vlastn\u00edch aplikac\u00ed pomoc\u00ed programovac\u00edho jazyka a platformy Forge nebo REST API<\/li>\n\n\n\n<li style=\"font-size:15px\">Podpora AI a automatizace proces\u016f<\/li>\n<\/ul>\n<\/div>\n<\/div>\n\n\n\n<div style=\"height:51px\" aria-hidden=\"true\" class=\"wp-block-spacer\"><\/div>\n\n\n\n<h3 class=\"wp-block-heading\"><strong>JAK TO FUNGUJE<\/strong><\/h3>\n\n\n\n<p><strong>Jira <\/strong>je flexibiln\u00ed n\u00e1stroj pro organizaci, koordinaci a sledov\u00e1n\u00ed pr\u00e1ce, kter\u00fd pom\u00e1h\u00e1 t\u00fdm\u016fm udr\u017eet po\u0159\u00e1dek i ve slo\u017eit\u00fdch projektech. Nab\u00edz\u00ed strukturovan\u00fd zp\u016fsob, jak pl\u00e1novat \u00fakoly, sledovat jejich pr\u016fb\u011bh a rychle reagovat na zm\u011bny priorit. D\u00edky mo\u017enosti vytv\u00e1\u0159et vlastn\u00ed workflow, automatizovat rutinn\u00ed kroky a p\u0159izp\u016fsobit si prost\u0159ed\u00ed p\u0159esn\u011b podle pot\u0159eb firmy se Jira snadno p\u0159izp\u016fsob\u00ed jak men\u0161\u00edm t\u00fdm\u016fm, tak i rozs\u00e1hl\u00fdm organizac\u00edm. T\u00fdmy z\u00edskaj\u00ed jasn\u00fd p\u0159ehled o tom, co se pr\u00e1v\u011b d\u011bje, kdo na \u010dem pracuje a jak pr\u00e1ce postupuje. Jira tak pom\u00e1h\u00e1 eliminovat zmatek, zvy\u0161ovat odpov\u011bdnost a podporovat efektivn\u00ed spolupr\u00e1ci nap\u0159\u00ed\u010d celou firmou.<\/p>\n\n\n\n<p><\/p>\n\n\n\n<p><\/p>\n\n\n\n<p><\/p>\n\n\n\n<p>V\u00edce o t\u011bchto n\u00e1stroj\u00edch se tak\u00e9 dozv\u00edte na ofici\u00e1ln\u00edm webu spole\u010dnosti&nbsp;<a rel=\"noreferrer noopener\" aria-label=\"Atlassian (otev\u0159e se na nov\u00e9 z\u00e1lo\u017ece)\" href=\"https:\/\/www.atlassian.com\/\" target=\"_blank\">Atlassian<\/a>.<\/p>\n\n\n\n<hr class=\"wp-block-separator has-css-opacity is-style-wide\"\/>\n\n\n\n<p class=\"has-text-align-center\"><em>Pokud p\u0159em\u00fd\u0161l\u00edte nad t\u00edm, \u017ee Jira je to prav\u00e9 o\u0159echov\u00e9 pro V\u00e1s a Va\u0161i spole\u010dnost, ale cht\u011bli byste toho v\u011bd\u011bt je\u0161t\u011b v\u00edc, <\/em><a href=\"https:\/\/www.coreit.cz\/atlassian\/#kontakt\"><em>napi\u0161te n\u00e1m<\/em><\/a><em> a my V\u00e1s zahrneme v\u0161emi dostupn\u00fdmi informacemi.<\/em><\/p>\n\n\n\n<p><\/p>\n","protected":false},"excerpt":{"rendered":"<p>N\u00e1stroj, kter\u00fd spojuje lidi a jejich pr\u00e1ci, pro mal\u00e9 i velk\u00e9 t\u00fdmy. <\/p>\n","protected":false},"author":1,"featured_media":0,"parent":0,"menu_order":0,"comment_status":"closed","ping_status":"closed","template":"","meta":{"footnotes":""},"class_list":["post-2632","page","type-page","status-publish","hentry"],"yoast_head":"<!-- This site is optimized with the Yoast SEO plugin v27.1.1 - https:\/\/yoast.com\/product\/yoast-seo-wordpress\/ -->\n<title>Jira - \u0159\u00edzen\u00ed projekt\u016f a t\u00fdm\u016f - CoreIT- Atlassian Partner<\/title>\n<meta name=\"description\" content=\"Jira je modern\u00ed platforma pro \u0159\u00edzen\u00ed pr\u00e1ce, kter\u00e1 propojuje t\u00fdmy, jejich \u00fakoly a procesy do jednoho p\u0159ehledn\u00e9ho a flexibiln\u00edho syst\u00e9mu.\" \/>\n<meta name=\"robots\" content=\"index, follow, max-snippet:-1, max-image-preview:large, max-video-preview:-1\" \/>\n<link rel=\"canonical\" href=\"https:\/\/www.coreit.cz\/atlassian\/jira-rizeni-projektu\/\" \/>\n<meta property=\"og:locale\" content=\"en_US\" \/>\n<meta property=\"og:type\" content=\"article\" \/>\n<meta property=\"og:title\" content=\"Jira - \u0159\u00edzen\u00ed projekt\u016f a t\u00fdm\u016f - CoreIT- Atlassian Partner\" \/>\n<meta property=\"og:description\" content=\"Jira je modern\u00ed platforma pro \u0159\u00edzen\u00ed pr\u00e1ce, kter\u00e1 propojuje t\u00fdmy, jejich \u00fakoly a procesy do jednoho p\u0159ehledn\u00e9ho a flexibiln\u00edho syst\u00e9mu.\" \/>\n<meta property=\"og:url\" content=\"https:\/\/www.coreit.cz\/atlassian\/jira-rizeni-projektu\/\" \/>\n<meta property=\"og:site_name\" content=\"CoreIT- Atlassian Partner\" \/>\n<meta property=\"article:publisher\" content=\"https:\/\/www.facebook.com\/coreitcz\" \/>\n<meta property=\"article:modified_time\" content=\"2026-02-17T20:37:36+00:00\" \/>\n<meta property=\"og:image\" content=\"https:\/\/www.coreit.cz\/atlassian\/wp-content\/uploads\/2026\/02\/Jira_attribution_center_light.png\" \/>\n\t<meta property=\"og:image:width\" content=\"282\" \/>\n\t<meta property=\"og:image:height\" content=\"328\" \/>\n\t<meta property=\"og:image:type\" content=\"image\/png\" \/>\n<meta name=\"twitter:card\" content=\"summary_large_image\" \/>\n<meta name=\"twitter:site\" content=\"@CoreITcz\" \/>\n<meta name=\"twitter:label1\" content=\"Est. reading time\" \/>\n\t<meta name=\"twitter:data1\" content=\"4 minutes\" \/>\n<script type=\"application\/ld+json\" class=\"yoast-schema-graph\">{\"@context\":\"https:\/\/schema.org\",\"@graph\":[{\"@type\":\"WebPage\",\"@id\":\"https:\/\/www.coreit.cz\/atlassian\/jira-rizeni-projektu\/\",\"url\":\"https:\/\/www.coreit.cz\/atlassian\/jira-rizeni-projektu\/\",\"name\":\"Jira - \u0159\u00edzen\u00ed projekt\u016f a t\u00fdm\u016f - CoreIT- Atlassian Partner\",\"isPartOf\":{\"@id\":\"https:\/\/www.coreit.cz\/atlassian\/#website\"},\"primaryImageOfPage\":{\"@id\":\"https:\/\/www.coreit.cz\/atlassian\/jira-rizeni-projektu\/#primaryimage\"},\"image\":{\"@id\":\"https:\/\/www.coreit.cz\/atlassian\/jira-rizeni-projektu\/#primaryimage\"},\"thumbnailUrl\":\"https:\/\/www.coreit.cz\/atlassian\/wp-content\/uploads\/2026\/02\/Jira_attribution_center_light.png\",\"datePublished\":\"2026-02-17T12:31:14+00:00\",\"dateModified\":\"2026-02-17T20:37:36+00:00\",\"description\":\"Jira je modern\u00ed platforma pro \u0159\u00edzen\u00ed pr\u00e1ce, kter\u00e1 propojuje t\u00fdmy, jejich \u00fakoly a procesy do jednoho p\u0159ehledn\u00e9ho a flexibiln\u00edho syst\u00e9mu.\",\"breadcrumb\":{\"@id\":\"https:\/\/www.coreit.cz\/atlassian\/jira-rizeni-projektu\/#breadcrumb\"},\"inLanguage\":\"en-US\",\"potentialAction\":[{\"@type\":\"ReadAction\",\"target\":[\"https:\/\/www.coreit.cz\/atlassian\/jira-rizeni-projektu\/\"]}]},{\"@type\":\"ImageObject\",\"inLanguage\":\"en-US\",\"@id\":\"https:\/\/www.coreit.cz\/atlassian\/jira-rizeni-projektu\/#primaryimage\",\"url\":\"https:\/\/www.coreit.cz\/atlassian\/wp-content\/uploads\/2026\/02\/Jira_attribution_center_light.png\",\"contentUrl\":\"https:\/\/www.coreit.cz\/atlassian\/wp-content\/uploads\/2026\/02\/Jira_attribution_center_light.png\",\"width\":282,\"height\":328},{\"@type\":\"BreadcrumbList\",\"@id\":\"https:\/\/www.coreit.cz\/atlassian\/jira-rizeni-projektu\/#breadcrumb\",\"itemListElement\":[{\"@type\":\"ListItem\",\"position\":1,\"name\":\"Dom\u016f\",\"item\":\"https:\/\/www.coreit.cz\/atlassian\/\"},{\"@type\":\"ListItem\",\"position\":2,\"name\":\"Jira &#8211; \u0159\u00edzen\u00ed projekt\u016f a t\u00fdm\u016f\"}]},{\"@type\":\"WebSite\",\"@id\":\"https:\/\/www.coreit.cz\/atlassian\/#website\",\"url\":\"https:\/\/www.coreit.cz\/atlassian\/\",\"name\":\"CoreIT Atlassian\",\"description\":\"\",\"publisher\":{\"@id\":\"https:\/\/www.coreit.cz\/atlassian\/#organization\"},\"potentialAction\":[{\"@type\":\"SearchAction\",\"target\":{\"@type\":\"EntryPoint\",\"urlTemplate\":\"https:\/\/www.coreit.cz\/atlassian\/?s={search_term_string}\"},\"query-input\":{\"@type\":\"PropertyValueSpecification\",\"valueRequired\":true,\"valueName\":\"search_term_string\"}}],\"inLanguage\":\"en-US\"},{\"@type\":\"Organization\",\"@id\":\"https:\/\/www.coreit.cz\/atlassian\/#organization\",\"name\":\"CoreIT s.r.o.\",\"url\":\"https:\/\/www.coreit.cz\/atlassian\/\",\"logo\":{\"@type\":\"ImageObject\",\"inLanguage\":\"en-US\",\"@id\":\"https:\/\/www.coreit.cz\/atlassian\/#\/schema\/logo\/image\/\",\"url\":\"https:\/\/www.coreit.cz\/atlassian\/wp-content\/uploads\/2019\/06\/CoreIT_core.png\",\"contentUrl\":\"https:\/\/www.coreit.cz\/atlassian\/wp-content\/uploads\/2019\/06\/CoreIT_core.png\",\"width\":1500,\"height\":1500,\"caption\":\"CoreIT s.r.o.\"},\"image\":{\"@id\":\"https:\/\/www.coreit.cz\/atlassian\/#\/schema\/logo\/image\/\"},\"sameAs\":[\"https:\/\/www.facebook.com\/coreitcz\",\"https:\/\/x.com\/CoreITcz\",\"https:\/\/www.instagram.com\/coreit.cz\/\",\"https:\/\/www.linkedin.com\/company\/coreitcz\/\"]}]}<\/script>\n<!-- \/ Yoast SEO plugin. -->","yoast_head_json":{"title":"Jira - \u0159\u00edzen\u00ed projekt\u016f a t\u00fdm\u016f - CoreIT- Atlassian Partner","description":"Jira je modern\u00ed platforma pro \u0159\u00edzen\u00ed pr\u00e1ce, kter\u00e1 propojuje t\u00fdmy, jejich \u00fakoly a procesy do jednoho p\u0159ehledn\u00e9ho a flexibiln\u00edho syst\u00e9mu.","robots":{"index":"index","follow":"follow","max-snippet":"max-snippet:-1","max-image-preview":"max-image-preview:large","max-video-preview":"max-video-preview:-1"},"canonical":"https:\/\/www.coreit.cz\/atlassian\/jira-rizeni-projektu\/","og_locale":"en_US","og_type":"article","og_title":"Jira - \u0159\u00edzen\u00ed projekt\u016f a t\u00fdm\u016f - CoreIT- Atlassian Partner","og_description":"Jira je modern\u00ed platforma pro \u0159\u00edzen\u00ed pr\u00e1ce, kter\u00e1 propojuje t\u00fdmy, jejich \u00fakoly a procesy do jednoho p\u0159ehledn\u00e9ho a flexibiln\u00edho syst\u00e9mu.","og_url":"https:\/\/www.coreit.cz\/atlassian\/jira-rizeni-projektu\/","og_site_name":"CoreIT- Atlassian Partner","article_publisher":"https:\/\/www.facebook.com\/coreitcz","article_modified_time":"2026-02-17T20:37:36+00:00","og_image":[{"width":282,"height":328,"url":"https:\/\/www.coreit.cz\/atlassian\/wp-content\/uploads\/2026\/02\/Jira_attribution_center_light.png","type":"image\/png"}],"twitter_card":"summary_large_image","twitter_site":"@CoreITcz","twitter_misc":{"Est. reading time":"4 minutes"},"schema":{"@context":"https:\/\/schema.org","@graph":[{"@type":"WebPage","@id":"https:\/\/www.coreit.cz\/atlassian\/jira-rizeni-projektu\/","url":"https:\/\/www.coreit.cz\/atlassian\/jira-rizeni-projektu\/","name":"Jira - \u0159\u00edzen\u00ed projekt\u016f a t\u00fdm\u016f - CoreIT- Atlassian Partner","isPartOf":{"@id":"https:\/\/www.coreit.cz\/atlassian\/#website"},"primaryImageOfPage":{"@id":"https:\/\/www.coreit.cz\/atlassian\/jira-rizeni-projektu\/#primaryimage"},"image":{"@id":"https:\/\/www.coreit.cz\/atlassian\/jira-rizeni-projektu\/#primaryimage"},"thumbnailUrl":"https:\/\/www.coreit.cz\/atlassian\/wp-content\/uploads\/2026\/02\/Jira_attribution_center_light.png","datePublished":"2026-02-17T12:31:14+00:00","dateModified":"2026-02-17T20:37:36+00:00","description":"Jira je modern\u00ed platforma pro \u0159\u00edzen\u00ed pr\u00e1ce, kter\u00e1 propojuje t\u00fdmy, jejich \u00fakoly a procesy do jednoho p\u0159ehledn\u00e9ho a flexibiln\u00edho syst\u00e9mu.","breadcrumb":{"@id":"https:\/\/www.coreit.cz\/atlassian\/jira-rizeni-projektu\/#breadcrumb"},"inLanguage":"en-US","potentialAction":[{"@type":"ReadAction","target":["https:\/\/www.coreit.cz\/atlassian\/jira-rizeni-projektu\/"]}]},{"@type":"ImageObject","inLanguage":"en-US","@id":"https:\/\/www.coreit.cz\/atlassian\/jira-rizeni-projektu\/#primaryimage","url":"https:\/\/www.coreit.cz\/atlassian\/wp-content\/uploads\/2026\/02\/Jira_attribution_center_light.png","contentUrl":"https:\/\/www.coreit.cz\/atlassian\/wp-content\/uploads\/2026\/02\/Jira_attribution_center_light.png","width":282,"height":328},{"@type":"BreadcrumbList","@id":"https:\/\/www.coreit.cz\/atlassian\/jira-rizeni-projektu\/#breadcrumb","itemListElement":[{"@type":"ListItem","position":1,"name":"Dom\u016f","item":"https:\/\/www.coreit.cz\/atlassian\/"},{"@type":"ListItem","position":2,"name":"Jira &#8211; \u0159\u00edzen\u00ed projekt\u016f a t\u00fdm\u016f"}]},{"@type":"WebSite","@id":"https:\/\/www.coreit.cz\/atlassian\/#website","url":"https:\/\/www.coreit.cz\/atlassian\/","name":"CoreIT Atlassian","description":"","publisher":{"@id":"https:\/\/www.coreit.cz\/atlassian\/#organization"},"potentialAction":[{"@type":"SearchAction","target":{"@type":"EntryPoint","urlTemplate":"https:\/\/www.coreit.cz\/atlassian\/?s={search_term_string}"},"query-input":{"@type":"PropertyValueSpecification","valueRequired":true,"valueName":"search_term_string"}}],"inLanguage":"en-US"},{"@type":"Organization","@id":"https:\/\/www.coreit.cz\/atlassian\/#organization","name":"CoreIT s.r.o.","url":"https:\/\/www.coreit.cz\/atlassian\/","logo":{"@type":"ImageObject","inLanguage":"en-US","@id":"https:\/\/www.coreit.cz\/atlassian\/#\/schema\/logo\/image\/","url":"https:\/\/www.coreit.cz\/atlassian\/wp-content\/uploads\/2019\/06\/CoreIT_core.png","contentUrl":"https:\/\/www.coreit.cz\/atlassian\/wp-content\/uploads\/2019\/06\/CoreIT_core.png","width":1500,"height":1500,"caption":"CoreIT s.r.o."},"image":{"@id":"https:\/\/www.coreit.cz\/atlassian\/#\/schema\/logo\/image\/"},"sameAs":["https:\/\/www.facebook.com\/coreitcz","https:\/\/x.com\/CoreITcz","https:\/\/www.instagram.com\/coreit.cz\/","https:\/\/www.linkedin.com\/company\/coreitcz\/"]}]}},"_links":{"self":[{"href":"https:\/\/www.coreit.cz\/atlassian\/wp-json\/wp\/v2\/pages\/2632","targetHints":{"allow":["GET"]}}],"collection":[{"href":"https:\/\/www.coreit.cz\/atlassian\/wp-json\/wp\/v2\/pages"}],"about":[{"href":"https:\/\/www.coreit.cz\/atlassian\/wp-json\/wp\/v2\/types\/page"}],"author":[{"embeddable":true,"href":"https:\/\/www.coreit.cz\/atlassian\/wp-json\/wp\/v2\/users\/1"}],"replies":[{"embeddable":true,"href":"https:\/\/www.coreit.cz\/atlassian\/wp-json\/wp\/v2\/comments?post=2632"}],"version-history":[{"count":20,"href":"https:\/\/www.coreit.cz\/atlassian\/wp-json\/wp\/v2\/pages\/2632\/revisions"}],"predecessor-version":[{"id":2721,"href":"https:\/\/www.coreit.cz\/atlassian\/wp-json\/wp\/v2\/pages\/2632\/revisions\/2721"}],"wp:attachment":[{"href":"https:\/\/www.coreit.cz\/atlassian\/wp-json\/wp\/v2\/media?parent=2632"}],"curies":[{"name":"wp","href":"https:\/\/api.w.org\/{rel}","templated":true}]}}