{"id":2684,"date":"2026-02-17T18:26:35","date_gmt":"2026-02-17T17:26:35","guid":{"rendered":"https:\/\/www.coreit.cz\/atlassian\/?page_id=2684"},"modified":"2026-02-17T21:15:43","modified_gmt":"2026-02-17T20:15:43","slug":"atlassian-guard","status":"publish","type":"page","link":"https:\/\/www.coreit.cz\/atlassian\/atlassian-guard\/","title":{"rendered":"Atlassian Guard"},"content":{"rendered":"\n<blockquote class=\"wp-block-quote is-layout-flow wp-block-quote-is-layout-flow\">\n<h4 class=\"wp-block-heading\" style=\"font-size:15px\">Atlassian Guard poskytuje jednotnou bezpe\u010dnostn\u00ed vrstvu pro v\u0161echny Atlassian Cloud produkty, kter\u00e1 chr\u00e1n\u00ed firemn\u00ed data. Jeho n\u00e1strojem jsou pokro\u010dil\u00e9 p\u0159\u00edstupov\u00e9 politiky, prevence \u00faniku informac\u00ed a centralizovan\u00e9 \u0159\u00edzen\u00ed identity. Aktivn\u011b monitoruje podez\u0159el\u00e9 chov\u00e1n\u00ed a odhaluje rizikov\u00e9 aktivity v re\u00e1ln\u00e9m \u010dase, aby upozornil na hrozby d\u0159\u00edve, ne\u017e zp\u016fsob\u00ed incident. Umo\u017e\u0148uje bezpe\u010dnostn\u00edm t\u00fdm\u016fm rychle reagovat pomoc\u00ed p\u0159ehledn\u00fdch auditn\u00edch z\u00e1znam\u016f, doporu\u010den\u00fdch krok\u016f a automatizovan\u00fdch detekc\u00ed. Jako komplexn\u00ed \u0159e\u0161en\u00ed sjednocuje ochranu, detekci i reakci pod jednu st\u0159echu a v\u00fdrazn\u011b posiluje bezpe\u010dnost cel\u00e9ho firemn\u00edho prost\u0159ed\u00ed.<\/h4>\n<\/blockquote>\n\n\n\n<div style=\"height:28px\" aria-hidden=\"true\" class=\"wp-block-spacer\"><\/div>\n\n\n<div class=\"wp-block-image\">\n<figure class=\"aligncenter size-full is-resized\"><img loading=\"lazy\" decoding=\"async\" width=\"1445\" height=\"387\" src=\"https:\/\/www.coreit.cz\/atlassian\/wp-content\/uploads\/2026\/02\/guard_logo.png\" alt=\"\" class=\"wp-image-2686\" style=\"aspect-ratio:4.09641041931385;width:533px;height:auto\"\/><\/figure>\n<\/div>\n\n\n<div style=\"height:35px\" aria-hidden=\"true\" class=\"wp-block-spacer\"><\/div>\n\n\n\n<h3 class=\"wp-block-heading\">Co je GUARD<\/h3>\n\n\n\n<p style=\"font-size:15px\">Atlassian Guard chr\u00e1n\u00ed data a u\u017eivatelsk\u00fd p\u0159\u00edstup nap\u0159\u00ed\u010d cel\u00fdm Atlassian Cloudem pomoc\u00ed centralizovan\u00fdch bezpe\u010dnostn\u00edch politik. Poskytuje pokro\u010dil\u00e9 n\u00e1stroje pro prevenci \u00faniku dat, spr\u00e1vu identity a \u0159\u00edzen\u00ed p\u0159\u00edstupu na \u00farovni cel\u00e9 organizace. D\u00edky pokro\u010dil\u00e9 detekci dok\u00e1\u017ee identifikovat podez\u0159el\u00e9 aktivity a hrozby v re\u00e1ln\u00e9m \u010dase. Guard <br>umo\u017e\u0148uje rychlou reakci na bezpe\u010dnostn\u00ed incidenty d\u00edky p\u0159ehledn\u00fdm audit\u016fm, doporu\u010den\u00fdm krok\u016fm a centralizovan\u00e9mu vy\u0161et\u0159ov\u00e1n\u00ed. Atlassian Guard sjednocuje ochranu, detekci i reakci do jednoho bezpe\u010dnostn\u00edho \u0159e\u0161en\u00ed, kter\u00e9 zvy\u0161uje bezpe\u010dnostn\u00ed standard cel\u00e9 firmy. <\/p>\n\n\n\n<p>Pokud c\u00edt\u00edte, \u017ee<em>, pot\u0159ebujete pro Atlassian aplikace v\u011bt\u0161\u00ed ochranu nebo podl\u00e9h\u00e1te regulaci jako NIS2, kontaktujte n\u00e1s.<\/em><\/p>\n\n\n\n<div class=\"wp-block-buttons is-layout-flex wp-block-buttons-is-layout-flex\">\n<div class=\"wp-block-button\"><a class=\"wp-block-button__link wp-element-button\" href=\"https:\/\/www.coreit.cz\/atlassian\/#kontakt\">Kontaktujte n\u00e1s<\/a><\/div>\n<\/div>\n\n\n\n<div style=\"height:39px\" aria-hidden=\"true\" class=\"wp-block-spacer\"><\/div>\n\n\n\n<h3 class=\"wp-block-heading\">Co um\u00ed Guard v oblasti Data classification<\/h3>\n\n\n\n<figure class=\"wp-block-video\"><video height=\"812\" style=\"aspect-ratio: 1660 \/ 812;\" width=\"1660\" autoplay loop muted preload=\"auto\" src=\"https:\/\/www.coreit.cz\/atlassian\/wp-content\/uploads\/2026\/02\/data-classification.mp4\" playsinline><\/video><\/figure>\n\n\n\n<ul class=\"wp-block-list\">\n<li><strong>Identifikace a kategorizace<\/strong> citliv\u00fdch nebo kritick\u00fdch dat nap\u0159\u00ed\u010d Atlassian Cloud produkty. Guard umo\u017e\u0148uje ozna\u010dit a t\u0159\u00eddit obsah podle \u00farovn\u011b citlivosti, co\u017e pom\u00e1h\u00e1 l\u00e9pe \u0159\u00eddit rizika spojen\u00e1 s jeho pou\u017e\u00edv\u00e1n\u00edm. <\/li>\n\n\n\n<li><strong>Aplikace bezpe\u010dnostn\u00edch politik<\/strong> na z\u00e1klad\u011b klasifikace dat \u2013 umo\u017e\u0148uje omezit nebo kontrolovat p\u0159\u00edstup podle typu obsahu a citlivosti informac\u00ed. [adaptavist.com]<\/li>\n\n\n\n<li><strong>Prevence ztr\u00e1ty nebo zneu\u017eit\u00ed dat <\/strong>d\u00edky pravidl\u016fm, kter\u00e1 chr\u00e1n\u00ed nejd\u016fle\u017eit\u011bj\u0161\u00ed firemn\u00ed informace. Guard aktivn\u011b br\u00e1n\u00ed ne\u017e\u00e1douc\u00edm aktivit\u00e1m spojen\u00fdm s citliv\u00fdm obsahem. <\/li>\n\n\n\n<li><strong>Podpora governance a compliance<\/strong> d\u00edky systematick\u00e9 pr\u00e1ci s ozna\u010den\u00fdm obsahem. Organizace z\u00edsk\u00e1 v\u011bt\u0161\u00ed kontrolu nad t\u00edm, jak jsou nakl\u00e1d\u00e1na kritick\u00e1 data.<\/li>\n\n\n\n<li><strong>Zv\u00fd\u0161en\u00ed viditelnosti <\/strong>nad t\u00edm, kde se citliv\u00e1 data nach\u00e1zej\u00ed a kdo k nim p\u0159istupuje \u2013 klasifikace pom\u00e1h\u00e1 rychle identifikovat rizika a pracovat s nimi.<\/li>\n<\/ul>\n\n\n\n<div style=\"height:25px\" aria-hidden=\"true\" class=\"wp-block-spacer\"><\/div>\n\n\n\n<h3 class=\"wp-block-heading\">Jak Guard nastavuje bezpe\u010dnost u\u017eivatel\u016f<\/h3>\n\n\n\n<figure class=\"wp-block-video\"><video height=\"782\" style=\"aspect-ratio: 1608 \/ 782;\" width=\"1608\" autoplay loop muted src=\"https:\/\/www.coreit.cz\/atlassian\/wp-content\/uploads\/2026\/02\/userpolicy2.mp4\" playsinline><\/video><\/figure>\n\n\n\n<ul class=\"wp-block-list\">\n<li>Centralizovan\u00e9 \u0159\u00edzen\u00ed identity a p\u0159\u00edstupu (IAM) \u2013 Guard umo\u017e\u0148uje spravovat identitu u\u017eivatel\u016f nap\u0159\u00ed\u010d v\u0161emi Atlassian Cloud produkty z jednoho m\u00edsta. <\/li>\n\n\n\n<li>Vynucen\u00ed bezpe\u010dnostn\u00edch politik p\u0159i p\u0159ihla\u0161ov\u00e1n\u00ed \u2013 spr\u00e1vci mohou konfigurovat pravidla jako SSO, MFA, omezen\u00ed IP adres a detailn\u00ed p\u0159ihla\u0161ovac\u00ed politiky. <\/li>\n\n\n\n<li>Politiky pro extern\u00ed u\u017eivatele<\/li>\n\n\n\n<li>Pokro\u010dil\u00e1 autentizace v\u010detn\u011b SSO a dvoufaktorov\u00e9ho ov\u011b\u0159en\u00ed \u2013 integrace s hlavn\u00edmi identity providery a zabezpe\u010den\u00e9 p\u0159ihla\u0161ov\u00e1n\u00ed pro v\u0161echny u\u017eivatele. <\/li>\n<\/ul>\n\n\n\n<div style=\"height:50px\" aria-hidden=\"true\" class=\"wp-block-spacer\"><\/div>\n\n\n\n<h3 class=\"wp-block-heading\">Bezpe\u010dnost mobiln\u00edch za\u0159\u00edzen\u00ed<\/h3>\n\n\n\n<figure class=\"wp-block-video\"><video height=\"702\" style=\"aspect-ratio: 1640 \/ 702;\" width=\"1640\" autoplay loop muted src=\"https:\/\/www.coreit.cz\/atlassian\/wp-content\/uploads\/2026\/02\/mobileSEC.mp4\" playsinline><\/video><\/figure>\n\n\n\n<ul class=\"wp-block-list\">\n<li><strong>Mobile App Management (MAM)<\/strong> \u2013 centr\u00e1ln\u00ed bezpe\u010dnostn\u00ed politiky pro mobiln\u00ed aplikace. Guard umo\u017e\u0148uje nastavovat a vynucovat bezpe\u010dnostn\u00ed politiky pro Jira, Confluence, Opsgenie i Rovo na mobilech \u2014 v\u010detn\u011b r\u016fzn\u00fdch \u00farovn\u00ed restrikc\u00ed a politik pro r\u016fzn\u00e9 t\u00fdmy nebo aplikace.<\/li>\n\n\n\n<li><strong>Blokace rizikov\u00fdch funkc\u00ed za\u0159\u00edzen\u00ed<\/strong> (screenshoty, screen recording, clipboard) &#8211; Administr\u00e1to\u0159i mohou zak\u00e1zat po\u0159izov\u00e1n\u00ed screenshot\u016f, nahr\u00e1v\u00e1n\u00ed obrazovky, kop\u00edrov\u00e1n\u00ed obsahu a sd\u00edlen\u00ed dat mimo aplikaci.<\/li>\n\n\n\n<li><strong>Kontrola integrity za\u0159\u00edzen\u00ed<\/strong> (jailbreak \/ root detection) &#8211; Guard ov\u011b\u0159uje, zda mobiln\u00ed za\u0159\u00edzen\u00ed nen\u00ed kompromitovan\u00e9. Pokud je detekov\u00e1n jailbreak nebo root, aplikace p\u0159\u00edstup zablokuje.<\/li>\n\n\n\n<li><strong>Vy\u017eadov\u00e1n\u00ed bezpe\u010dnostn\u00edch podm\u00ednek<\/strong> \u2013 OS, IP, identity, compliance &#8211; Administr\u00e1to\u0159i mohou blokovat p\u0159\u00edstup z neautorizovan\u00fdch IP adres, zak\u00e1zat pou\u017e\u00edv\u00e1n\u00ed beta OS, vynutit ov\u011b\u0159ov\u00e1n\u00ed za\u0159\u00edzen\u00ed a dal\u0161\u00ed politky kompatibility.<\/li>\n\n\n\n<li>Integrace s Mobile Device Management \/ Microsoft Intune<\/li>\n<\/ul>\n\n\n\n<div style=\"height:36px\" aria-hidden=\"true\" class=\"wp-block-spacer\"><\/div>\n\n\n\n<h3 class=\"wp-block-heading\">Auditn\u00ed log<\/h3>\n\n\n\n<figure class=\"wp-block-video\"><video height=\"802\" style=\"aspect-ratio: 1618 \/ 802;\" width=\"1618\" autoplay loop muted src=\"https:\/\/www.coreit.cz\/atlassian\/wp-content\/uploads\/2026\/02\/securityLog.mp4\" playsinline><\/video><\/figure>\n\n\n\n<ul class=\"wp-block-list\">\n<li><strong>Audit log zaznamen\u00e1v\u00e1 detaily v\u0161ech d\u016fle\u017eit\u00fdch aktivit <\/strong>u\u017eivatel\u016f a uchov\u00e1v\u00e1 z\u00e1znamy o akc\u00edch nap\u0159\u00ed\u010d Atlassian Cloudem a umo\u017e\u0148uje admin\u016fm zp\u011btn\u011b sledovat, kdo co ud\u011blal.<\/li>\n\n\n\n<li><strong>Poskytuje p\u0159ehled o podez\u0159el\u00e9m chov\u00e1n\u00ed<\/strong> a anom\u00e1li\u00edch, logy obsahuj\u00ed z\u00e1znamy o neobvykl\u00fdch aktivit\u00e1ch, jako jsou podez\u0159el\u00e9 p\u0159ihl\u00e1\u0161en\u00ed nebo abnorm\u00e1ln\u00ed exporty dat \u2014 pom\u00e1haj\u00ed rychle identifikovat potenci\u00e1ln\u00ed rizika.<\/li>\n\n\n\n<li>Log umo\u017e\u0148uje rychl\u00e9 <strong>vy\u0161et\u0159en\u00ed incident\u016f<\/strong>, poskytuje centr\u00e1ln\u00ed zdroj pravdy pro bezpe\u010dnostn\u00ed vy\u0161et\u0159ov\u00e1n\u00ed, v\u010detn\u011b doporu\u010den\u00fdch krok\u016f a detailn\u00edho kontextu ud\u00e1lost\u00ed.<\/li>\n\n\n\n<li>Audit log <strong>zvy\u0161uje viditelnost nad administr\u00e1torsk\u00fdmi akcemi<\/strong>, admini mohou vid\u011bt, jak\u00e9 konfigurace byly zm\u011bn\u011bny, kdo upravil politiky, nebo kdo manipuloval s p\u0159\u00edstupov\u00fdmi pravidly.<\/li>\n\n\n\n<li>Komponenta slou\u017e\u00ed jako podklad pro <strong>compliance, governance a reporting<\/strong>, poskytuje auditn\u00ed stopu nezbytnou pro dodr\u017eov\u00e1n\u00ed bezpe\u010dnostn\u00edch standard\u016f, intern\u00edch sm\u011brnic i extern\u00edch regulac\u00ed.<\/li>\n<\/ul>\n\n\n\n<div style=\"height:50px\" aria-hidden=\"true\" class=\"wp-block-spacer\"><\/div>\n\n\n\n<h3 class=\"wp-block-heading\"><strong>JAK TO FUNGUJE<\/strong><\/h3>\n\n\n\n<p><strong>Atlassian Guard<\/strong> funguje jako centr\u00e1ln\u00ed bezpe\u010dnostn\u00ed vrstva pro v\u0161echny Atlassian Cloud produkty, kter\u00e1 propojuje \u0159\u00edzen\u00ed identity, ochranu dat a detekci hrozeb do jednoho ucelen\u00e9ho syst\u00e9mu. Vyu\u017e\u00edv\u00e1 pokro\u010dil\u00e9 autentiza\u010dn\u00ed politiky, spr\u00e1vu p\u0159\u00edstup\u016f a mobiln\u00ed bezpe\u010dnostn\u00ed pravidla k tomu, aby u\u017eivatel\u00e9 pracovali pouze z d\u016fv\u011bryhodn\u00fdch za\u0159\u00edzen\u00ed a prost\u0159ed\u00ed. <\/p>\n\n\n\n<p>Neust\u00e1le monitoruje chov\u00e1n\u00ed u\u017eivatel\u016f, vyhodnocuje rizikov\u00e9 ud\u00e1losti a odhaluje anom\u00e1lie pomoc\u00ed auditn\u00edch log\u016f a detek\u010dn\u00edch mechanizm\u016f. Aplikace pracuje v re\u00e1ln\u00e9m \u010dase. P\u0159i v\u00fdskytu hrozby poskytuje jasn\u00e9 kroky k n\u00e1prav\u011b, doporu\u010den\u00ed pro reakci a n\u00e1stroje pro rychl\u00e9 vy\u0161et\u0159en\u00ed incidentu, aby se p\u0159ede\u0161lo dal\u0161\u00edmu \u0161\u00ed\u0159en\u00ed rizika. D\u00edky kombinaci prevence, detekce a rychl\u00e9 reakce vytv\u00e1\u0159\u00ed Guard jednotn\u00fd bezpe\u010dnostn\u00ed model.<\/p>\n\n\n\n<p><\/p>\n\n\n\n<p><\/p>\n\n\n\n<p><\/p>\n\n\n\n<p>V\u00edce o t\u011bchto n\u00e1stroj\u00edch se tak\u00e9 dozv\u00edte na ofici\u00e1ln\u00edm webu spole\u010dnosti&nbsp;<a rel=\"noreferrer noopener\" aria-label=\"Atlassian (otev\u0159e se na nov\u00e9 z\u00e1lo\u017ece)\" href=\"https:\/\/www.atlassian.com\/\" target=\"_blank\">Atlassian<\/a>.<\/p>\n\n\n\n<hr class=\"wp-block-separator has-css-opacity is-style-wide\"\/>\n\n\n\n<p class=\"has-text-align-center\"><em>Pokud p\u0159em\u00fd\u0161l\u00edte nad t\u00edm, \u017ee Jira je to prav\u00e9 o\u0159echov\u00e9 pro V\u00e1s a Va\u0161i spole\u010dnost, ale cht\u011bli byste toho v\u011bd\u011bt je\u0161t\u011b v\u00edc, <\/em><a href=\"https:\/\/www.coreit.cz\/atlassian\/#kontakt\"><em>napi\u0161te n\u00e1m<\/em><\/a><em> a my V\u00e1s zahrneme v\u0161emi dostupn\u00fdmi informacemi.<\/em><\/p>\n","protected":false},"excerpt":{"rendered":"<p>Bezpe\u010dnostn\u00ed platforma pro v\u0161echny Atlassian Cloud produkty, kter\u00e1 chr\u00e1n\u00ed firemn\u00ed data.<\/p>\n","protected":false},"author":1,"featured_media":0,"parent":0,"menu_order":0,"comment_status":"closed","ping_status":"closed","template":"","meta":{"footnotes":""},"class_list":["post-2684","page","type-page","status-publish","hentry"],"yoast_head":"<!-- This site is optimized with the Yoast SEO plugin v27.1.1 - https:\/\/yoast.com\/product\/yoast-seo-wordpress\/ -->\n<title>Atlassian Guard - CoreIT- Atlassian Partner<\/title>\n<meta name=\"description\" content=\"Atlassian Guard chr\u00e1n\u00ed data a u\u017eivatelsk\u00fd p\u0159\u00edstup nap\u0159\u00ed\u010d cel\u00fdm Atlassian Cloudem pomoc\u00ed centralizovan\u00fdch bezpe\u010dnostn\u00edch politik.\" \/>\n<meta name=\"robots\" content=\"index, follow, max-snippet:-1, max-image-preview:large, max-video-preview:-1\" \/>\n<link rel=\"canonical\" href=\"https:\/\/www.coreit.cz\/atlassian\/atlassian-guard\/\" \/>\n<meta property=\"og:locale\" content=\"en_US\" \/>\n<meta property=\"og:type\" content=\"article\" \/>\n<meta property=\"og:title\" content=\"Atlassian Guard - CoreIT- Atlassian Partner\" \/>\n<meta property=\"og:description\" content=\"Atlassian Guard chr\u00e1n\u00ed data a u\u017eivatelsk\u00fd p\u0159\u00edstup nap\u0159\u00ed\u010d cel\u00fdm Atlassian Cloudem pomoc\u00ed centralizovan\u00fdch bezpe\u010dnostn\u00edch politik.\" \/>\n<meta property=\"og:url\" content=\"https:\/\/www.coreit.cz\/atlassian\/atlassian-guard\/\" \/>\n<meta property=\"og:site_name\" content=\"CoreIT- Atlassian Partner\" \/>\n<meta property=\"article:publisher\" content=\"https:\/\/www.facebook.com\/coreitcz\" \/>\n<meta property=\"article:modified_time\" content=\"2026-02-17T20:15:43+00:00\" \/>\n<meta property=\"og:image\" content=\"https:\/\/www.coreit.cz\/atlassian\/wp-content\/uploads\/2026\/02\/guard_logo.png\" \/>\n\t<meta property=\"og:image:width\" content=\"1445\" \/>\n\t<meta property=\"og:image:height\" content=\"387\" \/>\n\t<meta property=\"og:image:type\" content=\"image\/png\" \/>\n<meta name=\"twitter:card\" content=\"summary_large_image\" \/>\n<meta name=\"twitter:site\" content=\"@CoreITcz\" \/>\n<meta name=\"twitter:label1\" content=\"Est. reading time\" \/>\n\t<meta name=\"twitter:data1\" content=\"4 minutes\" \/>\n<script type=\"application\/ld+json\" class=\"yoast-schema-graph\">{\"@context\":\"https:\/\/schema.org\",\"@graph\":[{\"@type\":\"WebPage\",\"@id\":\"https:\/\/www.coreit.cz\/atlassian\/atlassian-guard\/\",\"url\":\"https:\/\/www.coreit.cz\/atlassian\/atlassian-guard\/\",\"name\":\"Atlassian Guard - CoreIT- Atlassian Partner\",\"isPartOf\":{\"@id\":\"https:\/\/www.coreit.cz\/atlassian\/#website\"},\"primaryImageOfPage\":{\"@id\":\"https:\/\/www.coreit.cz\/atlassian\/atlassian-guard\/#primaryimage\"},\"image\":{\"@id\":\"https:\/\/www.coreit.cz\/atlassian\/atlassian-guard\/#primaryimage\"},\"thumbnailUrl\":\"https:\/\/www.coreit.cz\/atlassian\/wp-content\/uploads\/2026\/02\/guard_logo.png\",\"datePublished\":\"2026-02-17T17:26:35+00:00\",\"dateModified\":\"2026-02-17T20:15:43+00:00\",\"description\":\"Atlassian Guard chr\u00e1n\u00ed data a u\u017eivatelsk\u00fd p\u0159\u00edstup nap\u0159\u00ed\u010d cel\u00fdm Atlassian Cloudem pomoc\u00ed centralizovan\u00fdch bezpe\u010dnostn\u00edch politik.\",\"breadcrumb\":{\"@id\":\"https:\/\/www.coreit.cz\/atlassian\/atlassian-guard\/#breadcrumb\"},\"inLanguage\":\"en-US\",\"potentialAction\":[{\"@type\":\"ReadAction\",\"target\":[\"https:\/\/www.coreit.cz\/atlassian\/atlassian-guard\/\"]}]},{\"@type\":\"ImageObject\",\"inLanguage\":\"en-US\",\"@id\":\"https:\/\/www.coreit.cz\/atlassian\/atlassian-guard\/#primaryimage\",\"url\":\"https:\/\/www.coreit.cz\/atlassian\/wp-content\/uploads\/2026\/02\/guard_logo.png\",\"contentUrl\":\"https:\/\/www.coreit.cz\/atlassian\/wp-content\/uploads\/2026\/02\/guard_logo.png\",\"width\":1445,\"height\":387},{\"@type\":\"BreadcrumbList\",\"@id\":\"https:\/\/www.coreit.cz\/atlassian\/atlassian-guard\/#breadcrumb\",\"itemListElement\":[{\"@type\":\"ListItem\",\"position\":1,\"name\":\"Dom\u016f\",\"item\":\"https:\/\/www.coreit.cz\/atlassian\/\"},{\"@type\":\"ListItem\",\"position\":2,\"name\":\"Atlassian Guard\"}]},{\"@type\":\"WebSite\",\"@id\":\"https:\/\/www.coreit.cz\/atlassian\/#website\",\"url\":\"https:\/\/www.coreit.cz\/atlassian\/\",\"name\":\"CoreIT Atlassian\",\"description\":\"\",\"publisher\":{\"@id\":\"https:\/\/www.coreit.cz\/atlassian\/#organization\"},\"potentialAction\":[{\"@type\":\"SearchAction\",\"target\":{\"@type\":\"EntryPoint\",\"urlTemplate\":\"https:\/\/www.coreit.cz\/atlassian\/?s={search_term_string}\"},\"query-input\":{\"@type\":\"PropertyValueSpecification\",\"valueRequired\":true,\"valueName\":\"search_term_string\"}}],\"inLanguage\":\"en-US\"},{\"@type\":\"Organization\",\"@id\":\"https:\/\/www.coreit.cz\/atlassian\/#organization\",\"name\":\"CoreIT s.r.o.\",\"url\":\"https:\/\/www.coreit.cz\/atlassian\/\",\"logo\":{\"@type\":\"ImageObject\",\"inLanguage\":\"en-US\",\"@id\":\"https:\/\/www.coreit.cz\/atlassian\/#\/schema\/logo\/image\/\",\"url\":\"https:\/\/www.coreit.cz\/atlassian\/wp-content\/uploads\/2019\/06\/CoreIT_core.png\",\"contentUrl\":\"https:\/\/www.coreit.cz\/atlassian\/wp-content\/uploads\/2019\/06\/CoreIT_core.png\",\"width\":1500,\"height\":1500,\"caption\":\"CoreIT s.r.o.\"},\"image\":{\"@id\":\"https:\/\/www.coreit.cz\/atlassian\/#\/schema\/logo\/image\/\"},\"sameAs\":[\"https:\/\/www.facebook.com\/coreitcz\",\"https:\/\/x.com\/CoreITcz\",\"https:\/\/www.instagram.com\/coreit.cz\/\",\"https:\/\/www.linkedin.com\/company\/coreitcz\/\"]}]}<\/script>\n<!-- \/ Yoast SEO plugin. -->","yoast_head_json":{"title":"Atlassian Guard - CoreIT- Atlassian Partner","description":"Atlassian Guard chr\u00e1n\u00ed data a u\u017eivatelsk\u00fd p\u0159\u00edstup nap\u0159\u00ed\u010d cel\u00fdm Atlassian Cloudem pomoc\u00ed centralizovan\u00fdch bezpe\u010dnostn\u00edch politik.","robots":{"index":"index","follow":"follow","max-snippet":"max-snippet:-1","max-image-preview":"max-image-preview:large","max-video-preview":"max-video-preview:-1"},"canonical":"https:\/\/www.coreit.cz\/atlassian\/atlassian-guard\/","og_locale":"en_US","og_type":"article","og_title":"Atlassian Guard - CoreIT- Atlassian Partner","og_description":"Atlassian Guard chr\u00e1n\u00ed data a u\u017eivatelsk\u00fd p\u0159\u00edstup nap\u0159\u00ed\u010d cel\u00fdm Atlassian Cloudem pomoc\u00ed centralizovan\u00fdch bezpe\u010dnostn\u00edch politik.","og_url":"https:\/\/www.coreit.cz\/atlassian\/atlassian-guard\/","og_site_name":"CoreIT- Atlassian Partner","article_publisher":"https:\/\/www.facebook.com\/coreitcz","article_modified_time":"2026-02-17T20:15:43+00:00","og_image":[{"width":1445,"height":387,"url":"https:\/\/www.coreit.cz\/atlassian\/wp-content\/uploads\/2026\/02\/guard_logo.png","type":"image\/png"}],"twitter_card":"summary_large_image","twitter_site":"@CoreITcz","twitter_misc":{"Est. reading time":"4 minutes"},"schema":{"@context":"https:\/\/schema.org","@graph":[{"@type":"WebPage","@id":"https:\/\/www.coreit.cz\/atlassian\/atlassian-guard\/","url":"https:\/\/www.coreit.cz\/atlassian\/atlassian-guard\/","name":"Atlassian Guard - CoreIT- Atlassian Partner","isPartOf":{"@id":"https:\/\/www.coreit.cz\/atlassian\/#website"},"primaryImageOfPage":{"@id":"https:\/\/www.coreit.cz\/atlassian\/atlassian-guard\/#primaryimage"},"image":{"@id":"https:\/\/www.coreit.cz\/atlassian\/atlassian-guard\/#primaryimage"},"thumbnailUrl":"https:\/\/www.coreit.cz\/atlassian\/wp-content\/uploads\/2026\/02\/guard_logo.png","datePublished":"2026-02-17T17:26:35+00:00","dateModified":"2026-02-17T20:15:43+00:00","description":"Atlassian Guard chr\u00e1n\u00ed data a u\u017eivatelsk\u00fd p\u0159\u00edstup nap\u0159\u00ed\u010d cel\u00fdm Atlassian Cloudem pomoc\u00ed centralizovan\u00fdch bezpe\u010dnostn\u00edch politik.","breadcrumb":{"@id":"https:\/\/www.coreit.cz\/atlassian\/atlassian-guard\/#breadcrumb"},"inLanguage":"en-US","potentialAction":[{"@type":"ReadAction","target":["https:\/\/www.coreit.cz\/atlassian\/atlassian-guard\/"]}]},{"@type":"ImageObject","inLanguage":"en-US","@id":"https:\/\/www.coreit.cz\/atlassian\/atlassian-guard\/#primaryimage","url":"https:\/\/www.coreit.cz\/atlassian\/wp-content\/uploads\/2026\/02\/guard_logo.png","contentUrl":"https:\/\/www.coreit.cz\/atlassian\/wp-content\/uploads\/2026\/02\/guard_logo.png","width":1445,"height":387},{"@type":"BreadcrumbList","@id":"https:\/\/www.coreit.cz\/atlassian\/atlassian-guard\/#breadcrumb","itemListElement":[{"@type":"ListItem","position":1,"name":"Dom\u016f","item":"https:\/\/www.coreit.cz\/atlassian\/"},{"@type":"ListItem","position":2,"name":"Atlassian Guard"}]},{"@type":"WebSite","@id":"https:\/\/www.coreit.cz\/atlassian\/#website","url":"https:\/\/www.coreit.cz\/atlassian\/","name":"CoreIT Atlassian","description":"","publisher":{"@id":"https:\/\/www.coreit.cz\/atlassian\/#organization"},"potentialAction":[{"@type":"SearchAction","target":{"@type":"EntryPoint","urlTemplate":"https:\/\/www.coreit.cz\/atlassian\/?s={search_term_string}"},"query-input":{"@type":"PropertyValueSpecification","valueRequired":true,"valueName":"search_term_string"}}],"inLanguage":"en-US"},{"@type":"Organization","@id":"https:\/\/www.coreit.cz\/atlassian\/#organization","name":"CoreIT s.r.o.","url":"https:\/\/www.coreit.cz\/atlassian\/","logo":{"@type":"ImageObject","inLanguage":"en-US","@id":"https:\/\/www.coreit.cz\/atlassian\/#\/schema\/logo\/image\/","url":"https:\/\/www.coreit.cz\/atlassian\/wp-content\/uploads\/2019\/06\/CoreIT_core.png","contentUrl":"https:\/\/www.coreit.cz\/atlassian\/wp-content\/uploads\/2019\/06\/CoreIT_core.png","width":1500,"height":1500,"caption":"CoreIT s.r.o."},"image":{"@id":"https:\/\/www.coreit.cz\/atlassian\/#\/schema\/logo\/image\/"},"sameAs":["https:\/\/www.facebook.com\/coreitcz","https:\/\/x.com\/CoreITcz","https:\/\/www.instagram.com\/coreit.cz\/","https:\/\/www.linkedin.com\/company\/coreitcz\/"]}]}},"_links":{"self":[{"href":"https:\/\/www.coreit.cz\/atlassian\/wp-json\/wp\/v2\/pages\/2684","targetHints":{"allow":["GET"]}}],"collection":[{"href":"https:\/\/www.coreit.cz\/atlassian\/wp-json\/wp\/v2\/pages"}],"about":[{"href":"https:\/\/www.coreit.cz\/atlassian\/wp-json\/wp\/v2\/types\/page"}],"author":[{"embeddable":true,"href":"https:\/\/www.coreit.cz\/atlassian\/wp-json\/wp\/v2\/users\/1"}],"replies":[{"embeddable":true,"href":"https:\/\/www.coreit.cz\/atlassian\/wp-json\/wp\/v2\/comments?post=2684"}],"version-history":[{"count":7,"href":"https:\/\/www.coreit.cz\/atlassian\/wp-json\/wp\/v2\/pages\/2684\/revisions"}],"predecessor-version":[{"id":2705,"href":"https:\/\/www.coreit.cz\/atlassian\/wp-json\/wp\/v2\/pages\/2684\/revisions\/2705"}],"wp:attachment":[{"href":"https:\/\/www.coreit.cz\/atlassian\/wp-json\/wp\/v2\/media?parent=2684"}],"curies":[{"name":"wp","href":"https:\/\/api.w.org\/{rel}","templated":true}]}}