{"id":2734,"date":"2026-02-18T16:12:03","date_gmt":"2026-02-18T15:12:03","guid":{"rendered":"https:\/\/www.coreit.cz\/atlassian\/?page_id=2734"},"modified":"2026-02-19T08:23:48","modified_gmt":"2026-02-19T07:23:48","slug":"asset-management","status":"publish","type":"page","link":"https:\/\/www.coreit.cz\/atlassian\/asset-management\/","title":{"rendered":"Assets"},"content":{"rendered":"\n<blockquote class=\"wp-block-quote is-layout-flow wp-block-quote-is-layout-flow\">\n<h4 class=\"wp-block-heading\" style=\"font-size:15px\">Atlassian Assets p\u0159edstavuje modern\u00ed zp\u016fsob spr\u00e1vy dat nejen o IT aktivech, kter\u00fd propojuje informace o assetu, slu\u017eb\u00e1ch, konfigurac\u00edch i jejich vz\u00e1jemn\u00fdch vztaz\u00edch p\u0159\u00edmo v ekosyst\u00e9mu Jira. Umo\u017e\u0148uje budovat flexibiln\u00ed CMDB bez nutnosti komplikovan\u00fdch \u00faprav nebo rigidn\u00edch datov\u00fdch struktur. <\/h4>\n<\/blockquote>\n\n\n\n<div style=\"height:28px\" aria-hidden=\"true\" class=\"wp-block-spacer\"><\/div>\n\n\n<div class=\"wp-block-image\">\n<figure class=\"aligncenter size-full is-resized\"><img loading=\"lazy\" decoding=\"async\" width=\"590\" height=\"150\" src=\"https:\/\/www.coreit.cz\/atlassian\/wp-content\/uploads\/2026\/02\/Atlassian-Loga.png\" alt=\"\" class=\"wp-image-2735\" style=\"aspect-ratio:4.09641041931385;width:533px;height:auto\"\/><\/figure>\n<\/div>\n\n\n<div style=\"height:35px\" aria-hidden=\"true\" class=\"wp-block-spacer\"><\/div>\n\n\n\n<h3 class=\"wp-block-heading\">Co je Assets a asset management<\/h3>\n\n\n\n<p style=\"font-size:15px\">Assets je flexibiln\u00ed datov\u00fd n\u00e1stroj v r\u00e1mci Atlassian Jira pro podporu Asset managementu, kter\u00fd umo\u017e\u0148uje evidovat, propojovat a \u0159\u00eddit jak\u00e1koliv aktiva \u2013 od IT vybaven\u00ed p\u0159es slu\u017eby a\u017e po komplexn\u00ed CMDB \u2013 a poskytuje jeden spolehliv\u00fd zdroj pravdy pro rozhodov\u00e1n\u00ed nap\u0159\u00ed\u010d organizac\u00ed.<\/p>\n\n\n\n<p style=\"font-size:15px\">D\u00edky otev\u0159en\u00e9 datov\u00e9 logice a vazb\u00e1m mezi objekty poskytuje Assets jednotn\u00fd, v\u017edy aktu\u00e1ln\u00ed zdroj pravdy pro IT t\u00fdmy, provoz, bezpe\u010dnost, n\u00e1kup i audit. Eliminuje rozt\u0159\u00ed\u0161t\u011bnost informac\u00ed, automatizuje aktualizace a d\u00e1v\u00e1 t\u00fdm\u016fm mo\u017enost \u010dinit rychl\u00e1 a p\u0159esn\u00e1 rozhodnut\u00ed \u2013 a\u0165 u\u017e jde o \u0159e\u0161en\u00ed incidentu, pl\u00e1nov\u00e1n\u00ed zm\u011bny nebo optimalizaci n\u00e1klad\u016f. Atlassian Assets tak p\u0159in\u00e1\u0161\u00ed chytr\u00e9, propojen\u00e9 a datov\u011b \u0159\u00edzen\u00e9 \u0159\u00edzen\u00ed aktiv, kter\u00e9 dok\u00e1\u017ee skute\u010dn\u011b podpo\u0159it modern\u00ed ITSM a provozn\u00ed efektivitu.<\/p>\n\n\n\n<h3 class=\"wp-block-heading\">Assets management<\/h3>\n\n\n\n<p>Asset management je systematick\u00fd zp\u016fsob, jak organizace eviduje, spravuje a optimalizuje sv\u00e1 aktiva po cel\u00fd jejich \u017eivotn\u00ed cyklus \u2013\u202fod po\u0159\u00edzen\u00ed p\u0159es provoz a\u017e po vy\u0159azen\u00ed. Jeho c\u00edlem je udr\u017eovat p\u0159esn\u00fd, aktu\u00e1ln\u00ed a vyu\u017eiteln\u00fd p\u0159ehled o hardwaru, softwaru, slu\u017eb\u00e1ch, smlouv\u00e1ch i licenc\u00edch, a z\u00e1rove\u0148 porozum\u011bt vztah\u016fm mezi aktivy a slu\u017ebami. Tato discipl\u00edna umo\u017e\u0148uje efektivn\u011bj\u0161\u00ed rozhodov\u00e1n\u00ed a orientaci v r\u00e1mci ITSM proces\u016f, lep\u0161\u00ed pl\u00e1nov\u00e1n\u00ed investic a sn\u00ed\u017een\u00ed provozn\u00edch rizik.<br>Sou\u010d\u00e1st\u00ed modern\u00edho asset managementu je tak\u00e9 mo\u017enost automatizovan\u00e9ho zji\u0161\u0165ov\u00e1n\u00ed aktiv v infrastruktu\u0159e (discovery), integrace dat z v\u00edce syst\u00e9m\u016f, spr\u00e1va licenc\u00ed, z\u00e1kladn\u00ed finan\u010dn\u00ed informace a napojen\u00ed na ITSM procesy, kde aktiva p\u0159id\u00e1vaj\u00ed kontext incident\u016fm, zm\u011bn\u00e1m \u010di po\u017eadavk\u016fm. Kvalitn\u00ed governance, auditovatelnost, reporty a standardizovan\u00fd datov\u00fd model pak zaji\u0161\u0165uj\u00ed, \u017ee se organizace m\u016f\u017ee dlouhodob\u011b op\u00edrat o p\u0159esn\u00e1 a spolehliv\u00e1 data.<\/p>\n\n\n\n<p><em>Pokud p\u0159em\u00fd\u0161l\u00edte nad t\u00edm, \u017ee pot\u0159ebujete \u0159\u00eddit a evidovat Assety a Assets a  Service Collection je to prav\u00e9 o\u0159echov\u00e9 pro V\u00e1s a Va\u0161i spole\u010dnost a cht\u011bli byste toho v\u011bd\u011bt je\u0161t\u011b v\u00edc, kontaktujte n\u00e1s.<\/em><\/p>\n\n\n\n<div class=\"wp-block-buttons is-layout-flex wp-block-buttons-is-layout-flex\">\n<div class=\"wp-block-button\"><a class=\"wp-block-button__link wp-element-button\" href=\"https:\/\/www.coreit.cz\/atlassian\/#kontakt\">Kontaktujte n\u00e1s<\/a><\/div>\n<\/div>\n\n\n\n<div style=\"height:29px\" aria-hidden=\"true\" class=\"wp-block-spacer\"><\/div>\n\n\n\n<h3 class=\"wp-block-heading\">Z \u010deho se Assets skl\u00e1daj\u00ed<\/h3>\n\n\n\n<p>Produkt je p\u0159\u00edmo integrov\u00e1n do Atlassian platformy, ale jeho sou\u010d\u00e1st\u00ed jsou i samostatn\u011b funguj\u00edc\u00ed aplikace. \u010c\u00e1sti Assets tvo\u0159\u00ed:<\/p>\n\n\n\n<ul class=\"wp-block-list\">\n<li><strong>CMDB a evidence aktiv<\/strong> \u2013 Model s daty, vizu\u00e1ln\u00ed object graph, mapov\u00e1n\u00ed z\u00e1vislost\u00ed, podpora audit\u016f.<\/li>\n\n\n\n<li><strong>Propojen\u00ed s Jira Service Management<\/strong> \u2013 Assets se pou\u017e\u00edvaj\u00ed  na tiketech v pol\u00edch pro v\u00fdb\u011br assetu, dod\u00e1vaj\u00ed kontext incident\u016fm, zm\u011bn\u00e1m a po\u017eadavk\u016fm.<\/li>\n\n\n\n<li><strong>Importy a integrace<\/strong> \u2013 Pln\u011bn\u00ed daty lze v cloud prost\u0159ed\u00ed realizovat n\u011bkolika zp\u016fsoby: CSV, JSON, Discovery, web importy a pln\u011bn\u00ed z Asset data manager.<\/li>\n\n\n\n<li><strong>Automatizace<\/strong> \u2013 Podpora automatiza\u010dn\u00edch funkc\u00ed pro z\u00e1kladn\u00ed pr\u00e1ce s objekty a poli pro dynamick\u00e9 aktualizace objekt\u016f.<\/li>\n\n\n\n<li><strong>AQL<\/strong> + JQL \u2013 Pokro\u010dil\u00e9 dotazov\u00e1n\u00ed nad daty Assets i work itemy.<\/li>\n\n\n\n<li><strong>Reporting<\/strong> &amp; Atlassian Analytics \u2013 Tvorba report\u016f v Premium\/Enterprise.<\/li>\n\n\n\n<li><strong>QR k\u00f3dy<\/strong> \u2013 Generov\u00e1n\u00ed k\u00f3d\u016f pro fyzickou inventarizaci.<\/li>\n\n\n\n<li><strong>Asset data manager<\/strong> \u2013 Zaji\u0161t\u011bn\u00ed pln\u011bn\u00ed a datov\u00e9 integrace s aplikacemi a operation syst\u00e9my nebo cloudov\u00fdmi platfromami<\/li>\n\n\n\n<li><strong>Asset Discovery<\/strong> \u2013 Automatizovan\u00e9 skeny konfigurac\u00ed IT asset\u016f, datab\u00e1z\u00ed a jin\u00fdch SW komponent, detekce zm\u011bn infrastruktury <\/li>\n<\/ul>\n\n\n\n<div style=\"height:31px\" aria-hidden=\"true\" class=\"wp-block-spacer\"><\/div>\n\n\n\n<figure class=\"wp-block-image size-full\"><img loading=\"lazy\" decoding=\"async\" width=\"1261\" height=\"714\" src=\"https:\/\/www.coreit.cz\/atlassian\/wp-content\/uploads\/2026\/02\/Object-Details-Apr-2024.png\" alt=\"\" class=\"wp-image-2736\"\/><\/figure>\n\n\n\n<div style=\"height:25px\" aria-hidden=\"true\" class=\"wp-block-spacer\"><\/div>\n\n\n\n<h3 class=\"wp-block-heading\">Jak Atlassian podporuje jednotliv\u00e9 po\u017eadavky na Asset management<\/h3>\n\n\n\n<p><strong>Evidence a inventarizace aktiv<\/strong> (Asset Inventory) \u2013 Atlassian m\u00e1 pro vlastn\u00ed data objektovou datab\u00e1zi Assets, kter\u00e1 umo\u017enuje tvo\u0159it nez\u00e1visl\u00fd model a evidovat vztahy objekt\u016f, jejich stav, um\u00edst\u011bn\u00ed, vlastn\u00edky, klasifikace apod.<\/p>\n\n\n\n<ol class=\"wp-block-list\">\n<li><\/li>\n<\/ol>\n\n\n\n<p><strong>Datov\u00fd model a struktura<\/strong> (CMDB \/ Asset Model) \u2013 typy aktiv, atributy, vztahy, z\u00e1vislosti a slu\u017ebov\u00e1 mapa.<\/p>\n\n\n\n<p><strong>\u0158\u00edzen\u00ed \u017eivotn\u00edho cyklu aktiv<\/strong> \u2013 v Service Collection se \u0159\u00edd\u00ed \u017eivotn\u00ed cyklus aktiv z procesn\u00edch WF k tomu vytvo\u0159en\u00fdch, na Assetech je vhodn\u00e9 vizualizovat \u017eivotn\u00ed cyklus prost\u0159ednictv\u00edm stav\u016f jako je pl\u00e1nov\u00e1n\u00ed, n\u00e1kup, nasazen\u00ed, provoz, \u00fadr\u017eba, p\u0159esuny, vy\u0159azen\u00ed a likvidace.<\/p>\n\n\n\n<p><strong>Automatizovan\u00e9 zji\u0161\u0165ov\u00e1n\u00ed aktiv<\/strong> \u2013 Atlassian m\u00e1 k dispozici velmi pru\u017en\u00fd a otev\u0159en\u00fd n\u00e1stroje Asset Discovery, kter\u00fd m\u00e1 schopnost skenov\u00e1n\u00ed s\u00edt\u011b, detekce HW\/SW a zji\u0161t\u011bn\u00ed zm\u011bn v\u010detn\u011b konsolidace dat. Napojit se um\u00ed tak\u00e9 na jin\u00e9 n\u00e1stroje.<\/p>\n\n\n\n<p><strong>Integrace a importy dat<\/strong> \u2013 Assets nab\u00edzej\u00ed mo\u017enosti integrace prost\u0159ednictv\u00edm import\u016f a REST API, nejsiln\u011bj\u0161\u00edm n\u00e1strojem je v\u0161ak ADM, v komplexu je mo\u017en\u00e9 se propojit  s HR, ERP, MDM, monitoringem, import CSV\/API, atd.<\/p>\n\n\n\n<p><strong>Spr\u00e1va softwarov\u00fdch licenc\u00ed (SAM)<\/strong> \u2013 evidence licenc\u00ed, smluv, p\u0159id\u011blen\u00ed, expirac\u00ed a vyu\u017eit\u00ed je mo\u017en\u00e9 nastavit v CMDB, nejde v\u0161ak o produktov\u00e9 \u0159e\u0161en\u00ed, ale implementaci.<\/p>\n\n\n\n<p><strong>Finan\u010dn\u00ed a smluvn\u00ed spr\u00e1va<\/strong> \u2013 n\u00e1klady, amortizace, TCO, smlouvy, \u00fadr\u017eba, pl\u00e1n obnov &#8211; tento komplex \u010dinnost\u00ed je realizov\u00e1n v procesn\u00edch workflow a reportech. Jedinou oblast\u00ed, kde nen\u00ed poskytov\u00e1na podpora je finan\u010dn\u00ed pl\u00e1nov\u00e1n\u00ed, pro kter\u00e9 platforma nem\u00e1 p\u0159\u00edmou podporu, ta se implementuje s integrac\u00ed s produkty t\u0159et\u00edch stran.<\/p>\n\n\n\n<p><strong>Governance, rizika a compliance<\/strong> \u2013 p\u0159\u00edstupov\u00e1 pr\u00e1va, audit, bezpe\u010dnostn\u00ed klasifikace, detekce neautorizovan\u00fdch aktiv.<\/p>\n\n\n\n<p><strong>Podpora ITSM proces\u016f<\/strong> \u2013 propojen\u00ed s incidenty, zm\u011bnami, probl\u00e9my, dopadov\u00e9 anal\u00fdzy jsou nativn\u00ed sou\u010d\u00e1st\u00ed platfromy.<\/p>\n\n\n\n<p><strong>Reporting a anal\u00fdzy<\/strong> \u2013 p\u0159ehledy, dashboards, audit, v\u00fdkon, finan\u010dn\u00ed anal\u00fdzy.<\/p>\n\n\n\n<p><strong>Automatizace <\/strong>\u2013 automatick\u00e9 aktualizace, schvalov\u00e1n\u00ed, notifikace je vestav\u011bnou podporu n\u00e1stroje<\/p>\n\n\n\n<div style=\"height:28px\" aria-hidden=\"true\" class=\"wp-block-spacer\"><\/div>\n\n\n\n<h3 class=\"wp-block-heading\"><strong>JAK TO FUNGUJE<\/strong><\/h3>\n\n\n\n<p><strong>Assets a Service collection<\/strong> podporuj\u00ed proces spr\u00e1vy Asset\u016f vhodn\u011b. Pro z\u00e1kazn\u00edky je d\u016fle\u017eit\u00e9 v\u011bd\u011bt, \u017ee jde o podporu na \u00farovni platformy a v\u0161echny nastaven\u00ed jsou d\u00e1le sou\u010d\u00e1st\u00ed implementa\u010dn\u00edch prac\u00ed. Velikou v\u00fdhodou tohoto p\u0159\u00edstupu je, \u017ee je to \u0159e\u0161en\u00ed, kter\u00e9 je velmi otev\u0159en\u00e9 a p\u0159ipraven\u00e9 na dynamick\u00e9 po\u017eadavky, nev\u00fdhodou je samoz\u0159ejm\u011b to, \u017ee na jedno kliknut\u00ed nelze z\u00edskat hned kone\u010dn\u00fd n\u00e1stroj pln\u011b nakonfigurovan\u00fd.<\/p>\n\n\n\n<p><\/p>\n\n\n\n<p>V\u00edce o t\u011bchto n\u00e1stroj\u00edch se tak\u00e9 dozv\u00edte na ofici\u00e1ln\u00edm webu spole\u010dnosti&nbsp;<a rel=\"noreferrer noopener\" aria-label=\"Atlassian (otev\u0159e se na nov\u00e9 z\u00e1lo\u017ece)\" href=\"https:\/\/www.atlassian.com\/\" target=\"_blank\">Atlassian<\/a>.<\/p>\n\n\n\n<hr class=\"wp-block-separator has-css-opacity is-style-wide\"\/>\n\n\n\n<p class=\"has-text-align-center\"><em>Pokud p\u0159em\u00fd\u0161l\u00edte nad t\u00edm, \u017ee Jira je to prav\u00e9 o\u0159echov\u00e9 pro V\u00e1s a Va\u0161i spole\u010dnost, ale cht\u011bli byste toho v\u011bd\u011bt je\u0161t\u011b v\u00edc, <\/em><a href=\"https:\/\/www.coreit.cz\/atlassian\/#kontakt\"><em>napi\u0161te n\u00e1m<\/em><\/a><em> a my V\u00e1s zahrneme v\u0161emi dostupn\u00fdmi informacemi.<\/em><\/p>\n","protected":false},"excerpt":{"rendered":"<p>Assets je flexibiln\u00ed n\u00e1stroj pro podporu Asset managementu.<\/p>\n","protected":false},"author":1,"featured_media":0,"parent":0,"menu_order":0,"comment_status":"closed","ping_status":"closed","template":"","meta":{"footnotes":""},"class_list":["post-2734","page","type-page","status-publish","hentry"],"yoast_head":"<!-- This site is optimized with the Yoast SEO plugin v27.1.1 - https:\/\/yoast.com\/product\/yoast-seo-wordpress\/ -->\n<title>Assets - CoreIT- Atlassian Partner<\/title>\n<meta name=\"description\" content=\"Atlassian Assets p\u0159edstavuje modern\u00ed zp\u016fsob spr\u00e1vy dat nejen o IT aktivech, kter\u00fd propojuje informace o assetu, slu\u017eb\u00e1ch, konfigurac\u00edch a vztaz\u00edch.\" \/>\n<meta name=\"robots\" content=\"index, follow, max-snippet:-1, max-image-preview:large, max-video-preview:-1\" \/>\n<link rel=\"canonical\" href=\"https:\/\/www.coreit.cz\/atlassian\/asset-management\/\" \/>\n<meta property=\"og:locale\" content=\"en_US\" \/>\n<meta property=\"og:type\" content=\"article\" \/>\n<meta property=\"og:title\" content=\"Assets - CoreIT- Atlassian Partner\" \/>\n<meta property=\"og:description\" content=\"Atlassian Assets p\u0159edstavuje modern\u00ed zp\u016fsob spr\u00e1vy dat nejen o IT aktivech, kter\u00fd propojuje informace o assetu, slu\u017eb\u00e1ch, konfigurac\u00edch a vztaz\u00edch.\" \/>\n<meta property=\"og:url\" content=\"https:\/\/www.coreit.cz\/atlassian\/asset-management\/\" \/>\n<meta property=\"og:site_name\" content=\"CoreIT- Atlassian Partner\" \/>\n<meta property=\"article:publisher\" content=\"https:\/\/www.facebook.com\/coreitcz\" \/>\n<meta property=\"article:modified_time\" content=\"2026-02-19T07:23:48+00:00\" \/>\n<meta property=\"og:image\" content=\"https:\/\/www.coreit.cz\/atlassian\/wp-content\/uploads\/2026\/02\/Atlassian-Loga.png\" \/>\n\t<meta property=\"og:image:width\" content=\"590\" \/>\n\t<meta property=\"og:image:height\" content=\"150\" \/>\n\t<meta property=\"og:image:type\" content=\"image\/png\" \/>\n<meta name=\"twitter:card\" content=\"summary_large_image\" \/>\n<meta name=\"twitter:site\" content=\"@CoreITcz\" \/>\n<meta name=\"twitter:label1\" content=\"Est. reading time\" \/>\n\t<meta name=\"twitter:data1\" content=\"4 minutes\" \/>\n<script type=\"application\/ld+json\" class=\"yoast-schema-graph\">{\"@context\":\"https:\/\/schema.org\",\"@graph\":[{\"@type\":\"WebPage\",\"@id\":\"https:\/\/www.coreit.cz\/atlassian\/asset-management\/\",\"url\":\"https:\/\/www.coreit.cz\/atlassian\/asset-management\/\",\"name\":\"Assets - CoreIT- Atlassian Partner\",\"isPartOf\":{\"@id\":\"https:\/\/www.coreit.cz\/atlassian\/#website\"},\"primaryImageOfPage\":{\"@id\":\"https:\/\/www.coreit.cz\/atlassian\/asset-management\/#primaryimage\"},\"image\":{\"@id\":\"https:\/\/www.coreit.cz\/atlassian\/asset-management\/#primaryimage\"},\"thumbnailUrl\":\"https:\/\/www.coreit.cz\/atlassian\/wp-content\/uploads\/2026\/02\/Atlassian-Loga.png\",\"datePublished\":\"2026-02-18T15:12:03+00:00\",\"dateModified\":\"2026-02-19T07:23:48+00:00\",\"description\":\"Atlassian Assets p\u0159edstavuje modern\u00ed zp\u016fsob spr\u00e1vy dat nejen o IT aktivech, kter\u00fd propojuje informace o assetu, slu\u017eb\u00e1ch, konfigurac\u00edch a vztaz\u00edch.\",\"breadcrumb\":{\"@id\":\"https:\/\/www.coreit.cz\/atlassian\/asset-management\/#breadcrumb\"},\"inLanguage\":\"en-US\",\"potentialAction\":[{\"@type\":\"ReadAction\",\"target\":[\"https:\/\/www.coreit.cz\/atlassian\/asset-management\/\"]}]},{\"@type\":\"ImageObject\",\"inLanguage\":\"en-US\",\"@id\":\"https:\/\/www.coreit.cz\/atlassian\/asset-management\/#primaryimage\",\"url\":\"https:\/\/www.coreit.cz\/atlassian\/wp-content\/uploads\/2026\/02\/Atlassian-Loga.png\",\"contentUrl\":\"https:\/\/www.coreit.cz\/atlassian\/wp-content\/uploads\/2026\/02\/Atlassian-Loga.png\",\"width\":590,\"height\":150},{\"@type\":\"BreadcrumbList\",\"@id\":\"https:\/\/www.coreit.cz\/atlassian\/asset-management\/#breadcrumb\",\"itemListElement\":[{\"@type\":\"ListItem\",\"position\":1,\"name\":\"Dom\u016f\",\"item\":\"https:\/\/www.coreit.cz\/atlassian\/\"},{\"@type\":\"ListItem\",\"position\":2,\"name\":\"Assets\"}]},{\"@type\":\"WebSite\",\"@id\":\"https:\/\/www.coreit.cz\/atlassian\/#website\",\"url\":\"https:\/\/www.coreit.cz\/atlassian\/\",\"name\":\"CoreIT Atlassian\",\"description\":\"\",\"publisher\":{\"@id\":\"https:\/\/www.coreit.cz\/atlassian\/#organization\"},\"potentialAction\":[{\"@type\":\"SearchAction\",\"target\":{\"@type\":\"EntryPoint\",\"urlTemplate\":\"https:\/\/www.coreit.cz\/atlassian\/?s={search_term_string}\"},\"query-input\":{\"@type\":\"PropertyValueSpecification\",\"valueRequired\":true,\"valueName\":\"search_term_string\"}}],\"inLanguage\":\"en-US\"},{\"@type\":\"Organization\",\"@id\":\"https:\/\/www.coreit.cz\/atlassian\/#organization\",\"name\":\"CoreIT s.r.o.\",\"url\":\"https:\/\/www.coreit.cz\/atlassian\/\",\"logo\":{\"@type\":\"ImageObject\",\"inLanguage\":\"en-US\",\"@id\":\"https:\/\/www.coreit.cz\/atlassian\/#\/schema\/logo\/image\/\",\"url\":\"https:\/\/www.coreit.cz\/atlassian\/wp-content\/uploads\/2019\/06\/CoreIT_core.png\",\"contentUrl\":\"https:\/\/www.coreit.cz\/atlassian\/wp-content\/uploads\/2019\/06\/CoreIT_core.png\",\"width\":1500,\"height\":1500,\"caption\":\"CoreIT s.r.o.\"},\"image\":{\"@id\":\"https:\/\/www.coreit.cz\/atlassian\/#\/schema\/logo\/image\/\"},\"sameAs\":[\"https:\/\/www.facebook.com\/coreitcz\",\"https:\/\/x.com\/CoreITcz\",\"https:\/\/www.instagram.com\/coreit.cz\/\",\"https:\/\/www.linkedin.com\/company\/coreitcz\/\"]}]}<\/script>\n<!-- \/ Yoast SEO plugin. -->","yoast_head_json":{"title":"Assets - CoreIT- Atlassian Partner","description":"Atlassian Assets p\u0159edstavuje modern\u00ed zp\u016fsob spr\u00e1vy dat nejen o IT aktivech, kter\u00fd propojuje informace o assetu, slu\u017eb\u00e1ch, konfigurac\u00edch a vztaz\u00edch.","robots":{"index":"index","follow":"follow","max-snippet":"max-snippet:-1","max-image-preview":"max-image-preview:large","max-video-preview":"max-video-preview:-1"},"canonical":"https:\/\/www.coreit.cz\/atlassian\/asset-management\/","og_locale":"en_US","og_type":"article","og_title":"Assets - CoreIT- Atlassian Partner","og_description":"Atlassian Assets p\u0159edstavuje modern\u00ed zp\u016fsob spr\u00e1vy dat nejen o IT aktivech, kter\u00fd propojuje informace o assetu, slu\u017eb\u00e1ch, konfigurac\u00edch a vztaz\u00edch.","og_url":"https:\/\/www.coreit.cz\/atlassian\/asset-management\/","og_site_name":"CoreIT- Atlassian Partner","article_publisher":"https:\/\/www.facebook.com\/coreitcz","article_modified_time":"2026-02-19T07:23:48+00:00","og_image":[{"width":590,"height":150,"url":"https:\/\/www.coreit.cz\/atlassian\/wp-content\/uploads\/2026\/02\/Atlassian-Loga.png","type":"image\/png"}],"twitter_card":"summary_large_image","twitter_site":"@CoreITcz","twitter_misc":{"Est. reading time":"4 minutes"},"schema":{"@context":"https:\/\/schema.org","@graph":[{"@type":"WebPage","@id":"https:\/\/www.coreit.cz\/atlassian\/asset-management\/","url":"https:\/\/www.coreit.cz\/atlassian\/asset-management\/","name":"Assets - CoreIT- Atlassian Partner","isPartOf":{"@id":"https:\/\/www.coreit.cz\/atlassian\/#website"},"primaryImageOfPage":{"@id":"https:\/\/www.coreit.cz\/atlassian\/asset-management\/#primaryimage"},"image":{"@id":"https:\/\/www.coreit.cz\/atlassian\/asset-management\/#primaryimage"},"thumbnailUrl":"https:\/\/www.coreit.cz\/atlassian\/wp-content\/uploads\/2026\/02\/Atlassian-Loga.png","datePublished":"2026-02-18T15:12:03+00:00","dateModified":"2026-02-19T07:23:48+00:00","description":"Atlassian Assets p\u0159edstavuje modern\u00ed zp\u016fsob spr\u00e1vy dat nejen o IT aktivech, kter\u00fd propojuje informace o assetu, slu\u017eb\u00e1ch, konfigurac\u00edch a vztaz\u00edch.","breadcrumb":{"@id":"https:\/\/www.coreit.cz\/atlassian\/asset-management\/#breadcrumb"},"inLanguage":"en-US","potentialAction":[{"@type":"ReadAction","target":["https:\/\/www.coreit.cz\/atlassian\/asset-management\/"]}]},{"@type":"ImageObject","inLanguage":"en-US","@id":"https:\/\/www.coreit.cz\/atlassian\/asset-management\/#primaryimage","url":"https:\/\/www.coreit.cz\/atlassian\/wp-content\/uploads\/2026\/02\/Atlassian-Loga.png","contentUrl":"https:\/\/www.coreit.cz\/atlassian\/wp-content\/uploads\/2026\/02\/Atlassian-Loga.png","width":590,"height":150},{"@type":"BreadcrumbList","@id":"https:\/\/www.coreit.cz\/atlassian\/asset-management\/#breadcrumb","itemListElement":[{"@type":"ListItem","position":1,"name":"Dom\u016f","item":"https:\/\/www.coreit.cz\/atlassian\/"},{"@type":"ListItem","position":2,"name":"Assets"}]},{"@type":"WebSite","@id":"https:\/\/www.coreit.cz\/atlassian\/#website","url":"https:\/\/www.coreit.cz\/atlassian\/","name":"CoreIT Atlassian","description":"","publisher":{"@id":"https:\/\/www.coreit.cz\/atlassian\/#organization"},"potentialAction":[{"@type":"SearchAction","target":{"@type":"EntryPoint","urlTemplate":"https:\/\/www.coreit.cz\/atlassian\/?s={search_term_string}"},"query-input":{"@type":"PropertyValueSpecification","valueRequired":true,"valueName":"search_term_string"}}],"inLanguage":"en-US"},{"@type":"Organization","@id":"https:\/\/www.coreit.cz\/atlassian\/#organization","name":"CoreIT s.r.o.","url":"https:\/\/www.coreit.cz\/atlassian\/","logo":{"@type":"ImageObject","inLanguage":"en-US","@id":"https:\/\/www.coreit.cz\/atlassian\/#\/schema\/logo\/image\/","url":"https:\/\/www.coreit.cz\/atlassian\/wp-content\/uploads\/2019\/06\/CoreIT_core.png","contentUrl":"https:\/\/www.coreit.cz\/atlassian\/wp-content\/uploads\/2019\/06\/CoreIT_core.png","width":1500,"height":1500,"caption":"CoreIT s.r.o."},"image":{"@id":"https:\/\/www.coreit.cz\/atlassian\/#\/schema\/logo\/image\/"},"sameAs":["https:\/\/www.facebook.com\/coreitcz","https:\/\/x.com\/CoreITcz","https:\/\/www.instagram.com\/coreit.cz\/","https:\/\/www.linkedin.com\/company\/coreitcz\/"]}]}},"_links":{"self":[{"href":"https:\/\/www.coreit.cz\/atlassian\/wp-json\/wp\/v2\/pages\/2734","targetHints":{"allow":["GET"]}}],"collection":[{"href":"https:\/\/www.coreit.cz\/atlassian\/wp-json\/wp\/v2\/pages"}],"about":[{"href":"https:\/\/www.coreit.cz\/atlassian\/wp-json\/wp\/v2\/types\/page"}],"author":[{"embeddable":true,"href":"https:\/\/www.coreit.cz\/atlassian\/wp-json\/wp\/v2\/users\/1"}],"replies":[{"embeddable":true,"href":"https:\/\/www.coreit.cz\/atlassian\/wp-json\/wp\/v2\/comments?post=2734"}],"version-history":[{"count":4,"href":"https:\/\/www.coreit.cz\/atlassian\/wp-json\/wp\/v2\/pages\/2734\/revisions"}],"predecessor-version":[{"id":2743,"href":"https:\/\/www.coreit.cz\/atlassian\/wp-json\/wp\/v2\/pages\/2734\/revisions\/2743"}],"wp:attachment":[{"href":"https:\/\/www.coreit.cz\/atlassian\/wp-json\/wp\/v2\/media?parent=2734"}],"curies":[{"name":"wp","href":"https:\/\/api.w.org\/{rel}","templated":true}]}}