{"id":2764,"date":"2026-03-09T17:38:41","date_gmt":"2026-03-09T16:38:41","guid":{"rendered":"https:\/\/www.coreit.cz\/atlassian\/?page_id=2764"},"modified":"2026-03-09T17:44:37","modified_gmt":"2026-03-09T16:44:37","slug":"xavier-projektove-finance-pod-kontrolou-2","status":"publish","type":"page","link":"https:\/\/www.coreit.cz\/atlassian\/xavier-projektove-finance-pod-kontrolou-2\/","title":{"rendered":"XAVIER &#8211; jak\u00e9 informace sleduje"},"content":{"rendered":"\n<blockquote class=\"wp-block-quote is-layout-flow wp-block-quote-is-layout-flow\">\n<h4 class=\"wp-block-heading\" style=\"font-size:15px\"><mark style=\"background-color:rgba(0, 0, 0, 0)\" class=\"has-inline-color has-vivid-cyan-blue-color\"><strong>XAVIER <\/strong><\/mark>je aplikace, kter\u00e1 firm\u00e1m pom\u00e1h\u00e1 l\u00e9pe \u0159\u00eddit rozpo\u010dty a ekonomiku jejich projekt\u016f a slu\u017eeb. Dok\u00e1\u017ee propojit data nejen z Jiry, ale z \u202fv\u00edce firemn\u00edch syst\u00e9m\u016f a nab\u00eddnout tak ucelen\u00fd a srozumiteln\u00fd pohled na finan\u010dn\u00ed v\u00fdsledky.<br>D\u00edky <mark style=\"background-color:rgba(0, 0, 0, 0)\" class=\"has-inline-color has-vivid-cyan-blue-color\">XAVIER<\/mark>u m\u00e1te v\u0161echny kl\u00ed\u010dov\u00e9 ekonomick\u00e9 informace p\u0159ehledn\u011b na jednom m\u00edst\u011b.<\/h4>\n<\/blockquote>\n\n\n\n<div style=\"height:28px\" aria-hidden=\"true\" class=\"wp-block-spacer\"><\/div>\n\n\n\n<figure class=\"wp-block-image size-full is-resized\"><img loading=\"lazy\" decoding=\"async\" width=\"972\" height=\"313\" src=\"https:\/\/www.coreit.cz\/atlassian\/wp-content\/uploads\/2026\/02\/CDR_XAVIER_LOGO_TRANSPARENT_COLOR.png\" alt=\"\" class=\"wp-image-2752\" style=\"aspect-ratio:3.1055398301657906;width:395px;height:auto\"\/><\/figure>\n\n\n\n<p class=\"has-medium-font-size\">Projektov\u00e9 informace pod kontrolou<\/p>\n\n\n\n<div style=\"height:35px\" aria-hidden=\"true\" class=\"wp-block-spacer\"><\/div>\n\n\n\n<h3 class=\"wp-block-heading\">Jak\u00e9 informace <mark style=\"background-color:rgba(0, 0, 0, 0)\" class=\"has-inline-color has-vivid-cyan-blue-color\">XAVIER<\/mark> sleduje<\/h3>\n\n\n\n<p style=\"font-size:15px\"><strong><mark style=\"background-color:rgba(0, 0, 0, 0)\" class=\"has-inline-color has-vivid-cyan-blue-color\">XAVIER <\/mark><\/strong>&#8211; projektov\u00e9 finance pod kontrolou a projektov\u00fd controlling, to nen\u00ed jen marketingov\u00e9 heslo, aplikace poskytuje podporu pro finan\u010dn\u00ed \u0159\u00edzen\u00ed projekt\u016f a slu\u017eeb \u2014 nab\u00edz\u00ed celkov\u00fd pohled na ka\u017edou zak\u00e1zku od pl\u00e1nu a rozpo\u010dt\u016f a\u017e po skute\u010dn\u00e9 \u010derp\u00e1n\u00ed a dosa\u017een\u00fd zisk. Automaticky sleduje pr\u00e1ci z\u202fJiry, vyhodnocuje odhady i skute\u010dn\u00e9 v\u00fdkazy, p\u0159epo\u010d\u00edt\u00e1v\u00e1 je na n\u00e1klady a vyu\u017e\u00edv\u00e1 tak\u00e9 po\u010dty a stavy tiket\u016f pro odhad vyt\u00ed\u017een\u00ed. Projektov\u00e1 knihovna eviduje smlouvy, objedn\u00e1vky, typy zak\u00e1zek i sazby a slou\u017e\u00ed jako obchodn\u00ed r\u00e1mec pro porovn\u00e1n\u00ed reality s pl\u00e1nem. Predikce n\u00e1klad\u016f a v\u00fdnos\u016f vych\u00e1zej\u00ed z aktu\u00e1ln\u00edch trend\u016f a ukazuj\u00ed, jak se bude projekt vyv\u00edjet v\u202f\u010dase. Napojen\u00ed na \u00fa\u010detnictv\u00ed a banku pak umo\u017e\u0148uje p\u0159esn\u011b sledovat fakturaci, skute\u010dn\u00e9 p\u0159\u00edjmy a \u0159\u00eddit cash\u2011flow podle rozd\u00edlu mezi \u201evyfakturov\u00e1no\u201c a \u201ezaplaceno\u201c. N\u00ed\u017ee v detailech<\/p>\n\n\n\n<p><\/p>\n\n\n\n<p style=\"font-size:15px\"><em>Pokud by V\u00e1s p<\/em>rojektov\u00fd <em>controlling, sledov\u00e1n\u00ed rozpo\u010dt\u016f a projektov\u00fdch financ\u00ed zaj\u00edmalo a cht\u011bli byste toho v\u011bd\u011bt je\u0161t\u011b v\u00edc, kontaktujte n\u00e1s.<\/em><\/p>\n\n\n\n<div class=\"wp-block-buttons is-layout-flex wp-block-buttons-is-layout-flex\">\n<div class=\"wp-block-button\"><a class=\"wp-block-button__link wp-element-button\" href=\"https:\/\/www.coreit.cz\/atlassian\/#kontakt\">Kontaktujte n\u00e1s<\/a><\/div>\n<\/div>\n\n\n\n<div style=\"height:23px\" aria-hidden=\"true\" class=\"wp-block-spacer\"><\/div>\n\n\n\n<figure class=\"wp-block-image size-full is-resized\"><img loading=\"lazy\" decoding=\"async\" width=\"5210\" height=\"2794\" src=\"https:\/\/www.coreit.cz\/atlassian\/wp-content\/uploads\/2026\/02\/Xavier-Dashboard-2.png\" alt=\"\" class=\"wp-image-2772\" style=\"aspect-ratio:1.8647242455775235;width:768px;height:auto\"\/><\/figure>\n\n\n\n<div style=\"height:36px\" aria-hidden=\"true\" class=\"wp-block-spacer\"><\/div>\n\n\n\n<h3 class=\"wp-block-heading\">N\u00e1klady pr\u00e1ce<\/h3>\n\n\n\n<p>N\u00e1klady pr\u00e1ce sleduj\u00ed vyk\u00e1zan\u00fd \u010das na jednotliv\u00fdch \u00fakolech projektu a agreguj\u00ed ho v \u010dase. V prediktivn\u00ed \u010d\u00e1sti se bere v \u00favahu celkov\u00fd odhad pracnosti, o\u010dek\u00e1van\u00e1 pracnost a zb\u00fdvaj\u00edc\u00ed pracnost. Finan\u010dn\u00ed vyj\u00e1d\u0159en\u00ed odpracovan\u00e9ho \u010dasu na projektu podle v\u00fdkaz\u016f. Poskytuje p\u0159ehled o \u010derp\u00e1n\u00ed pracovn\u00edch kapacit, dopadu na mar\u017ei a umo\u017e\u0148uje v\u010das odhalit p\u0159e\u010derp\u00e1n\u00ed.<\/p>\n\n\n\n<ul class=\"wp-block-list\">\n<li>skute\u010dn\u00fd n\u00e1klad na intern\u00ed kapacity v re\u00e1ln\u00e9m \u010dase,<\/li>\n\n\n\n<li>pr\u016fb\u011b\u017en\u00e9 sledov\u00e1n\u00ed \u010derp\u00e1n\u00ed rozpo\u010dtu pr\u00e1ce,<\/li>\n\n\n\n<li>mo\u017enost odhadnout dopad zb\u00fdvaj\u00edc\u00ed pracnosti na v\u00fdslednou mar\u017ei,<\/li>\n\n\n\n<li>okam\u017eit\u00e9 odhalen\u00ed p\u0159e\u010derp\u00e1n\u00ed.<\/li>\n<\/ul>\n\n\n\n<p><\/p>\n\n\n\n<h3 class=\"wp-block-heading\">Extern\u00ed n\u00e1klady<\/h3>\n\n\n\n<p>Skute\u010dn\u00fd n\u00e1klad na intern\u00ed kapacity v re\u00e1ln\u00e9m \u010dase, pr\u016fb\u011b\u017en\u00e9 sledov\u00e1n\u00ed \u010derp\u00e1n\u00ed rozpo\u010dtu pr\u00e1ce, mo\u017enost odhadnout dopad zb\u00fdvaj\u00edc\u00ed pracnosti na v\u00fdslednou mar\u017ei, okam\u017eit\u00e9 odhalen\u00ed p\u0159e\u010derp\u00e1n\u00ed. Ve\u0161ker\u00e9 n\u00e1klady vznikl\u00e9 mimo vlastn\u00ed t\u00fdm \u2014 licence, extern\u00ed pr\u00e1ce, slu\u017eby, subdod\u00e1vky, <mark style=\"background-color:rgba(0, 0, 0, 0)\" class=\"has-inline-color has-vivid-cyan-blue-color\">XAVIER<\/mark> umo\u017e\u0148uje<\/p>\n\n\n\n<ul class=\"wp-block-list\">\n<li>sledovat kompletn\u00ed n\u00e1kladovou strukturu projektu (intern\u00ed i extern\u00ed n\u00e1klady),<\/li>\n\n\n\n<li>kontrolu eskalace extern\u00edch v\u00fddaj\u016f,<\/li>\n\n\n\n<li>schopnost okam\u017eit\u011b vid\u011bt dopad subdod\u00e1vek na mar\u017ei.<\/li>\n<\/ul>\n\n\n\n<p><\/p>\n\n\n\n<h3 class=\"wp-block-heading\">Pl\u00e1novan\u00e9 v\u00fdnosy<\/h3>\n\n\n\n<p>Pl\u00e1novan\u00e9 v\u00fdnosy p\u0159edstavuj\u00ed rozpo\u010dtovan\u00fd v\u00fdnos projektu podle smlouvy nebo objedn\u00e1vky. Tento budget lze upravovat podle v\u00fdvoje zak\u00e1zky. Jde o v\u00fdnosov\u00fd pl\u00e1n projektu podle smlouvy nebo objedn\u00e1vky \u2014 tedy budget, kter\u00fd m\u00e1 projekt p\u0159in\u00e9st. V p\u0159\u00edpad\u011b slu\u017eeb jde pravideln\u011b opakovanou \u010d\u00e1stku (pau\u0161\u00e1l). Pro podnikov\u00e9 finance je informace pou\u017eita pro <\/p>\n\n\n\n<ul class=\"wp-block-list\">\n<li>nastaven\u00ed aktu\u00e1ln\u00ed fuinan\u010dn\u00edho o\u010dek\u00e1v\u00e1n\u00ed,<\/li>\n\n\n\n<li>mo\u017enost \u0159\u00eddit zm\u011bny v revenue planu,<\/li>\n\n\n\n<li>z\u00e1kladn\u00ed m\u011b\u0159\u00edtko pro porovn\u00e1n\u00ed skute\u010dnosti s pl\u00e1nem.<\/li>\n<\/ul>\n\n\n\n<h3 class=\"wp-block-heading\">V\u00fdnosy z rozpracovan\u00e9 v\u00fdroby<\/h3>\n\n\n\n<p>Pr\u016fb\u011b\u017en\u00e9 v\u00fdnosy vypl\u00fdvaj\u00edc\u00ed z odveden\u00e9, ale dosud nevyfakturovan\u00e9 pr\u00e1ce mezi fakturacemi. V porovn\u00e1n\u00ed s pr\u016fb\u011b\u017en\u011b sledovan\u00fdmi n\u00e1klady umo\u017e\u0148uje analyzovat pr\u016fb\u011b\u017en\u011b mo\u017en\u00fd v\u00fdvoj projektu a dopady jeho pr\u016fb\u011bhu na mar\u017ei. XAVIER tak d\u00e1v\u00e1:<\/p>\n\n\n\n<ul class=\"wp-block-list\">\n<li>p\u0159ehled o skute\u010dn\u011b vytvo\u0159en\u00e9 hodnot\u011b, kter\u00e1 se teprve prom\u011bn\u00ed v re\u00e1ln\u00e9 v\u00fdnosy,<\/li>\n\n\n\n<li>schopnost rychle vyhodnotit, zda rozpracovanost odpov\u00edd\u00e1 pl\u00e1nu,<\/li>\n\n\n\n<li>p\u0159esn\u011bj\u0161\u00ed predikci budouc\u00ed fakturace.<\/li>\n<\/ul>\n\n\n\n<p><\/p>\n\n\n\n<h3 class=\"wp-block-heading\">Skute\u010dn\u00e9 v\u00fdnosy, vydan\u00e9 faktury<\/h3>\n\n\n\n<p>Skute\u010dn\u00e9 v\u00fdnosy zalo\u017een\u00e9 na vystaven\u00fdch faktur\u00e1ch; p\u0159i napojen\u00ed na banku lze sledovat i zaplacen\u00e9 platby.<\/p>\n\n\n\n<p><\/p>\n\n\n\n<div style=\"height:50px\" aria-hidden=\"true\" class=\"wp-block-spacer\"><\/div>\n\n\n\n<h3 class=\"wp-block-heading\"><strong>JAK TO FUNGUJE<\/strong><\/h3>\n\n\n\n<p style=\"font-size:15px\"><mark style=\"background-color:rgba(0, 0, 0, 0)\" class=\"has-inline-color has-vivid-cyan-blue-color\"><strong>XAVIER<\/strong> <\/mark>pr\u016fb\u011b\u017en\u011b sleduje projekty v aplikac\u00edch Jira a Jira Service Management, a to zejm\u00e9na odhady pr\u00e1ce, skute\u010dn\u00e9 v\u00fdkazy, po\u010dty tiket\u016f a jejich stavy. D\u00edky tomu poskytuje aktu\u00e1ln\u00ed obraz o tom, jak se projekt nebo slu\u017eba vyv\u00edj\u00ed.<br>Sou\u010d\u00e1st\u00ed \u0159e\u0161en\u00ed je projektov\u00e1 knihovna s evidenc\u00ed smluv a objedn\u00e1vek, kter\u00e1 umo\u017e\u0148uje p\u0159ipravit strukturu projektu nebo slu\u017eby, v\u010detn\u011b o\u010dek\u00e1van\u00fdch p\u0159\u00edjm\u016f a pracnosti. Xavier tak dok\u00e1\u017ee pracovat nejen s operativn\u00edmi daty z Jiry, ale i s obchodn\u00edmi a smluvn\u00edmi podklady.<br>Na z\u00e1klad\u011b dostupn\u00fdch dat vytv\u00e1\u0159\u00ed predikce n\u00e1klad\u016f a v\u00fdnos\u016f a pr\u016fb\u011b\u017en\u011b je porovn\u00e1v\u00e1 se skute\u010dnost\u00ed. D\u00edky napojen\u00ed na \u00fa\u010detnictv\u00ed a p\u0159\u00edpadn\u011b tak\u00e9 na banku um\u00ed sledovat vystaven\u00e9 faktury i re\u00e1ln\u00e9 p\u0159\u00edjmy, co\u017e poskytuje kompletn\u00ed finan\u010dn\u00ed pohled na zak\u00e1zku.<\/p>\n\n\n\n<p><\/p>\n\n\n\n<p><\/p>\n\n\n\n<hr class=\"wp-block-separator has-css-opacity is-style-wide\"\/>\n\n\n\n<p class=\"has-text-align-center\"><em>Pokud p\u0159em\u00fd\u0161l\u00edte nad t\u00edm, \u017ee Jira je to prav\u00e9 o\u0159echov\u00e9 pro V\u00e1s a Va\u0161i spole\u010dnost, ale cht\u011bli byste toho v\u011bd\u011bt je\u0161t\u011b v\u00edc, <\/em><a href=\"https:\/\/www.coreit.cz\/atlassian\/#kontakt\"><em>napi\u0161te n\u00e1m<\/em><\/a><em> a my V\u00e1s zahrneme v\u0161emi dostupn\u00fdmi informacemi.<\/em><\/p>\n","protected":false},"excerpt":{"rendered":"<p>Xavier je aplikace pro finan\u010dn\u00ed \u0159\u00edzen\u00ed projekt\u016f a slu\u017eeb<\/p>\n","protected":false},"author":1,"featured_media":0,"parent":0,"menu_order":0,"comment_status":"closed","ping_status":"closed","template":"","meta":{"footnotes":""},"class_list":["post-2764","page","type-page","status-publish","hentry"],"yoast_head":"<!-- This site is optimized with the Yoast SEO plugin v27.1.1 - https:\/\/yoast.com\/product\/yoast-seo-wordpress\/ -->\n<title>XAVIER - jak\u00e9 informace sleduje - CoreIT- Atlassian Partner<\/title>\n<meta name=\"description\" content=\"XAVIER je aplikace, kter\u00e1 firm\u00e1m pom\u00e1h\u00e1 l\u00e9pe \u0159\u00eddit rozpo\u010dty a ekonomiku jejich projekt\u016f a slu\u017eeb. Dok\u00e1\u017ee propojit data nejen z Jiry.\" \/>\n<meta name=\"robots\" content=\"index, follow, max-snippet:-1, max-image-preview:large, max-video-preview:-1\" \/>\n<link rel=\"canonical\" href=\"https:\/\/www.coreit.cz\/atlassian\/xavier-projektove-finance-pod-kontrolou-2\/\" \/>\n<meta property=\"og:locale\" content=\"en_US\" \/>\n<meta property=\"og:type\" content=\"article\" \/>\n<meta property=\"og:title\" content=\"XAVIER - jak\u00e9 informace sleduje - CoreIT- Atlassian Partner\" \/>\n<meta property=\"og:description\" content=\"XAVIER je aplikace, kter\u00e1 firm\u00e1m pom\u00e1h\u00e1 l\u00e9pe \u0159\u00eddit rozpo\u010dty a ekonomiku jejich projekt\u016f a slu\u017eeb. Dok\u00e1\u017ee propojit data nejen z Jiry.\" \/>\n<meta property=\"og:url\" content=\"https:\/\/www.coreit.cz\/atlassian\/xavier-projektove-finance-pod-kontrolou-2\/\" \/>\n<meta property=\"og:site_name\" content=\"CoreIT- Atlassian Partner\" \/>\n<meta property=\"article:publisher\" content=\"https:\/\/www.facebook.com\/coreitcz\" \/>\n<meta property=\"article:modified_time\" content=\"2026-03-09T16:44:37+00:00\" \/>\n<meta property=\"og:image\" content=\"https:\/\/www.coreit.cz\/atlassian\/wp-content\/uploads\/2026\/02\/CDR_XAVIER_LOGO_TRANSPARENT_COLOR.png\" \/>\n\t<meta property=\"og:image:width\" content=\"972\" \/>\n\t<meta property=\"og:image:height\" content=\"313\" \/>\n\t<meta property=\"og:image:type\" content=\"image\/png\" \/>\n<meta name=\"twitter:card\" content=\"summary_large_image\" \/>\n<meta name=\"twitter:site\" content=\"@CoreITcz\" \/>\n<meta name=\"twitter:label1\" content=\"Est. reading time\" \/>\n\t<meta name=\"twitter:data1\" content=\"3 minutes\" \/>\n<script type=\"application\/ld+json\" class=\"yoast-schema-graph\">{\"@context\":\"https:\/\/schema.org\",\"@graph\":[{\"@type\":\"WebPage\",\"@id\":\"https:\/\/www.coreit.cz\/atlassian\/xavier-projektove-finance-pod-kontrolou-2\/\",\"url\":\"https:\/\/www.coreit.cz\/atlassian\/xavier-projektove-finance-pod-kontrolou-2\/\",\"name\":\"XAVIER - jak\u00e9 informace sleduje - CoreIT- Atlassian Partner\",\"isPartOf\":{\"@id\":\"https:\/\/www.coreit.cz\/atlassian\/#website\"},\"primaryImageOfPage\":{\"@id\":\"https:\/\/www.coreit.cz\/atlassian\/xavier-projektove-finance-pod-kontrolou-2\/#primaryimage\"},\"image\":{\"@id\":\"https:\/\/www.coreit.cz\/atlassian\/xavier-projektove-finance-pod-kontrolou-2\/#primaryimage\"},\"thumbnailUrl\":\"https:\/\/www.coreit.cz\/atlassian\/wp-content\/uploads\/2026\/02\/CDR_XAVIER_LOGO_TRANSPARENT_COLOR.png\",\"datePublished\":\"2026-03-09T16:38:41+00:00\",\"dateModified\":\"2026-03-09T16:44:37+00:00\",\"description\":\"XAVIER je aplikace, kter\u00e1 firm\u00e1m pom\u00e1h\u00e1 l\u00e9pe \u0159\u00eddit rozpo\u010dty a ekonomiku jejich projekt\u016f a slu\u017eeb. Dok\u00e1\u017ee propojit data nejen z Jiry.\",\"breadcrumb\":{\"@id\":\"https:\/\/www.coreit.cz\/atlassian\/xavier-projektove-finance-pod-kontrolou-2\/#breadcrumb\"},\"inLanguage\":\"en-US\",\"potentialAction\":[{\"@type\":\"ReadAction\",\"target\":[\"https:\/\/www.coreit.cz\/atlassian\/xavier-projektove-finance-pod-kontrolou-2\/\"]}]},{\"@type\":\"ImageObject\",\"inLanguage\":\"en-US\",\"@id\":\"https:\/\/www.coreit.cz\/atlassian\/xavier-projektove-finance-pod-kontrolou-2\/#primaryimage\",\"url\":\"https:\/\/www.coreit.cz\/atlassian\/wp-content\/uploads\/2026\/02\/CDR_XAVIER_LOGO_TRANSPARENT_COLOR.png\",\"contentUrl\":\"https:\/\/www.coreit.cz\/atlassian\/wp-content\/uploads\/2026\/02\/CDR_XAVIER_LOGO_TRANSPARENT_COLOR.png\",\"width\":972,\"height\":313,\"caption\":\"XAVIER projektov\u00e9 finance a controlling\"},{\"@type\":\"BreadcrumbList\",\"@id\":\"https:\/\/www.coreit.cz\/atlassian\/xavier-projektove-finance-pod-kontrolou-2\/#breadcrumb\",\"itemListElement\":[{\"@type\":\"ListItem\",\"position\":1,\"name\":\"Dom\u016f\",\"item\":\"https:\/\/www.coreit.cz\/atlassian\/\"},{\"@type\":\"ListItem\",\"position\":2,\"name\":\"XAVIER &#8211; jak\u00e9 informace sleduje\"}]},{\"@type\":\"WebSite\",\"@id\":\"https:\/\/www.coreit.cz\/atlassian\/#website\",\"url\":\"https:\/\/www.coreit.cz\/atlassian\/\",\"name\":\"CoreIT Atlassian\",\"description\":\"\",\"publisher\":{\"@id\":\"https:\/\/www.coreit.cz\/atlassian\/#organization\"},\"potentialAction\":[{\"@type\":\"SearchAction\",\"target\":{\"@type\":\"EntryPoint\",\"urlTemplate\":\"https:\/\/www.coreit.cz\/atlassian\/?s={search_term_string}\"},\"query-input\":{\"@type\":\"PropertyValueSpecification\",\"valueRequired\":true,\"valueName\":\"search_term_string\"}}],\"inLanguage\":\"en-US\"},{\"@type\":\"Organization\",\"@id\":\"https:\/\/www.coreit.cz\/atlassian\/#organization\",\"name\":\"CoreIT s.r.o.\",\"url\":\"https:\/\/www.coreit.cz\/atlassian\/\",\"logo\":{\"@type\":\"ImageObject\",\"inLanguage\":\"en-US\",\"@id\":\"https:\/\/www.coreit.cz\/atlassian\/#\/schema\/logo\/image\/\",\"url\":\"https:\/\/www.coreit.cz\/atlassian\/wp-content\/uploads\/2019\/06\/CoreIT_core.png\",\"contentUrl\":\"https:\/\/www.coreit.cz\/atlassian\/wp-content\/uploads\/2019\/06\/CoreIT_core.png\",\"width\":1500,\"height\":1500,\"caption\":\"CoreIT s.r.o.\"},\"image\":{\"@id\":\"https:\/\/www.coreit.cz\/atlassian\/#\/schema\/logo\/image\/\"},\"sameAs\":[\"https:\/\/www.facebook.com\/coreitcz\",\"https:\/\/x.com\/CoreITcz\",\"https:\/\/www.instagram.com\/coreit.cz\/\",\"https:\/\/www.linkedin.com\/company\/coreitcz\/\"]}]}<\/script>\n<!-- \/ Yoast SEO plugin. -->","yoast_head_json":{"title":"XAVIER - jak\u00e9 informace sleduje - CoreIT- Atlassian Partner","description":"XAVIER je aplikace, kter\u00e1 firm\u00e1m pom\u00e1h\u00e1 l\u00e9pe \u0159\u00eddit rozpo\u010dty a ekonomiku jejich projekt\u016f a slu\u017eeb. Dok\u00e1\u017ee propojit data nejen z Jiry.","robots":{"index":"index","follow":"follow","max-snippet":"max-snippet:-1","max-image-preview":"max-image-preview:large","max-video-preview":"max-video-preview:-1"},"canonical":"https:\/\/www.coreit.cz\/atlassian\/xavier-projektove-finance-pod-kontrolou-2\/","og_locale":"en_US","og_type":"article","og_title":"XAVIER - jak\u00e9 informace sleduje - CoreIT- Atlassian Partner","og_description":"XAVIER je aplikace, kter\u00e1 firm\u00e1m pom\u00e1h\u00e1 l\u00e9pe \u0159\u00eddit rozpo\u010dty a ekonomiku jejich projekt\u016f a slu\u017eeb. Dok\u00e1\u017ee propojit data nejen z Jiry.","og_url":"https:\/\/www.coreit.cz\/atlassian\/xavier-projektove-finance-pod-kontrolou-2\/","og_site_name":"CoreIT- Atlassian Partner","article_publisher":"https:\/\/www.facebook.com\/coreitcz","article_modified_time":"2026-03-09T16:44:37+00:00","og_image":[{"width":972,"height":313,"url":"https:\/\/www.coreit.cz\/atlassian\/wp-content\/uploads\/2026\/02\/CDR_XAVIER_LOGO_TRANSPARENT_COLOR.png","type":"image\/png"}],"twitter_card":"summary_large_image","twitter_site":"@CoreITcz","twitter_misc":{"Est. reading time":"3 minutes"},"schema":{"@context":"https:\/\/schema.org","@graph":[{"@type":"WebPage","@id":"https:\/\/www.coreit.cz\/atlassian\/xavier-projektove-finance-pod-kontrolou-2\/","url":"https:\/\/www.coreit.cz\/atlassian\/xavier-projektove-finance-pod-kontrolou-2\/","name":"XAVIER - jak\u00e9 informace sleduje - CoreIT- Atlassian Partner","isPartOf":{"@id":"https:\/\/www.coreit.cz\/atlassian\/#website"},"primaryImageOfPage":{"@id":"https:\/\/www.coreit.cz\/atlassian\/xavier-projektove-finance-pod-kontrolou-2\/#primaryimage"},"image":{"@id":"https:\/\/www.coreit.cz\/atlassian\/xavier-projektove-finance-pod-kontrolou-2\/#primaryimage"},"thumbnailUrl":"https:\/\/www.coreit.cz\/atlassian\/wp-content\/uploads\/2026\/02\/CDR_XAVIER_LOGO_TRANSPARENT_COLOR.png","datePublished":"2026-03-09T16:38:41+00:00","dateModified":"2026-03-09T16:44:37+00:00","description":"XAVIER je aplikace, kter\u00e1 firm\u00e1m pom\u00e1h\u00e1 l\u00e9pe \u0159\u00eddit rozpo\u010dty a ekonomiku jejich projekt\u016f a slu\u017eeb. Dok\u00e1\u017ee propojit data nejen z Jiry.","breadcrumb":{"@id":"https:\/\/www.coreit.cz\/atlassian\/xavier-projektove-finance-pod-kontrolou-2\/#breadcrumb"},"inLanguage":"en-US","potentialAction":[{"@type":"ReadAction","target":["https:\/\/www.coreit.cz\/atlassian\/xavier-projektove-finance-pod-kontrolou-2\/"]}]},{"@type":"ImageObject","inLanguage":"en-US","@id":"https:\/\/www.coreit.cz\/atlassian\/xavier-projektove-finance-pod-kontrolou-2\/#primaryimage","url":"https:\/\/www.coreit.cz\/atlassian\/wp-content\/uploads\/2026\/02\/CDR_XAVIER_LOGO_TRANSPARENT_COLOR.png","contentUrl":"https:\/\/www.coreit.cz\/atlassian\/wp-content\/uploads\/2026\/02\/CDR_XAVIER_LOGO_TRANSPARENT_COLOR.png","width":972,"height":313,"caption":"XAVIER projektov\u00e9 finance a controlling"},{"@type":"BreadcrumbList","@id":"https:\/\/www.coreit.cz\/atlassian\/xavier-projektove-finance-pod-kontrolou-2\/#breadcrumb","itemListElement":[{"@type":"ListItem","position":1,"name":"Dom\u016f","item":"https:\/\/www.coreit.cz\/atlassian\/"},{"@type":"ListItem","position":2,"name":"XAVIER &#8211; jak\u00e9 informace sleduje"}]},{"@type":"WebSite","@id":"https:\/\/www.coreit.cz\/atlassian\/#website","url":"https:\/\/www.coreit.cz\/atlassian\/","name":"CoreIT Atlassian","description":"","publisher":{"@id":"https:\/\/www.coreit.cz\/atlassian\/#organization"},"potentialAction":[{"@type":"SearchAction","target":{"@type":"EntryPoint","urlTemplate":"https:\/\/www.coreit.cz\/atlassian\/?s={search_term_string}"},"query-input":{"@type":"PropertyValueSpecification","valueRequired":true,"valueName":"search_term_string"}}],"inLanguage":"en-US"},{"@type":"Organization","@id":"https:\/\/www.coreit.cz\/atlassian\/#organization","name":"CoreIT s.r.o.","url":"https:\/\/www.coreit.cz\/atlassian\/","logo":{"@type":"ImageObject","inLanguage":"en-US","@id":"https:\/\/www.coreit.cz\/atlassian\/#\/schema\/logo\/image\/","url":"https:\/\/www.coreit.cz\/atlassian\/wp-content\/uploads\/2019\/06\/CoreIT_core.png","contentUrl":"https:\/\/www.coreit.cz\/atlassian\/wp-content\/uploads\/2019\/06\/CoreIT_core.png","width":1500,"height":1500,"caption":"CoreIT s.r.o."},"image":{"@id":"https:\/\/www.coreit.cz\/atlassian\/#\/schema\/logo\/image\/"},"sameAs":["https:\/\/www.facebook.com\/coreitcz","https:\/\/x.com\/CoreITcz","https:\/\/www.instagram.com\/coreit.cz\/","https:\/\/www.linkedin.com\/company\/coreitcz\/"]}]}},"_links":{"self":[{"href":"https:\/\/www.coreit.cz\/atlassian\/wp-json\/wp\/v2\/pages\/2764","targetHints":{"allow":["GET"]}}],"collection":[{"href":"https:\/\/www.coreit.cz\/atlassian\/wp-json\/wp\/v2\/pages"}],"about":[{"href":"https:\/\/www.coreit.cz\/atlassian\/wp-json\/wp\/v2\/types\/page"}],"author":[{"embeddable":true,"href":"https:\/\/www.coreit.cz\/atlassian\/wp-json\/wp\/v2\/users\/1"}],"replies":[{"embeddable":true,"href":"https:\/\/www.coreit.cz\/atlassian\/wp-json\/wp\/v2\/comments?post=2764"}],"version-history":[{"count":8,"href":"https:\/\/www.coreit.cz\/atlassian\/wp-json\/wp\/v2\/pages\/2764\/revisions"}],"predecessor-version":[{"id":2791,"href":"https:\/\/www.coreit.cz\/atlassian\/wp-json\/wp\/v2\/pages\/2764\/revisions\/2791"}],"wp:attachment":[{"href":"https:\/\/www.coreit.cz\/atlassian\/wp-json\/wp\/v2\/media?parent=2764"}],"curies":[{"name":"wp","href":"https:\/\/api.w.org\/{rel}","templated":true}]}}